{"id":9641,"date":"2020-12-30T10:09:03","date_gmt":"2020-12-30T09:09:03","guid":{"rendered":"https:\/\/www.lasoci.org\/cultura\/exposiciones\/fotografia\/"},"modified":"2024-12-12T11:06:27","modified_gmt":"2024-12-12T10:06:27","slug":"secciones-deportivas","status":"publish","type":"page","link":"https:\/\/www.lasoci.org\/es\/videoteca\/secciones\/secciones-deportivas\/","title":{"rendered":"Secciones deportivas"},"content":{"rendered":"<div class=\"wpb-content-wrapper\"><section class=\"l-section wpb_row height_medium\"><div class=\"l-section-h i-cf\"><div class=\"g-cols vc_row type_default valign_top\"><div class=\"vc_col-sm-6 wpb_column vc_column_container\"><div class=\"vc_column-inner\"><div class=\"wpb_wrapper\"><div class=\"w-video align_left ratio_16x9\"><div class=\"w-video-h\"><iframe src=\"\/\/www.youtube.com\/embed\/4A2CtaW-h7A?autoplay=0&controls=1&origin=https%3A%2F%2Fwww.lasoci.org\" allowfullscreen=\"1\"><\/iframe><\/div><div class=\"w-video-icon\" style=\"font-size:1.5rem;background:rgba(0,0,0,0.5);color:#fff;\"><\/div><\/div><div class=\"wpb_text_column us_custom_23848393\" ><div class=\"wpb_wrapper\"><p>P\u00c0DEL EMPORD\u00c0<br \/>\n<strong>Partidos de la temporada 2024<\/strong><\/p>\n<\/div><\/div><div class=\"w-video align_left ratio_16x9\"><div class=\"w-video-h\"><iframe src=\"\/\/www.youtube.com\/embed\/HdzWr3AeFWA?autoplay=0&controls=1&origin=https%3A%2F%2Fwww.lasoci.org\" allowfullscreen=\"1\"><\/iframe><\/div><div class=\"w-video-icon\" style=\"font-size:1.5rem;background:rgba(0,0,0,0.5);color:#fff;\"><\/div><\/div><div class=\"wpb_text_column us_custom_23848393\" ><div class=\"wpb_wrapper\"><p>TXIKUNG BARCELONA<br \/>\n<strong>Sesi\u00f3n de la temporada 2024<\/strong><\/p>\n<\/div><\/div><div class=\"w-video align_left ratio_16x9\"><div class=\"w-video-h\"><iframe src=\"\/\/www.youtube.com\/embed\/EJgvYi7YLGk?autoplay=0&controls=1&origin=https%3A%2F%2Fwww.lasoci.org\" allowfullscreen=\"1\"><\/iframe><\/div><div class=\"w-video-icon\" style=\"font-size:1.5rem;background:rgba(0,0,0,0.5);color:#fff;\"><\/div><\/div><div class=\"wpb_text_column us_custom_23848393\" ><div class=\"wpb_wrapper\"><p>SENDERISMO ALICANTE<br \/>\n<strong>Resumen actividades 2022<\/strong><\/p>\n<\/div><\/div><div class=\"w-video align_left ratio_16x9\"><div class=\"w-video-h\"><iframe src=\"\/\/www.youtube.com\/embed\/kLvDPO77iXc?autoplay=0&controls=1&origin=https%3A%2F%2Fwww.lasoci.org\" allowfullscreen=\"1\"><\/iframe><\/div><div class=\"w-video-icon\" style=\"font-size:1.5rem;background:rgba(0,0,0,0.5);color:#fff;\"><\/div><\/div><div class=\"wpb_text_column us_custom_23848393\" ><div class=\"wpb_wrapper\"><p>ACTIVIDADES SUBACU\u00c1TICAS CATALUNYA<br \/>\n<strong>Viaje a las Islas Maldivas 2019<\/strong><\/p>\n<\/div><\/div><div class=\"w-video align_left ratio_16x9\"><div class=\"w-video-h\"><iframe src=\"\/\/www.youtube.com\/embed\/ooSG0xCpf4Y?autoplay=0&controls=1&origin=https%3A%2F%2Fwww.lasoci.org\" allowfullscreen=\"1\"><\/iframe><\/div><div class=\"w-video-icon\" style=\"font-size:1.5rem;background:rgba(0,0,0,0.5);color:#fff;\"><\/div><\/div><div class=\"wpb_text_column us_custom_23848393\" ><div class=\"wpb_wrapper\"><p>ESQU\u00cd ASTURIAS<br \/>\n<strong>Esqu\u00ed Asturias viaja a Baqueira 2019<\/strong><\/p>\n<\/div><\/div><\/div><\/div><\/div><div class=\"vc_col-sm-6 wpb_column vc_column_container\"><div class=\"vc_column-inner\"><div class=\"wpb_wrapper\"><div class=\"w-video align_left ratio_16x9\"><div class=\"w-video-h\"><iframe src=\"\/\/www.youtube.com\/embed\/KJGO-4hU9yg?autoplay=0&controls=1&origin=https%3A%2F%2Fwww.lasoci.org\" allowfullscreen=\"1\"><\/iframe><\/div><div class=\"w-video-icon\" style=\"font-size:1.5rem;background:rgba(0,0,0,0.5);color:#fff;\"><\/div><\/div><div class=\"wpb_text_column us_custom_23848393\" ><div class=\"wpb_wrapper\"><p>ACTIVIDADES SUBACU\u00c1TICAS MADRID<br \/>\n<strong>Cabo de Palos. 23 y 24 de septiembre de 2023<\/strong><\/p>\n<\/div><\/div><div class=\"w-video align_left ratio_16x9\"><div class=\"w-video-h\"><iframe src=\"\/\/www.youtube.com\/embed\/ss9AyxBtU0g?autoplay=0&controls=1&origin=https%3A%2F%2Fwww.lasoci.org\" allowfullscreen=\"1\"><\/iframe><\/div><div class=\"w-video-icon\" style=\"font-size:1.5rem;background:rgba(0,0,0,0.5);color:#fff;\"><\/div><\/div><div class=\"wpb_text_column us_custom_23848393\" ><div class=\"wpb_wrapper\"><p>ACTIVIDADES SUBACU\u00c1TICAS MADRID<br \/>\n<strong>Cabo de Palos<\/strong><\/p>\n<\/div><\/div><div class=\"w-video align_left ratio_16x9\"><div class=\"w-video-h\"><iframe src=\"\/\/www.youtube.com\/embed\/H6OpI0DNAKc?autoplay=0&controls=1&origin=https%3A%2F%2Fwww.lasoci.org\" allowfullscreen=\"1\"><\/iframe><\/div><div class=\"w-video-icon\" style=\"font-size:1.5rem;background:rgba(0,0,0,0.5);color:#fff;\"><\/div><\/div><div class=\"wpb_text_column us_custom_23848393\" ><div class=\"wpb_wrapper\"><p>COPA ASSOCIACI\u00d3<br \/>\n<strong>X Copa Asociaci\u00f3n Baloncesto 2020<\/strong><\/p>\n<\/div><\/div><div class=\"w-video align_left ratio_16x9\"><div class=\"w-video-h\"><iframe src=\"\/\/www.youtube.com\/embed\/DnyfRLi-QDI?autoplay=0&controls=1&origin=https%3A%2F%2Fwww.lasoci.org\" allowfullscreen=\"1\"><\/iframe><\/div><div class=\"w-video-icon\" style=\"font-size:1.5rem;background:rgba(0,0,0,0.5);color:#fff;\"><\/div><\/div><div class=\"wpb_text_column us_custom_23848393\" ><div class=\"wpb_wrapper\"><p>COPA ASSOCIACI\u00d3<br \/>\n<strong>XXI Copa Associaci\u00f3 F\u00fatbol Sala 2019<\/strong><\/p>\n<\/div><\/div><\/div><\/div><\/div><\/div><\/div><\/section>\n<\/div>","protected":false},"excerpt":{"rendered":"P\u00c0DEL EMPORD\u00c0 Partidos de la temporada 2024 TXIKUNG BARCELONA Sesi\u00f3n de la temporada 2024 SENDERISMO ALICANTE Resumen actividades 2022 ACTIVIDADES SUBACU\u00c1TICAS CATALUNYA Viaje a las Islas Maldivas 2019 ESQU\u00cd ASTURIAS Esqu\u00ed Asturias viaja a Baqueira 2019 ACTIVIDADES SUBACU\u00c1TICAS MADRID Cabo de Palos. 23 y 24 de septiembre de 2023 ACTIVIDADES SUBACU\u00c1TICAS MADRID Cabo de Palos...","protected":false},"author":2,"featured_media":0,"parent":9630,"menu_order":1,"comment_status":"closed","ping_status":"closed","template":"","meta":{"footnotes":""},"class_list":["post-9641","page","type-page","status-publish","hentry"],"_links":{"self":[{"href":"https:\/\/www.lasoci.org\/es\/wp-json\/wp\/v2\/pages\/9641","targetHints":{"allow":["GET"]}}],"collection":[{"href":"https:\/\/www.lasoci.org\/es\/wp-json\/wp\/v2\/pages"}],"about":[{"href":"https:\/\/www.lasoci.org\/es\/wp-json\/wp\/v2\/types\/page"}],"author":[{"embeddable":true,"href":"https:\/\/www.lasoci.org\/es\/wp-json\/wp\/v2\/users\/2"}],"replies":[{"embeddable":true,"href":"https:\/\/www.lasoci.org\/es\/wp-json\/wp\/v2\/comments?post=9641"}],"version-history":[{"count":8,"href":"https:\/\/www.lasoci.org\/es\/wp-json\/wp\/v2\/pages\/9641\/revisions"}],"predecessor-version":[{"id":16618,"href":"https:\/\/www.lasoci.org\/es\/wp-json\/wp\/v2\/pages\/9641\/revisions\/16618"}],"up":[{"embeddable":true,"href":"https:\/\/www.lasoci.org\/es\/wp-json\/wp\/v2\/pages\/9630"}],"wp:attachment":[{"href":"https:\/\/www.lasoci.org\/es\/wp-json\/wp\/v2\/media?parent=9641"}],"curies":[{"name":"wp","href":"https:\/\/api.w.org\/{rel}","templated":true}]}}