{"id":9339,"date":"2020-10-07T10:05:49","date_gmt":"2020-10-07T08:05:49","guid":{"rendered":"https:\/\/www.lasoci.org\/aviso-legal\/"},"modified":"2021-06-02T16:23:15","modified_gmt":"2021-06-02T14:23:15","slug":"aviso-legal","status":"publish","type":"page","link":"https:\/\/www.lasoci.org\/es\/aviso-legal\/","title":{"rendered":"Aviso legal"},"content":{"rendered":"<div class=\"wpb-content-wrapper\"><section class=\"l-section wpb_row height_medium\"><div class=\"l-section-h i-cf\"><div class=\"g-cols vc_row type_default valign_top\"><div class=\"vc_col-sm-12 wpb_column vc_column_container\"><div class=\"vc_column-inner\"><div class=\"wpb_wrapper\"><div class=\"wpb_text_column\" ><div class=\"wpb_wrapper\"><p><strong>Identidad del responsable:<\/strong> Associaci\u00f3 del Personal de La Caixa<br \/>\n<strong>Nombre del dominio:<\/strong> lasoci.org<br \/>\n<strong>Nombre comercial:<\/strong> Associaci\u00f3 del Personal de La Caixa<br \/>\n<strong>NIF\/CIF:<\/strong> G08648081<br \/>\n<strong>Direcci\u00f3n:<\/strong> Associaci\u00f3 del Personal de La Caixa. Sardenya, 521-523 &#8211; 08024 Barcelona (Barcelona)<br \/>\n<strong>Correo electr\u00f3nico:<\/strong> info@lasoci.org<br \/>\n<strong>Inscrita en el:<\/strong> Registro Provincial de Asociaciones de la Generalitat de Catalunya, secci\u00f3n 1, n\u00famero 201.<\/p>\n<p>Associaci\u00f3 del Personal de La Caixa asume el compromiso de procesar la informaci\u00f3n de sus usuarios y clientes con plenas garant\u00edas y cumplir con los requisitos nacionales y europeos que regulan la recopilaci\u00f3n y uso de los datos personales de sus usuarios.<br \/>\nEsta web, por tanto, cumple rigurosamente con el Reglamento (UE) 2016\/679 del Parlamento Europeo y del Consejo de 27 de abril de 2016 relativo a la protecci\u00f3n de las personas f\u00edsicas (RGPD), as\u00ed como con la Ley 34\/2002, de 11 de julio, de Servicios de la Sociedad de la Informaci\u00f3n y Comercio Electr\u00f3nico (LSSICE \u00f3 LSSI). Cumple tambi\u00e9n con la Ley Org\u00e1nica 3\/2018 de 5 de diciembre de Protecci\u00f3n de Datos de Car\u00e1cter Personal y Garant\u00eda de Derechos Digitales (LOPDGDD).<\/p>\n<h3>ACCESO I USO DE LA P\u00c1GINA WEB<\/h3>\n<p>ACCESO A LA P\u00c1GINA WEB<\/p>\n<p>Los usuarios pueden acceder de forma gratuita y libre a la p\u00e1gina web. En el caso de productos o servicios que requieran cierto pago, Associaci\u00f3 del Personal de La Caixa informar\u00e1 de las condiciones particulares correspondientes a los usuarios.<\/p>\n<p>En general, el acceso a la informaci\u00f3n y las utilidades de esta p\u00e1gina web no exige registro previo de usuario. No obstante, los usuarios podr\u00e1n solicitar, cumplimentando los formularios correspondientes, la recepci\u00f3n de informaci\u00f3n y publicidad sobre Associaci\u00f3 del Personal de La Caixa (newsletter, por ejemplo).<\/p>\n<p>Los usuarios garantizan que toda la informaci\u00f3n y los datos de car\u00e1cter personal facilitados en los formularios ser\u00e1n propios y ciertos. Los usuarios ser\u00e1n los \u00fanicos responsables de las manifestaciones falsas o inexactas que realicen, y de los perjuicios que el uso de esta informaci\u00f3n pueda ocasionar a Associaci\u00f3 del Personal de La Caixa o a terceros.<\/p>\n<p>De igual modo, los usuarios se comprometen a notificar a Associaci\u00f3 del Personal de La Caixa cualquier cambio que pueda producirse, en relaci\u00f3n con la informaci\u00f3n y los datos personales comunicados.<\/p>\n<p>Associaci\u00f3 del Personal de La Caixa se reserva el derecho a interrumpir el acceso a su p\u00e1gina web, en cualquier momento y sin previo aviso, sea por motivos de seguridad, control, mantenimiento, errores de suministro el\u00e9ctrico o por cualquier otra causa. Esta interrupci\u00f3n podr\u00e1 tener car\u00e1cter temporal o definitivo, en cuyo caso se comunicar\u00e1 esta circunstancia a los usuarios.<\/p>\n<p>Por lo tanto, Associaci\u00f3 del Personal de La Caixa no garantiza la fiabilidad, la disponibilidad ni la continuidad de su p\u00e1gina web, en el caso de presentarse las causas anteriormente citadas, por tanto, en ning\u00fan momento se podr\u00e1n exigir responsabilidades a Associaci\u00f3 del Personal de La Caixa en este sentido.<\/p>\n<p>\u00daS DE LA P\u00c0GINA WEB<\/p>\n<p>La utilizaci\u00f3n de la p\u00e1gina web de Associaci\u00f3 del Personal de La Caixa por cualquier persona le atribuye la condici\u00f3n de usuario, quien acepta que ese uso es bajo su exclusiva responsabilidad.<\/p>\n<p>Los usuarios se comprometen a utilizar la informaci\u00f3n, actividades, productos o servicios que Associaci\u00f3 del Personal de La Caixa pone a su disposici\u00f3n en esta p\u00e1gina web conforme a las presentes condiciones generales y a la legalidad vigente, y, en cualquier caso, se compromete a no utilizarlos para actividades contrarias a las leyes, a la moral o al orden p\u00fablico.<\/p>\n<p>Los Contenidos de la p\u00e1gina web son puestos a disposici\u00f3n de los usuarios por Associaci\u00f3 del Personal de La Caixa como informaci\u00f3n propia o, en su caso, de terceros. De este modo, Associaci\u00f3 del Personal de La Caixa pondr\u00e1 los medios razonables a su disposici\u00f3n para que los Contenidos incluidos a su p\u00e1gina web sean exactos y est\u00e9n actualizados.<\/p>\n<p>En cuanto a los menores de edad que deseen hacer uso de esta p\u00e1gina web deber\u00e1n tener el permiso de sus padres o tutores, que en cualquier caso ser\u00e1n los responsables de sus actos. No obstante, Associaci\u00f3 del Personal de La Caixa garantiza la protecci\u00f3n del menor en cuanto a los Contenidos dirigidos especialmente al p\u00fablico<\/p>\n<h3>Informaci\u00f3n sobre los v\u00ednculos \u201clinks\u201d<\/h3>\n<p>Las p\u00e1ginas de Internet de Associaci\u00f3 del Personal de La Caixa pueden contener enlaces (links) a otras p\u00e1ginas de terceros. Por lo tanto, \u00e9sta no podr\u00e1 asumir responsabilidades por el contenido que pueda aparecer en p\u00e1ginas de terceros. Cualquier acto de transmisi\u00f3n, distribuci\u00f3n, cesi\u00f3n, reproducci\u00f3n, almacenamiento o comunicaci\u00f3n p\u00fablica total o parcial, debe contar con el consentimiento expreso de Associaci\u00f3 del Personal de La Caixa .<\/p>\n<p>En cumplimiento de lo dispuesto en el art. 11 y 16 de la LSSICE, Associaci\u00f3 del Personal de La Caixa se pone a disposici\u00f3n de todos los usuarios, autoridades y fuerzas de seguridad, y colaborando de forma activa en la retirada o, cuando sea necesario, el bloqueo de todos aquellos contenidos que puedan afectar o contravenir la legislaci\u00f3n nacional, o internacional, derechos de terceros o la moral y el orden p\u00fablico. En caso de que el usuario considere que puede existir alg\u00fan contenido que pudiera ser susceptible de esta clasificaci\u00f3n, se ruega lo notifique de forma inmediata al administrador del sitio web.<\/p>\n<h3>Renuncia y limitaci\u00f3n de la responsabilidad<\/h3>\n<p>Los usuarios responder\u00e1n de los da\u00f1os y perjuicios de cualquier naturaleza que Associaci\u00f3 del Personal de La Caixa o terceros puedan sufrir como consecuencia del incumplimiento de cualquiera de las disposiciones estipuladas en este Aviso Legal o en su caso, en las condiciones de venta, pol\u00edtica de privacidad y el resto de condiciones legales que sean de aplicaci\u00f3n.<\/p>\n<p>Associaci\u00f3 del Personal de La Caixa no se responsabiliza de los da\u00f1os y perjuicios producidos en los equipos inform\u00e1ticos de los usuarios o de terceros derivados del acceso a esta p\u00e1gina web, porque este acceso no supone en ning\u00fan caso la obligaci\u00f3n de Associaci\u00f3 del Personal de La Caixa de controlar la ausencia de virus, gusanos o cualquier otro elemento inform\u00e1tico da\u00f1ino.<\/p>\n<p>Associaci\u00f3 del Personal de La Caixa no se responsabiliza de los contenidos y servicios de los enlaces, p\u00e1ginas o sistemas de terceros conectados a esta p\u00e1gina web y, por lo tanto, no se responsabiliza de los da\u00f1os producidos por la ilicitud, calidad, desactualizaci\u00f3n, indisponibilidad, error o inutilidad de los mismos.<\/p>\n<h3>Modificaciones<\/h3>\n<p>Associaci\u00f3 del Personal de La Caixa se reserva el derecho de efectuar sin previo aviso las modificaciones que considere oportunas en su portal, pudiendo cambiar, suprimir o a\u00f1adir tanto los contenidos y servicios que se presten a trav\u00e9s de la misma como la forma en la que \u00e9stos aparezcan presentados o localizados en su portal.<\/p>\n<h3>Informaci\u00f3n relativa a la Propiedad Intelectual e Industrial<\/h3>\n<p>Todos los contenidos de esta p\u00e1gina web, entendiendo como tal, a t\u00edtulo meramente enunciativo los textos, fotograf\u00edas, gr\u00e1ficos, im\u00e1genes, iconos, signos distintivos o logotipos, marcas, nombres comerciales, tecnolog\u00eda, programario, enlaces y dem\u00e1s contenidos audiovisuales o sonoros, as\u00ed como su dise\u00f1o gr\u00e1fico y c\u00f3digos fuente (referidos de forma abreviada como los \u2019Contenidos\u2019), son propiedad intelectual de Associaci\u00f3 del Personal de La Caixa o, en su caso, de terceros, salvo especificaci\u00f3n de lo contrario.<\/p>\n<p>Los usuarios deber\u00e1n respetar en todo momento todos los derechos de propiedad intelectual e industrial sobre esta p\u00e1gina web, de titularidad de Associaci\u00f3 del Personal de La Caixa o de terceros.<\/p>\n<p>Queda expresamente prohibida la reproducci\u00f3n, transformaci\u00f3n, distribuci\u00f3n, comunicaci\u00f3n p\u00fablica, puesta a disposici\u00f3n, extracci\u00f3n, reutilizaci\u00f3n, retransmisi\u00f3n u utilizaci\u00f3n de cualquier naturaleza, por cualquier medio o procedimiento, de cualquiera de estos derechos, excepto en los casos que est\u00e9 legalmente permitido, es decir, autorizado por el titular de los correspondientes derechos. Para la utilizaci\u00f3n autorizada de los Contenidos de esta p\u00e1gina web, con finalidades exclusivamente informativas o pedag\u00f3gicas, los usuarios pueden dirigirse a info@lasoci.org. No obstante, los usuarios podr\u00e1n visualizar y obtener una copia privada temporal de los Contenidos para su exclusivo uso personal y privado en sus sistemas inform\u00e1ticos, siempre que no sea con la finalidad de desarrollar actividades de car\u00e1cter comercial o profesional o con finalidades de distribuci\u00f3n, modificaci\u00f3n, alteraci\u00f3n o descompilaci\u00f3n.<\/p>\n<h3>Protecci\u00f3n de datos personales<\/h3>\n<p>Los datos de car\u00e1cter personal recibidos de los usuarios ser\u00e1n tratados de modo confidencial, cumpliendo adecuadamente y en todo momento las disposiciones contenidas en el RGPD, en la LOPDGDD y en cualquier otra norma vigente o que en el futuro pueda promulgarse sobre la materia.<\/p>\n<p>Associaci\u00f3 del Personal de La Caixa se compromete a tratar los datos de car\u00e1cter personal conforme a las finalidades para las que han sido obtenidos, a no aplicarlos ni utilizarlos con fin distinto y a no comunicarlos, ni siquiera para su conservaci\u00f3n, a otras personas, salvo con el consentimiento previo y expreso de la parte en cuesti\u00f3n. Asimismo, Associaci\u00f3 del Personal de La Caixa se compromete a adoptar y aplicar las medidas t\u00e9cnicas y organizativas apropiadas para garantizar un nivel de seguridad que evite su alteraci\u00f3n, p\u00e9rdida, tratamiento o acceso no autorizado, habida cuenta del estado de la tecnolog\u00eda, la naturaleza de los datos almacenados y los riesgos a que est\u00e9n expuestos, conforme lo previsto en el art\u00edculo 32 del RGPD. Para m\u00e1s informaci\u00f3n, ver nuestra <a href=\"https:\/\/www.lasoci.org\/es\/politica-de-privacidad\/\">Pol\u00edtica de Privacidad<\/a>.<\/p>\n<h3>Legislaci\u00f3n aplicable y jurisdicci\u00f3n<\/h3>\n<p>El present Av\u00eds Legal queda subjecte a la vigent legislaci\u00f3 espanyola. Per a la resoluci\u00f3 de qualsevol conflicte o litigi que pogu\u00e9s derivar-se de l\u2019acc\u00e9s a aquesta p\u00e0gina web, els usuaris i la Associaci\u00f3 del Personal de La Caixa es comprometen a sotmetre als jutjats que resultin competents.<\/p>\n<\/div><\/div><\/div><\/div><\/div><\/div><\/div><\/section>\n<\/div>","protected":false},"excerpt":{"rendered":"Identidad del responsable: Associaci\u00f3 del Personal de La Caixa Nombre del dominio: lasoci.org Nombre comercial: Associaci\u00f3 del Personal de La Caixa NIF\/CIF: G08648081 Direcci\u00f3n: Associaci\u00f3 del Personal de La Caixa. Sardenya, 521-523 &#8211; 08024 Barcelona (Barcelona) Correo electr\u00f3nico: info@lasoci.org Inscrita en el: Registro Provincial de Asociaciones de la Generalitat de Catalunya, secci\u00f3n 1, n\u00famero 201....","protected":false},"author":2,"featured_media":0,"parent":0,"menu_order":200,"comment_status":"closed","ping_status":"closed","template":"","meta":{"footnotes":""},"class_list":["post-9339","page","type-page","status-publish","hentry"],"_links":{"self":[{"href":"https:\/\/www.lasoci.org\/es\/wp-json\/wp\/v2\/pages\/9339","targetHints":{"allow":["GET"]}}],"collection":[{"href":"https:\/\/www.lasoci.org\/es\/wp-json\/wp\/v2\/pages"}],"about":[{"href":"https:\/\/www.lasoci.org\/es\/wp-json\/wp\/v2\/types\/page"}],"author":[{"embeddable":true,"href":"https:\/\/www.lasoci.org\/es\/wp-json\/wp\/v2\/users\/2"}],"replies":[{"embeddable":true,"href":"https:\/\/www.lasoci.org\/es\/wp-json\/wp\/v2\/comments?post=9339"}],"version-history":[{"count":2,"href":"https:\/\/www.lasoci.org\/es\/wp-json\/wp\/v2\/pages\/9339\/revisions"}],"predecessor-version":[{"id":10463,"href":"https:\/\/www.lasoci.org\/es\/wp-json\/wp\/v2\/pages\/9339\/revisions\/10463"}],"wp:attachment":[{"href":"https:\/\/www.lasoci.org\/es\/wp-json\/wp\/v2\/media?parent=9339"}],"curies":[{"name":"wp","href":"https:\/\/api.w.org\/{rel}","templated":true}]}}