{"id":8964,"date":"2020-05-27T17:17:50","date_gmt":"2020-05-27T15:17:50","guid":{"rendered":"https:\/\/www.lasoci.org\/campus-de-verano-en-casa\/"},"modified":"2021-05-06T12:45:54","modified_gmt":"2021-05-06T10:45:54","slug":"campusverano","status":"publish","type":"page","link":"https:\/\/www.lasoci.org\/es\/campusverano\/","title":{"rendered":"Campus de verano en casa"},"content":{"rendered":"<div class=\"wpb-content-wrapper\"><section class=\"l-section wpb_row us_custom_edbc127a height_medium\"><div class=\"l-section-h i-cf\"><div class=\"g-cols vc_row type_default valign_top\"><div class=\"vc_col-sm-12 wpb_column vc_column_container\"><div class=\"vc_column-inner\"><div class=\"wpb_wrapper\"><div class=\"w-image align_center\"><a href=\"https:\/\/www.lasoci.org\/es\/que-hacemos\/actividades-sociales-y-talleres-online\/\" aria-label=\"Enlace\" class=\"w-image-h\"><img loading=\"lazy\" decoding=\"async\" width=\"800\" height=\"219\" src=\"https:\/\/www.lasoci.org\/wp-content\/uploads\/2021\/05\/logo_campus2021_ES-800x219.png\" class=\"attachment-us_800_800 size-us_800_800\" alt=\"\" srcset=\"https:\/\/www.lasoci.org\/wp-content\/uploads\/2021\/05\/logo_campus2021_ES-800x219.png 800w, https:\/\/www.lasoci.org\/wp-content\/uploads\/2021\/05\/logo_campus2021_ES-300x82.png 300w, https:\/\/www.lasoci.org\/wp-content\/uploads\/2021\/05\/logo_campus2021_ES-1024x281.png 1024w, https:\/\/www.lasoci.org\/wp-content\/uploads\/2021\/05\/logo_campus2021_ES-150x41.png 150w, https:\/\/www.lasoci.org\/wp-content\/uploads\/2021\/05\/logo_campus2021_ES.png 1500w\" sizes=\"auto, (max-width: 800px) 100vw, 800px\" \/><\/a><\/div><div class=\"w-separator size_small\"><\/div><div class=\"wpb_text_column\" ><div class=\"wpb_wrapper\"><h4 style=\"text-align: center;\">Campus de verano en casa para ni\u00f1os y ni\u00f1as de 8 a 16 a\u00f1os.<br \/>\n\u00a1Seguridad, guiados por un <strong>monitor<\/strong>, retos y diversi\u00f3n!<\/h4>\n<\/div><\/div><div class=\"w-separator size_small\"><\/div><div class=\"wpb_text_column us_custom_4ccdd9aa has_text_color\" ><div class=\"wpb_wrapper\"><p style=\"text-align: center;\">Los ni\u00f1os y ni\u00f1as que participen, deben estar inscritos en la Soci como familiares beneficiarios.<br \/>\nSi no eres asociado o asociada, ser\u00e1 necesario que te des de alta e inscribas tambi\u00e9n a tus ni\u00f1os y ni\u00f1as como familiares beneficiarios.<br \/>\nRecuerda que la cuota por ser de la Soci es gratuita hasta los 17 a\u00f1os.<\/p>\n<\/div><\/div><div class=\"w-separator size_small\"><\/div><div class=\"wpb_text_column\" ><div class=\"wpb_wrapper\"><p style=\"text-align: center;\">Vuelven los Campus en casa de la Soci. Esta vez, centrados en la sostenibilidad y los Objetivos de Desarrollo Sostenible (ODS).<br \/>\n<strong>Dos campus: STEAM y Cocina<\/strong><\/p>\n<\/div><\/div><\/div><\/div><\/div><\/div><\/div><\/section><section class=\"l-section wpb_row us_custom_fdcab3db height_medium\"><div class=\"l-section-h i-cf\"><div class=\"g-cols vc_row type_default valign_top\"><div class=\"vc_col-sm-4 wpb_column vc_column_container\"><div class=\"vc_column-inner\"><div class=\"wpb_wrapper\"><div class=\"w-iconbox iconpos_top style_default color_primary align_center no_title no_text\"><div class=\"w-iconbox-icon\" style=\"font-size:4rem;\"><i class=\"fas fa-calendar\"><\/i><\/div><div class=\"w-iconbox-meta\"><\/div><\/div><div class=\"w-separator size_small\"><\/div><div class=\"wpb_text_column\" ><div class=\"wpb_wrapper\"><p style=\"text-align: center;\">Por semanas, del 28 de junio al 30 de julio.<\/p>\n<\/div><\/div><\/div><\/div><\/div><div class=\"vc_col-sm-4 wpb_column vc_column_container\"><div class=\"vc_column-inner\"><div class=\"wpb_wrapper\"><div class=\"w-iconbox iconpos_top style_default color_primary align_center no_title no_text\"><div class=\"w-iconbox-icon\" style=\"font-size:4rem;\"><i class=\"fas fa-clock\"><\/i><\/div><div class=\"w-iconbox-meta\"><\/div><\/div><div class=\"w-separator size_small\"><\/div><div class=\"wpb_text_column\" ><div class=\"wpb_wrapper\"><p style=\"text-align: center;\">De 10 a 13 h <strong>de lunes a viernes<\/strong><br \/>\no<br \/>\nde 15.30 a 18.30 h <strong>de lunes a jueves<\/strong><\/p>\n<\/div><\/div><\/div><\/div><\/div><div class=\"vc_col-sm-4 wpb_column vc_column_container\"><div class=\"vc_column-inner\"><div class=\"wpb_wrapper\"><div class=\"w-iconbox iconpos_top style_default color_primary align_center no_title no_text\"><div class=\"w-iconbox-icon\" style=\"font-size:4rem;\"><i class=\"fas fa-child\"><\/i><\/div><div class=\"w-iconbox-meta\"><\/div><\/div><div class=\"w-separator size_small\"><\/div><div class=\"wpb_text_column\" ><div class=\"wpb_wrapper\"><p style=\"text-align: center;\">De primaria a ESO<\/p>\n<\/div><\/div><\/div><\/div><\/div><\/div><\/div><\/section><section class=\"l-section wpb_row us_custom_8535c5f4 height_medium\"><div class=\"l-section-h i-cf\"><div class=\"g-cols vc_row type_default valign_top\"><div class=\"vc_col-sm-12 wpb_column vc_column_container\"><div class=\"vc_column-inner\"><div class=\"wpb_wrapper\"><div class=\"wpb_text_column\" ><div class=\"wpb_wrapper\"><p><strong>\u00bfC\u00f3mo funciona?<\/strong><br \/>\n\u00b7 Mediante un enlace seguro a la plataforma, necesitar\u00e1s un ordenador (en el caso de STEAM) o un tel\u00e9fono, tableta u ordenador (en caso de cocina).<br \/>\n\u00b7 Unos d\u00edas antes, recibir\u00e1s un correo electr\u00f3nico con el listado del material que podr\u00edas necesitar.<br \/>\n\u00b7 Con contenidos diferentes cada semana, para que puedas variar de una propuesta a la otra, te ofrecemos:<\/p>\n<\/div><\/div><\/div><\/div><\/div><\/div><\/div><\/section><section class=\"l-section wpb_row us_custom_65c81572 height_medium\"><div class=\"l-section-h i-cf\"><div class=\"g-cols vc_row type_default valign_top\"><div class=\"vc_col-sm-6 wpb_column vc_column_container\"><div class=\"vc_column-inner\"><div class=\"wpb_wrapper\"><div class=\"w-image align_none\"><div class=\"w-image-h\"><img loading=\"lazy\" decoding=\"async\" width=\"500\" height=\"188\" src=\"https:\/\/www.lasoci.org\/wp-content\/uploads\/2020\/05\/baner_steam.png\" class=\"attachment-large size-large\" alt=\"\" srcset=\"https:\/\/www.lasoci.org\/wp-content\/uploads\/2020\/05\/baner_steam.png 500w, https:\/\/www.lasoci.org\/wp-content\/uploads\/2020\/05\/baner_steam-300x113.png 300w\" sizes=\"auto, (max-width: 500px) 100vw, 500px\" \/><\/div><\/div><div class=\"w-separator size_small\"><\/div><div class=\"wpb_text_column\" ><div class=\"wpb_wrapper\"><p>De 8 a 16 a\u00f1os.<\/p>\n<p>Aprendizaje basado en 4 disciplinas espec\u00edficas (ciencia, tecnolog\u00eda, ingenier\u00eda y matem\u00e1ticas) que, de manera pr\u00e1ctica y divertida, act\u00faan como nexo de uni\u00f3n para lograr aprender un objetivo determinado.<\/p>\n<p>Teniendo como objetivo pedag\u00f3gico el aprendizaje de la programaci\u00f3n y el dise\u00f1o 3D en un entorno de videojuego, este a\u00f1o, trabajaremos una narrativa global de objetivos ODS, poniendo \u00e9nfasis en el n\u00famero 3: Salud y Bienestar.<\/p>\n<\/div><\/div><div class=\"w-separator size_small\"><\/div><div class=\"w-image align_none\"><div class=\"w-image-h\"><img loading=\"lazy\" decoding=\"async\" width=\"500\" height=\"334\" src=\"https:\/\/www.lasoci.org\/wp-content\/uploads\/2020\/05\/steam1.png\" class=\"attachment-large size-large\" alt=\"\" srcset=\"https:\/\/www.lasoci.org\/wp-content\/uploads\/2020\/05\/steam1.png 500w, https:\/\/www.lasoci.org\/wp-content\/uploads\/2020\/05\/steam1-300x200.png 300w\" sizes=\"auto, (max-width: 500px) 100vw, 500px\" \/><\/div><\/div><div class=\"w-separator size_small\"><\/div><div class=\"wpb_text_column\" ><div class=\"wpb_wrapper\"><h5>Por grupos de edad<\/h5>\n<ul>\n<li>8-9 a\u00f1os (3\u00ba-4\u00ba Primaria)<\/li>\n<li>10-11 a\u00f1os (5\u00ba-6\u00ba Primaria)<\/li>\n<li>12-16 a\u00f1os (Secundaria).<\/li>\n<\/ul>\n<\/div><\/div><div class=\"w-separator size_small\"><\/div><div class=\"w-image align_none\"><div class=\"w-image-h\"><img loading=\"lazy\" decoding=\"async\" width=\"500\" height=\"352\" src=\"https:\/\/www.lasoci.org\/wp-content\/uploads\/2020\/05\/steam2.png\" class=\"attachment-large size-large\" alt=\"\" srcset=\"https:\/\/www.lasoci.org\/wp-content\/uploads\/2020\/05\/steam2.png 500w, https:\/\/www.lasoci.org\/wp-content\/uploads\/2020\/05\/steam2-300x211.png 300w\" sizes=\"auto, (max-width: 500px) 100vw, 500px\" \/><\/div><\/div><\/div><\/div><\/div><div class=\"vc_col-sm-6 wpb_column vc_column_container\"><div class=\"vc_column-inner\"><div class=\"wpb_wrapper\"><div class=\"w-image align_none\"><div class=\"w-image-h\"><img loading=\"lazy\" decoding=\"async\" width=\"500\" height=\"188\" src=\"https:\/\/www.lasoci.org\/wp-content\/uploads\/2020\/05\/baner_cuina_ES.png\" class=\"attachment-large size-large\" alt=\"\" srcset=\"https:\/\/www.lasoci.org\/wp-content\/uploads\/2020\/05\/baner_cuina_ES.png 500w, https:\/\/www.lasoci.org\/wp-content\/uploads\/2020\/05\/baner_cuina_ES-300x113.png 300w\" sizes=\"auto, (max-width: 500px) 100vw, 500px\" \/><\/div><\/div><div class=\"w-separator size_small\"><\/div><div class=\"wpb_text_column\" ><div class=\"wpb_wrapper\"><p>De 8 a 12 a\u00f1os.<\/p>\n<p>Con recetas seguras, sin fuego ni horno, aprender\u00e1n a hacer comidas que ayudan a conseguir una vida sana: el punto n\u00famero 3 de los 17 existentes en los objetivos ODS. Porque la alimentaci\u00f3n es parte fundamental para conseguir este bienestar.<\/p>\n<\/div><\/div><div class=\"w-separator size_small\"><\/div><div class=\"w-separator size_small\"><\/div><div class=\"w-separator size_small\"><\/div><div class=\"w-separator size_small\"><\/div><div class=\"w-image align_none\"><div class=\"w-image-h\"><img loading=\"lazy\" decoding=\"async\" width=\"500\" height=\"333\" src=\"https:\/\/www.lasoci.org\/wp-content\/uploads\/2020\/05\/cuina1.png\" class=\"attachment-large size-large\" alt=\"\" srcset=\"https:\/\/www.lasoci.org\/wp-content\/uploads\/2020\/05\/cuina1.png 500w, https:\/\/www.lasoci.org\/wp-content\/uploads\/2020\/05\/cuina1-300x200.png 300w\" sizes=\"auto, (max-width: 500px) 100vw, 500px\" \/><\/div><\/div><div class=\"w-separator size_small\"><\/div><div class=\"wpb_text_column\" ><div class=\"wpb_wrapper\"><h5>Por grupos de edad<\/h5>\n<ul>\n<li>8-12 a\u00f1os<\/li>\n<\/ul>\n<\/div><\/div><div class=\"w-separator size_small\"><\/div><div class=\"w-separator size_small\"><\/div><div class=\"w-separator size_small\"><\/div><div class=\"w-separator size_small\"><\/div><div class=\"w-image align_none\"><div class=\"w-image-h\"><img loading=\"lazy\" decoding=\"async\" width=\"500\" height=\"333\" src=\"https:\/\/www.lasoci.org\/wp-content\/uploads\/2020\/05\/cuina2.png\" class=\"attachment-large size-large\" alt=\"\" srcset=\"https:\/\/www.lasoci.org\/wp-content\/uploads\/2020\/05\/cuina2.png 500w, https:\/\/www.lasoci.org\/wp-content\/uploads\/2020\/05\/cuina2-300x200.png 300w\" sizes=\"auto, (max-width: 500px) 100vw, 500px\" \/><\/div><\/div><\/div><\/div><\/div><\/div><\/div><\/section><section class=\"l-section wpb_row us_custom_5cd26a65 height_medium\"><div class=\"l-section-h i-cf\"><div class=\"g-cols vc_row type_default valign_top\"><div class=\"vc_col-sm-12 wpb_column vc_column_container\"><div class=\"vc_column-inner\"><div class=\"wpb_wrapper\"><div class=\"wpb_text_column\" ><div class=\"wpb_wrapper\"><h5 style=\"text-align: center;\"><strong>Ventajas<\/strong><\/h5>\n<p style=\"text-align: center;\">SEGURIDAD: los ni\u00f1os, ni\u00f1as y j\u00f3venes est\u00e1n en casa.<br \/>\nTRANQUILIDAD: lo pasan bien, mientras t\u00fa puedes trabajar sin interferencias.<br \/>\nACOMPA\u00d1AMIENTO: un monitor estar\u00e1 con ellos durante las sesiones.<br \/>\nINTERACCI\u00d3N: relaci\u00f3n con el resto del grupo.<br \/>\nCRECIMIENTO: fomentaremos la autonom\u00eda y responsabilidad.<br \/>\nEDUCACI\u00d3N: alto componente educativo, centrado en el desarrollo de habilidades con actividades orientadas a la resoluci\u00f3n de retos.<br \/>\nVALORACIONES en anteriores ediciones: disfrutar, 9,1; monitores: 9,2; conciliaci\u00f3n, 8,9.<\/p>\n<\/div><\/div><div class=\"w-separator size_medium\"><\/div><div class=\"wpb_text_column\" ><div class=\"wpb_wrapper\"><h5 style=\"text-align: center;\">Precio: 15 \u20ac por semana y ni\u00f1o\/a inscrito en la Soci como familiar beneficiario<\/h5>\n<p style=\"text-align: center;\">*Aportaci\u00f3n de la Soci: 110 \u20ac por semana y ni\u00f1o\/a.<\/p>\n<\/div><\/div><div class=\"w-separator size_medium\"><\/div><div class=\"w-btn-wrapper width_auto align_center\"><a class=\"w-btn us-btn-style_1\" href=\"https:\/\/www.lasoci.org\/es\/que-hacemos\/actividades-sociales-y-talleres-online\/\"><span class=\"w-btn-label\">INSCRIPCIONES<\/span><\/a><\/div><div class=\"wpb_text_column\" ><div class=\"wpb_wrapper\"><p style=\"text-align: center;\">Contacto: <a href=\"mailto:activitats@lasoci.org\">activitats@lasoci.org<\/a><\/p>\n<\/div><\/div><div class=\"wpb_text_column\" ><div class=\"wpb_wrapper\"><p style=\"text-align: center;\"><strong>Tienes tiempo para apuntarte hasta el 15 de junio.<\/strong><br \/>\nLas plazas son limitadas y la asignaci\u00f3n es por estricto ordren de inscripci\u00f3n.<\/p>\n<\/div><\/div><\/div><\/div><\/div><\/div><\/div><\/section>\n<\/div>","protected":false},"excerpt":{"rendered":"Campus de verano en casa para ni\u00f1os y ni\u00f1as de 8 a 16 a\u00f1os. \u00a1Seguridad, guiados por un monitor, retos y diversi\u00f3n! Los ni\u00f1os y ni\u00f1as que participen, deben estar inscritos en la Soci como familiares beneficiarios. Si no eres asociado o asociada, ser\u00e1 necesario que te des de alta e inscribas tambi\u00e9n a tus...","protected":false},"author":3,"featured_media":0,"parent":0,"menu_order":0,"comment_status":"closed","ping_status":"closed","template":"","meta":{"footnotes":""},"class_list":["post-8964","page","type-page","status-publish","hentry"],"_links":{"self":[{"href":"https:\/\/www.lasoci.org\/es\/wp-json\/wp\/v2\/pages\/8964","targetHints":{"allow":["GET"]}}],"collection":[{"href":"https:\/\/www.lasoci.org\/es\/wp-json\/wp\/v2\/pages"}],"about":[{"href":"https:\/\/www.lasoci.org\/es\/wp-json\/wp\/v2\/types\/page"}],"author":[{"embeddable":true,"href":"https:\/\/www.lasoci.org\/es\/wp-json\/wp\/v2\/users\/3"}],"replies":[{"embeddable":true,"href":"https:\/\/www.lasoci.org\/es\/wp-json\/wp\/v2\/comments?post=8964"}],"version-history":[{"count":19,"href":"https:\/\/www.lasoci.org\/es\/wp-json\/wp\/v2\/pages\/8964\/revisions"}],"predecessor-version":[{"id":10367,"href":"https:\/\/www.lasoci.org\/es\/wp-json\/wp\/v2\/pages\/8964\/revisions\/10367"}],"wp:attachment":[{"href":"https:\/\/www.lasoci.org\/es\/wp-json\/wp\/v2\/media?parent=8964"}],"curies":[{"name":"wp","href":"https:\/\/api.w.org\/{rel}","templated":true}]}}