{"id":8509,"date":"2020-04-09T12:13:39","date_gmt":"2020-04-09T10:13:39","guid":{"rendered":"https:\/\/www.lasoci.org\/programa-de-apoyo-psicologico\/"},"modified":"2020-05-29T09:29:33","modified_gmt":"2020-05-29T07:29:33","slug":"programa-de-apoyo-psicologico","status":"publish","type":"page","link":"https:\/\/www.lasoci.org\/es\/programa-de-apoyo-psicologico\/","title":{"rendered":"Programa de apoyo psicol\u00f3gico"},"content":{"rendered":"<div class=\"wpb-content-wrapper\"><section class=\"l-section wpb_row height_medium\"><div class=\"l-section-h i-cf\"><div class=\"g-cols vc_row type_default valign_top\"><div class=\"vc_col-sm-12 wpb_column vc_column_container\"><div class=\"vc_column-inner\"><div class=\"wpb_wrapper\"><div class=\"wpb_text_column\" ><div class=\"wpb_wrapper\"><p>La Soci pone a tu disposici\u00f3n un programa de apoyo psicol\u00f3gico, para tratar diferentes aspectos relacionados con la situaci\u00f3n que estamos viviendo: las relaciones en casa, c\u00f3mo responder algunas preguntas de nuestros hijos, vivirlo en soledad\u2026<\/p>\n<p>Adem\u00e1s, si est\u00e1s pasando un mal momento y necesitas compartir tu soledad, angustia, miedo o dolor, la Soci te facilita un servicio de orientaci\u00f3n psicol\u00f3gica an\u00f3nimo y gratuito: llama al 919992459 tantas veces como necessites. El horario de atenci\u00f3n telef\u00f3nica es de lunes a viernes de 9.00 a 19.00 h (excepto festivos de \u00e1mbito nacional). Ante urgencias, podr\u00e1s llamar al servicio 24 horas, 365 d\u00edas\/a\u00f1o.<\/p>\n<\/div><\/div><\/div><\/div><\/div><\/div><\/div><\/section><section class=\"l-section wpb_row us_custom_d30a68ba height_medium\"><div class=\"l-section-h i-cf\"><div class=\"g-cols vc_row type_default valign_top\"><div class=\"vc_col-sm-6 wpb_column vc_column_container\"><div class=\"vc_column-inner\"><div class=\"wpb_wrapper\"><div class=\"wpb_text_column\" ><div class=\"wpb_wrapper\"><h6>Introducci\u00f3n<\/h6>\n<p style=\"color: white;\"><a href=\"https:\/\/youtu.be\/j8ETRY2fONA\" target=\"_blank\" rel=\"noopener noreferrer\"><img loading=\"lazy\" decoding=\"async\" class=\"alignnone wp-image-8495 \" src=\"https:\/\/www.lasoci.org\/wp-content\/uploads\/2020\/04\/video-intro-300x169.png\" alt=\"\" width=\"428\" height=\"241\" srcset=\"https:\/\/www.lasoci.org\/wp-content\/uploads\/2020\/04\/video-intro-300x169.png 300w, https:\/\/www.lasoci.org\/wp-content\/uploads\/2020\/04\/video-intro-1024x575.png 1024w, https:\/\/www.lasoci.org\/wp-content\/uploads\/2020\/04\/video-intro-150x84.png 150w, https:\/\/www.lasoci.org\/wp-content\/uploads\/2020\/04\/video-intro-800x450.png 800w, https:\/\/www.lasoci.org\/wp-content\/uploads\/2020\/04\/video-intro.png 1260w\" sizes=\"auto, (max-width: 428px) 100vw, 428px\" \/><\/a>.<br \/>\n.<\/p>\n<\/div><\/div><\/div><\/div><\/div><div class=\"vc_col-sm-6 wpb_column vc_column_container\"><div class=\"vc_column-inner\"><div class=\"wpb_wrapper\"><div class=\"wpb_text_column\" ><div class=\"wpb_wrapper\"><h6>Confinamiento adultos y mayores<\/h6>\n<p><a href=\"https:\/\/youtu.be\/KKU50txiY8c\" target=\"_blank\" rel=\"noopener noreferrer\"><img loading=\"lazy\" decoding=\"async\" class=\"alignnone wp-image-8528\" src=\"https:\/\/www.lasoci.org\/wp-content\/uploads\/2020\/04\/video1-300x169.png\" alt=\"\" width=\"428\" height=\"241\" srcset=\"https:\/\/www.lasoci.org\/wp-content\/uploads\/2020\/04\/video1-300x169.png 300w, https:\/\/www.lasoci.org\/wp-content\/uploads\/2020\/04\/video1-1024x575.png 1024w, https:\/\/www.lasoci.org\/wp-content\/uploads\/2020\/04\/video1-150x84.png 150w, https:\/\/www.lasoci.org\/wp-content\/uploads\/2020\/04\/video1-800x450.png 800w, https:\/\/www.lasoci.org\/wp-content\/uploads\/2020\/04\/video1.png 1260w\" sizes=\"auto, (max-width: 428px) 100vw, 428px\" \/><\/a><br \/>\n<a href=\"https:\/\/admin.lasoci.org\/imatges\/Confinamiento_adultos_y_mayores.pdf\" target=\"_blank\" rel=\"noopener noreferrer\">Documento resumen (pdf)<\/a><\/p>\n<\/div><\/div><\/div><\/div><\/div><\/div><\/div><\/section><section class=\"l-section wpb_row us_custom_d30a68ba height_medium\"><div class=\"l-section-h i-cf\"><div class=\"g-cols vc_row type_default valign_top\"><div class=\"vc_col-sm-6 wpb_column vc_column_container\"><div class=\"vc_column-inner\"><div class=\"wpb_wrapper\"><div class=\"wpb_text_column\" ><div class=\"wpb_wrapper\"><h6>C\u00f3mo hablar a los ni\u00f1os en confinamiento<\/h6>\n<p><a href=\"https:\/\/youtu.be\/MlDQrP3-NyA\" target=\"_blank\" rel=\"noopener noreferrer\"><img loading=\"lazy\" decoding=\"async\" class=\"alignnone wp-image-8547\" src=\"https:\/\/www.lasoci.org\/wp-content\/uploads\/2020\/04\/video2-300x169.png\" alt=\"\" width=\"428\" height=\"241\" srcset=\"https:\/\/www.lasoci.org\/wp-content\/uploads\/2020\/04\/video2-300x169.png 300w, https:\/\/www.lasoci.org\/wp-content\/uploads\/2020\/04\/video2-1024x575.png 1024w, https:\/\/www.lasoci.org\/wp-content\/uploads\/2020\/04\/video2-150x84.png 150w, https:\/\/www.lasoci.org\/wp-content\/uploads\/2020\/04\/video2-800x450.png 800w, https:\/\/www.lasoci.org\/wp-content\/uploads\/2020\/04\/video2.png 1260w\" sizes=\"auto, (max-width: 428px) 100vw, 428px\" \/><\/a><br \/>\n<a href=\"https:\/\/admin.lasoci.org\/imatges\/Como_hablar_a_los_nin771os_en_confinamiento.pdf\" target=\"_blank\" rel=\"noopener noreferrer\">Documento resumen (pdf)<\/a><\/p>\n<\/div><\/div><\/div><\/div><\/div><div class=\"vc_col-sm-6 wpb_column vc_column_container\"><div class=\"vc_column-inner\"><div class=\"wpb_wrapper\"><div class=\"wpb_text_column\" ><div class=\"wpb_wrapper\"><h6>Adolescentes en confinamiento<\/h6>\n<p><a href=\"https:\/\/youtu.be\/xGH22D1lcUg\" target=\"_blank\" rel=\"noopener noreferrer\"><img loading=\"lazy\" decoding=\"async\" class=\"alignnone wp-image-8571\" src=\"https:\/\/www.lasoci.org\/wp-content\/uploads\/2020\/04\/video3-300x169.png\" alt=\"\" width=\"428\" height=\"241\" srcset=\"https:\/\/www.lasoci.org\/wp-content\/uploads\/2020\/04\/video3-300x169.png 300w, https:\/\/www.lasoci.org\/wp-content\/uploads\/2020\/04\/video3-1024x575.png 1024w, https:\/\/www.lasoci.org\/wp-content\/uploads\/2020\/04\/video3-150x84.png 150w, https:\/\/www.lasoci.org\/wp-content\/uploads\/2020\/04\/video3-800x450.png 800w, https:\/\/www.lasoci.org\/wp-content\/uploads\/2020\/04\/video3.png 1260w\" sizes=\"auto, (max-width: 428px) 100vw, 428px\" \/><\/a><br \/>\n<a href=\"https:\/\/admin.lasoci.org\/imatges\/Adolescentes_en_confinamiento.pdf\" target=\"_blank\" rel=\"noopener noreferrer\">Documento resumen (pdf)<\/a><\/p>\n<\/div><\/div><\/div><\/div><\/div><\/div><\/div><\/section><section class=\"l-section wpb_row us_custom_d30a68ba height_medium\"><div class=\"l-section-h i-cf\"><div class=\"g-cols vc_row type_default valign_top\"><div class=\"vc_col-sm-6 wpb_column vc_column_container\"><div class=\"vc_column-inner\"><div class=\"wpb_wrapper\"><div class=\"wpb_text_column\" ><div class=\"wpb_wrapper\"><h6>C\u00f3mo gestionar la p\u00e9rdida<\/h6>\n<p><a href=\"https:\/\/youtu.be\/GLXmdfeXNJg\" target=\"_blank\" rel=\"noopener noreferrer\"><img loading=\"lazy\" decoding=\"async\" class=\"alignnone wp-image-8650\" src=\"https:\/\/www.lasoci.org\/wp-content\/uploads\/2020\/04\/video51-300x169.png\" alt=\"\" width=\"430\" height=\"242\" srcset=\"https:\/\/www.lasoci.org\/wp-content\/uploads\/2020\/04\/video51-300x169.png 300w, https:\/\/www.lasoci.org\/wp-content\/uploads\/2020\/04\/video51-1024x575.png 1024w, https:\/\/www.lasoci.org\/wp-content\/uploads\/2020\/04\/video51-150x84.png 150w, https:\/\/www.lasoci.org\/wp-content\/uploads\/2020\/04\/video51-800x450.png 800w, https:\/\/www.lasoci.org\/wp-content\/uploads\/2020\/04\/video51.png 1260w\" sizes=\"auto, (max-width: 430px) 100vw, 430px\" \/><\/a><br \/>\n<a href=\"https:\/\/admin.lasoci.org\/imatges\/Como_gestionar_la_perdida.pdf\" target=\"_blank\" rel=\"noopener noreferrer\">Documento resumen (pdf)<\/a><\/p>\n<\/div><\/div><\/div><\/div><\/div><div class=\"vc_col-sm-6 wpb_column vc_column_container\"><div class=\"vc_column-inner\"><div class=\"wpb_wrapper\"><div class=\"wpb_text_column\" ><div class=\"wpb_wrapper\"><h6>C\u00f3mo gestionar la p\u00e9rdida en ni\u00f1os<\/h6>\n<p><a href=\"https:\/\/youtu.be\/RzS0deViOzM\" target=\"_blank\" rel=\"noopener noreferrer\"><img loading=\"lazy\" decoding=\"async\" class=\"alignnone wp-image-8655\" src=\"https:\/\/www.lasoci.org\/wp-content\/uploads\/2020\/04\/video52-300x169.png\" alt=\"\" width=\"430\" height=\"242\" srcset=\"https:\/\/www.lasoci.org\/wp-content\/uploads\/2020\/04\/video52-300x169.png 300w, https:\/\/www.lasoci.org\/wp-content\/uploads\/2020\/04\/video52-1024x575.png 1024w, https:\/\/www.lasoci.org\/wp-content\/uploads\/2020\/04\/video52-150x84.png 150w, https:\/\/www.lasoci.org\/wp-content\/uploads\/2020\/04\/video52-800x450.png 800w, https:\/\/www.lasoci.org\/wp-content\/uploads\/2020\/04\/video52.png 1260w\" sizes=\"auto, (max-width: 430px) 100vw, 430px\" \/><\/a><br \/>\n<a href=\"https:\/\/admin.lasoci.org\/imatges\/Como_gestionar_la_perdida_en_nin771os.pdf\" target=\"_blank\" rel=\"noopener noreferrer\">Documento resumen (pdf)<\/a><\/p>\n<\/div><\/div><\/div><\/div><\/div><\/div><\/div><\/section><section class=\"l-section wpb_row us_custom_d30a68ba height_medium\"><div class=\"l-section-h i-cf\"><div class=\"g-cols vc_row type_default valign_top\"><div class=\"vc_col-sm-6 wpb_column vc_column_container\"><div class=\"vc_column-inner\"><div class=\"wpb_wrapper\"><div class=\"wpb_text_column\" ><div class=\"wpb_wrapper\"><h6>Vivir en la incertidumbre<\/h6>\n<p><a href=\"https:\/\/youtu.be\/L9Uw1ff6_L4\" target=\"_blank\" rel=\"noopener noreferrer\"><img loading=\"lazy\" decoding=\"async\" class=\"alignnone wp-image-8711\" src=\"https:\/\/www.lasoci.org\/wp-content\/uploads\/2020\/04\/video5-300x169.png\" alt=\"\" width=\"430\" height=\"242\" srcset=\"https:\/\/www.lasoci.org\/wp-content\/uploads\/2020\/04\/video5-300x169.png 300w, https:\/\/www.lasoci.org\/wp-content\/uploads\/2020\/04\/video5-1024x575.png 1024w, https:\/\/www.lasoci.org\/wp-content\/uploads\/2020\/04\/video5-150x84.png 150w, https:\/\/www.lasoci.org\/wp-content\/uploads\/2020\/04\/video5-800x450.png 800w, https:\/\/www.lasoci.org\/wp-content\/uploads\/2020\/04\/video5.png 1260w\" sizes=\"auto, (max-width: 430px) 100vw, 430px\" \/><\/a><br \/>\n<a href=\"https:\/\/admin.lasoci.org\/imatges\/Vivir_en_la_incertidumbre.pdf\" target=\"_blank\" rel=\"noopener noreferrer\">Documento resumen (pdf)<\/a> | <a href=\"https:\/\/youtu.be\/_RmiqFvRw7w\" target=\"_blank\" rel=\"noopener noreferrer\">V\u00eddeo pr\u00e1ctico<\/a><\/p>\n<\/div><\/div><\/div><\/div><\/div><div class=\"vc_col-sm-6 wpb_column vc_column_container\"><div class=\"vc_column-inner\"><div class=\"wpb_wrapper\"><div class=\"wpb_text_column\" ><div class=\"wpb_wrapper\"><h6>Visualizaci\u00f3n guiada<\/h6>\n<p><a href=\"https:\/\/youtu.be\/_RmiqFvRw7w\" target=\"_blank\" rel=\"noopener noreferrer\"><img loading=\"lazy\" decoding=\"async\" class=\"alignnone wp-image-8724\" src=\"https:\/\/www.lasoci.org\/wp-content\/uploads\/2020\/04\/video5_practico-300x169.png\" alt=\"\" width=\"430\" height=\"242\" srcset=\"https:\/\/www.lasoci.org\/wp-content\/uploads\/2020\/04\/video5_practico-300x169.png 300w, https:\/\/www.lasoci.org\/wp-content\/uploads\/2020\/04\/video5_practico-1024x575.png 1024w, https:\/\/www.lasoci.org\/wp-content\/uploads\/2020\/04\/video5_practico-150x84.png 150w, https:\/\/www.lasoci.org\/wp-content\/uploads\/2020\/04\/video5_practico-800x450.png 800w, https:\/\/www.lasoci.org\/wp-content\/uploads\/2020\/04\/video5_practico.png 1260w\" sizes=\"auto, (max-width: 430px) 100vw, 430px\" \/><\/a><br \/>\nV\u00eddeo pr\u00e1ctico del v\u00eddeo \u00abVivir en la incertidumbre\u00bb<\/p>\n<\/div><\/div><\/div><\/div><\/div><\/div><\/div><\/section><section class=\"l-section wpb_row us_custom_d30a68ba height_medium\"><div class=\"l-section-h i-cf\"><div class=\"g-cols vc_row type_default valign_top\"><div class=\"vc_col-sm-6 wpb_column vc_column_container\"><div class=\"vc_column-inner\"><div class=\"wpb_wrapper\"><div class=\"wpb_text_column\" ><div class=\"wpb_wrapper\"><h6>Emociones en confinamiento<\/h6>\n<p><a href=\"https:\/\/youtu.be\/Ttcja4u-2_w\" target=\"_blank\" rel=\"noopener noreferrer\"><img loading=\"lazy\" decoding=\"async\" class=\"alignnone wp-image-8719\" src=\"https:\/\/www.lasoci.org\/wp-content\/uploads\/2020\/04\/video6-300x169.png\" alt=\"\" width=\"430\" height=\"242\" srcset=\"https:\/\/www.lasoci.org\/wp-content\/uploads\/2020\/04\/video6-300x169.png 300w, https:\/\/www.lasoci.org\/wp-content\/uploads\/2020\/04\/video6-1024x575.png 1024w, https:\/\/www.lasoci.org\/wp-content\/uploads\/2020\/04\/video6-150x84.png 150w, https:\/\/www.lasoci.org\/wp-content\/uploads\/2020\/04\/video6-800x450.png 800w, https:\/\/www.lasoci.org\/wp-content\/uploads\/2020\/04\/video6.png 1260w\" sizes=\"auto, (max-width: 430px) 100vw, 430px\" \/><\/a><br \/>\n<a href=\"https:\/\/admin.lasoci.org\/imatges\/Emociones_en_confinamiento.pdf\" target=\"_blank\" rel=\"noopener noreferrer\">Documento resumen (pdf)<\/a><\/p>\n<\/div><\/div><\/div><\/div><\/div><div class=\"vc_col-sm-6 wpb_column vc_column_container\"><div class=\"vc_column-inner\"><div class=\"wpb_wrapper\"><div class=\"wpb_text_column\" ><div class=\"wpb_wrapper\"><h6>El valor de lo esencial<\/h6>\n<p><a href=\"https:\/\/youtu.be\/p9XFZ95QCYI\" target=\"_blank\" rel=\"noopener noreferrer\"><img loading=\"lazy\" decoding=\"async\" class=\"alignnone wp-image-8745\" src=\"https:\/\/www.lasoci.org\/wp-content\/uploads\/2020\/04\/video7-300x169.png\" alt=\"\" width=\"430\" height=\"242\" srcset=\"https:\/\/www.lasoci.org\/wp-content\/uploads\/2020\/04\/video7-300x169.png 300w, https:\/\/www.lasoci.org\/wp-content\/uploads\/2020\/04\/video7-1024x575.png 1024w, https:\/\/www.lasoci.org\/wp-content\/uploads\/2020\/04\/video7-150x84.png 150w, https:\/\/www.lasoci.org\/wp-content\/uploads\/2020\/04\/video7-800x450.png 800w, https:\/\/www.lasoci.org\/wp-content\/uploads\/2020\/04\/video7.png 1260w\" sizes=\"auto, (max-width: 430px) 100vw, 430px\" \/><\/a><br \/>\n<a href=\"https:\/\/admin.lasoci.org\/imatges\/El_valor_de_lo_esencial.pdf\" target=\"_blank\" rel=\"noopener noreferrer\">Documento resumen (pdf)<\/a><\/p>\n<\/div><\/div><\/div><\/div><\/div><\/div><\/div><\/section><section class=\"l-section wpb_row us_custom_d30a68ba height_medium\"><div class=\"l-section-h i-cf\"><div class=\"g-cols vc_row type_default valign_top\"><div class=\"vc_col-sm-6 wpb_column vc_column_container\"><div class=\"vc_column-inner\"><div class=\"wpb_wrapper\"><div class=\"wpb_text_column\" ><div class=\"wpb_wrapper\"><h6>La creatividad<\/h6>\n<p><a href=\"https:\/\/youtu.be\/voPIMrolfaA\" target=\"_blank\" rel=\"noopener noreferrer\"><img loading=\"lazy\" decoding=\"async\" class=\"alignnone wp-image-8749\" src=\"https:\/\/www.lasoci.org\/wp-content\/uploads\/2020\/05\/video8-300x169.png\" alt=\"\" width=\"430\" height=\"242\" srcset=\"https:\/\/www.lasoci.org\/wp-content\/uploads\/2020\/05\/video8-300x169.png 300w, https:\/\/www.lasoci.org\/wp-content\/uploads\/2020\/05\/video8-1024x575.png 1024w, https:\/\/www.lasoci.org\/wp-content\/uploads\/2020\/05\/video8-150x84.png 150w, https:\/\/www.lasoci.org\/wp-content\/uploads\/2020\/05\/video8-800x450.png 800w, https:\/\/www.lasoci.org\/wp-content\/uploads\/2020\/05\/video8.png 1260w\" sizes=\"auto, (max-width: 430px) 100vw, 430px\" \/><\/a><br \/>\n<a href=\"https:\/\/admin.lasoci.org\/imatges\/Creatividad.pdf\" target=\"_blank\" rel=\"noopener noreferrer\">Documento resumen (pdf)<\/a><\/p>\n<\/div><\/div><\/div><\/div><\/div><div class=\"vc_col-sm-6 wpb_column vc_column_container\"><div class=\"vc_column-inner\"><div class=\"wpb_wrapper\"><div class=\"wpb_text_column\" ><div class=\"wpb_wrapper\"><h6>Cuidar el cuerpo<\/h6>\n<p><a href=\"https:\/\/youtu.be\/yBofmmaiGQw\" target=\"_blank\" rel=\"noopener noreferrer\"><img loading=\"lazy\" decoding=\"async\" class=\"alignnone wp-image-8758\" src=\"https:\/\/www.lasoci.org\/wp-content\/uploads\/2020\/05\/video9-300x169.png\" alt=\"\" width=\"430\" height=\"242\" srcset=\"https:\/\/www.lasoci.org\/wp-content\/uploads\/2020\/05\/video9-300x169.png 300w, https:\/\/www.lasoci.org\/wp-content\/uploads\/2020\/05\/video9-1024x575.png 1024w, https:\/\/www.lasoci.org\/wp-content\/uploads\/2020\/05\/video9-150x84.png 150w, https:\/\/www.lasoci.org\/wp-content\/uploads\/2020\/05\/video9-800x450.png 800w, https:\/\/www.lasoci.org\/wp-content\/uploads\/2020\/05\/video9.png 1260w\" sizes=\"auto, (max-width: 430px) 100vw, 430px\" \/><\/a><br \/>\n<a href=\"https:\/\/admin.lasoci.org\/imatges\/Cuidar_el_cuerpo.pdf\" target=\"_blank\" rel=\"noopener noreferrer\">Documento resumen (pdf)<\/a><\/p>\n<\/div><\/div><\/div><\/div><\/div><\/div><\/div><\/section><section class=\"l-section wpb_row us_custom_d30a68ba height_medium\"><div class=\"l-section-h i-cf\"><div class=\"g-cols vc_row type_default valign_top\"><div class=\"vc_col-sm-6 wpb_column vc_column_container\"><div class=\"vc_column-inner\"><div class=\"wpb_wrapper\"><div class=\"wpb_text_column\" ><div class=\"wpb_wrapper\"><h6>El valor de cuidarme<\/h6>\n<p><a href=\"https:\/\/youtu.be\/c5ZNTm0Y3TA\" target=\"_blank\" rel=\"noopener noreferrer\"><img loading=\"lazy\" decoding=\"async\" class=\"alignnone wp-image-8782\" src=\"https:\/\/www.lasoci.org\/wp-content\/uploads\/2020\/05\/video10-300x169.png\" alt=\"\" width=\"430\" height=\"242\" srcset=\"https:\/\/www.lasoci.org\/wp-content\/uploads\/2020\/05\/video10-300x169.png 300w, https:\/\/www.lasoci.org\/wp-content\/uploads\/2020\/05\/video10-1024x575.png 1024w, https:\/\/www.lasoci.org\/wp-content\/uploads\/2020\/05\/video10-150x84.png 150w, https:\/\/www.lasoci.org\/wp-content\/uploads\/2020\/05\/video10-800x450.png 800w, https:\/\/www.lasoci.org\/wp-content\/uploads\/2020\/05\/video10.png 1260w\" sizes=\"auto, (max-width: 430px) 100vw, 430px\" \/><\/a><br \/>\n<a href=\"https:\/\/admin.lasoci.org\/imatges\/El_valor_de_cuidarme.pdf\" target=\"_blank\" rel=\"noopener noreferrer\">Documento resumen (pdf)<\/a><\/p>\n<\/div><\/div><\/div><\/div><\/div><div class=\"vc_col-sm-6 wpb_column vc_column_container\"><div class=\"vc_column-inner\"><div class=\"wpb_wrapper\"><div class=\"wpb_text_column\" ><div class=\"wpb_wrapper\"><h6>Cuidar a los otros<\/h6>\n<p><a href=\"https:\/\/youtu.be\/HnkrGya6kpY\" target=\"_blank\" rel=\"noopener noreferrer\"><img loading=\"lazy\" decoding=\"async\" class=\"alignnone wp-image-8803\" src=\"https:\/\/www.lasoci.org\/wp-content\/uploads\/2020\/05\/video11-300x169.png\" alt=\"\" width=\"430\" height=\"242\" srcset=\"https:\/\/www.lasoci.org\/wp-content\/uploads\/2020\/05\/video11-300x169.png 300w, https:\/\/www.lasoci.org\/wp-content\/uploads\/2020\/05\/video11-1024x575.png 1024w, https:\/\/www.lasoci.org\/wp-content\/uploads\/2020\/05\/video11-150x84.png 150w, https:\/\/www.lasoci.org\/wp-content\/uploads\/2020\/05\/video11-800x450.png 800w, https:\/\/www.lasoci.org\/wp-content\/uploads\/2020\/05\/video11.png 1260w\" sizes=\"auto, (max-width: 430px) 100vw, 430px\" \/><\/a><br \/>\n<a href=\"https:\/\/admin.lasoci.org\/imatges\/El_valor_de_cuidar_a_los_otros.pdf\" target=\"_blank\" rel=\"noopener noreferrer\">Documento resumen (pdf)<\/a><\/p>\n<\/div><\/div><\/div><\/div><\/div><\/div><\/div><\/section><section class=\"l-section wpb_row us_custom_d30a68ba height_medium\"><div class=\"l-section-h i-cf\"><div class=\"g-cols vc_row type_default valign_top\"><div class=\"vc_col-sm-6 wpb_column vc_column_container\"><div class=\"vc_column-inner\"><div class=\"wpb_wrapper\"><div class=\"wpb_text_column\" ><div class=\"wpb_wrapper\"><h6>El valor de la familia<\/h6>\n<p><a href=\"\/\/youtu.be\/VSb6dAYzXvs\" target=\"_blank\" rel=\"noopener noreferrer\"><img loading=\"lazy\" decoding=\"async\" class=\"alignnone wp-image-8814\" src=\"https:\/\/www.lasoci.org\/wp-content\/uploads\/2020\/05\/video12-300x169.png\" alt=\"\" width=\"430\" height=\"242\" srcset=\"https:\/\/www.lasoci.org\/wp-content\/uploads\/2020\/05\/video12-300x169.png 300w, https:\/\/www.lasoci.org\/wp-content\/uploads\/2020\/05\/video12-1024x575.png 1024w, https:\/\/www.lasoci.org\/wp-content\/uploads\/2020\/05\/video12-150x84.png 150w, https:\/\/www.lasoci.org\/wp-content\/uploads\/2020\/05\/video12-800x450.png 800w, https:\/\/www.lasoci.org\/wp-content\/uploads\/2020\/05\/video12.png 1260w\" sizes=\"auto, (max-width: 430px) 100vw, 430px\" \/><\/a><br \/>\n<a href=\"https:\/\/admin.lasoci.org\/imatges\/El_valor_de_la_familia_ES.pdf\" target=\"_blank\" rel=\"noopener noreferrer\">Documento resumen (pdf)<\/a><\/p>\n<\/div><\/div><\/div><\/div><\/div><div class=\"vc_col-sm-6 wpb_column vc_column_container\"><div class=\"vc_column-inner\"><div class=\"wpb_wrapper\"><div class=\"wpb_text_column\" ><div class=\"wpb_wrapper\"><h6>El valor de la solidaridad<\/h6>\n<p><a href=\"https:\/\/youtu.be\/R4nNydNZgKE\" target=\"_blank\" rel=\"noopener noreferrer\"><img loading=\"lazy\" decoding=\"async\" class=\"alignnone wp-image-8893\" src=\"https:\/\/www.lasoci.org\/wp-content\/uploads\/2020\/05\/video13-300x169.png\" alt=\"\" width=\"430\" height=\"242\" srcset=\"https:\/\/www.lasoci.org\/wp-content\/uploads\/2020\/05\/video13-300x169.png 300w, https:\/\/www.lasoci.org\/wp-content\/uploads\/2020\/05\/video13-1024x575.png 1024w, https:\/\/www.lasoci.org\/wp-content\/uploads\/2020\/05\/video13-150x84.png 150w, https:\/\/www.lasoci.org\/wp-content\/uploads\/2020\/05\/video13-800x450.png 800w, https:\/\/www.lasoci.org\/wp-content\/uploads\/2020\/05\/video13.png 1260w\" sizes=\"auto, (max-width: 430px) 100vw, 430px\" \/><\/a><br \/>\n<a href=\"https:\/\/admin.lasoci.org\/imatges\/El_valor_de_la_solidaridad.pdf\" target=\"_blank\" rel=\"noopener noreferrer\">Documento resumen (pdf)<\/a><\/p>\n<\/div><\/div><\/div><\/div><\/div><\/div><\/div><\/section><section class=\"l-section wpb_row us_custom_d30a68ba height_medium\"><div class=\"l-section-h i-cf\"><div class=\"g-cols vc_row type_default valign_top\"><div class=\"vc_col-sm-6 wpb_column vc_column_container\"><div class=\"vc_column-inner\"><div class=\"wpb_wrapper\"><div class=\"wpb_text_column\" ><div class=\"wpb_wrapper\"><h6>Desconfinamiento y esperanza<\/h6>\n<p><a href=\"https:\/\/youtu.be\/U42gTQO_GE4\" target=\"_blank\" rel=\"noopener noreferrer\"><img loading=\"lazy\" decoding=\"async\" class=\"alignnone wp-image-8997\" src=\"https:\/\/www.lasoci.org\/wp-content\/uploads\/2020\/05\/video14-300x169.png\" alt=\"\" width=\"430\" height=\"242\" srcset=\"https:\/\/www.lasoci.org\/wp-content\/uploads\/2020\/05\/video14-300x169.png 300w, https:\/\/www.lasoci.org\/wp-content\/uploads\/2020\/05\/video14-1024x575.png 1024w, https:\/\/www.lasoci.org\/wp-content\/uploads\/2020\/05\/video14-150x84.png 150w, https:\/\/www.lasoci.org\/wp-content\/uploads\/2020\/05\/video14-800x450.png 800w, https:\/\/www.lasoci.org\/wp-content\/uploads\/2020\/05\/video14.png 1260w\" sizes=\"auto, (max-width: 430px) 100vw, 430px\" \/><\/a><br \/>\n<a href=\"https:\/\/admin.lasoci.org\/imatges\/Desconfinamiento_y_esperanza.pdf\" target=\"_blank\" rel=\"noopener noreferrer\">Documento resumen (pdf)<\/a><\/p>\n<\/div><\/div><\/div><\/div><\/div><div class=\"vc_col-sm-6 wpb_column vc_column_container\"><div class=\"vc_column-inner\"><div class=\"wpb_wrapper\"><div class=\"wpb_text_column\" ><div class=\"wpb_wrapper\"><\/div><\/div><\/div><\/div><\/div><\/div><\/div><\/section><!-- \/wp:post-content --><\/div>","protected":false},"excerpt":{"rendered":"La Soci pone a tu disposici\u00f3n un programa de apoyo psicol\u00f3gico, para tratar diferentes aspectos relacionados con la situaci\u00f3n que estamos viviendo: las relaciones en casa, c\u00f3mo responder algunas preguntas de nuestros hijos, vivirlo en soledad\u2026 Adem\u00e1s, si est\u00e1s pasando un mal momento y necesitas compartir tu soledad, angustia, miedo o dolor, la Soci te...","protected":false},"author":3,"featured_media":0,"parent":0,"menu_order":0,"comment_status":"closed","ping_status":"closed","template":"","meta":{"footnotes":""},"class_list":["post-8509","page","type-page","status-publish","hentry"],"_links":{"self":[{"href":"https:\/\/www.lasoci.org\/es\/wp-json\/wp\/v2\/pages\/8509","targetHints":{"allow":["GET"]}}],"collection":[{"href":"https:\/\/www.lasoci.org\/es\/wp-json\/wp\/v2\/pages"}],"about":[{"href":"https:\/\/www.lasoci.org\/es\/wp-json\/wp\/v2\/types\/page"}],"author":[{"embeddable":true,"href":"https:\/\/www.lasoci.org\/es\/wp-json\/wp\/v2\/users\/3"}],"replies":[{"embeddable":true,"href":"https:\/\/www.lasoci.org\/es\/wp-json\/wp\/v2\/comments?post=8509"}],"version-history":[{"count":54,"href":"https:\/\/www.lasoci.org\/es\/wp-json\/wp\/v2\/pages\/8509\/revisions"}],"predecessor-version":[{"id":9001,"href":"https:\/\/www.lasoci.org\/es\/wp-json\/wp\/v2\/pages\/8509\/revisions\/9001"}],"wp:attachment":[{"href":"https:\/\/www.lasoci.org\/es\/wp-json\/wp\/v2\/media?parent=8509"}],"curies":[{"name":"wp","href":"https:\/\/api.w.org\/{rel}","templated":true}]}}