{"id":8379,"date":"2020-02-25T19:33:03","date_gmt":"2020-02-25T18:33:03","guid":{"rendered":"https:\/\/www.lasoci.org\/politica-de-cookies\/"},"modified":"2020-12-10T16:30:41","modified_gmt":"2020-12-10T15:30:41","slug":"politica-de-cookies","status":"publish","type":"page","link":"https:\/\/www.lasoci.org\/es\/politica-de-cookies\/","title":{"rendered":"Pol\u00edtica de Cookies"},"content":{"rendered":"<div class=\"wpb-content-wrapper\"><section class=\"l-section wpb_row height_medium\"><div class=\"l-section-h i-cf\"><div class=\"g-cols vc_row type_default valign_top\"><div class=\"vc_col-sm-12 wpb_column vc_column_container\"><div class=\"vc_column-inner\"><div class=\"wpb_wrapper\"><div class=\"wpb_text_column\" ><div class=\"wpb_wrapper\"><div class=\"cli_pg_page_contaner\">\n<h3>Informaci\u00f3n sobre cookies<\/h3>\n<p>Debido a la entrada en vigor de la referente modificaci\u00f3n de la \u00abLey de Servicios de la Sociedad de la Informaci\u00f3n\u00bb (LSSICE) establecida por el Real Decreto 13\/2012, es obligado obtener el consentimiento expreso del usuario de todas las p\u00e1ginas web que utilizan cookies prescindibles, antes de que \u00e9ste navegue por ellas.<\/p>\n<h3>\u00bfQu\u00e9 son las cookies?<\/h3>\n<p>Las cookies y otras tecnolog\u00edas similares como local shared objects, flashcookies o p\u00edxeles, son herramientas utilizadas por los servidores Web para almacenar y recuperar informaci\u00f3n acerca de sus visitantes, as\u00ed como para ofrecer un correcto funcionamiento del sitio.<\/p>\n<p>Mediante el uso de estos dispositivos se permite al servidor Web recordar algunos datos referentes al usuario, como sus preferencias para la visualizaci\u00f3n de las p\u00e1ginas de este servidor, nombre y contrase\u00f1a, productos que m\u00e1s le interesan, etc.<\/p>\n<h3>Cookies afectadas por la normativa y cookies exceptuadas<\/h3>\n<p>Seg\u00fan la directiva de la UE, las cookies que requieren el consentimiento informado por parte del usuario son las cookies anal\u00edticas y las de publicidad y afiliaci\u00f3n, quedando exceptuadas las de car\u00e1cter t\u00e9cnico y las necesarias para el funcionamiento del sitio web o la prestaci\u00f3n de servicios expresamente solicitados por el usuario.<\/p>\n<h3>Tipos de cookies<\/h3>\n<p><strong>Seg\u00fan la finalidad<\/strong><\/p>\n<ul>\n<li><strong>Cookies t\u00e9cnicas y funcionales: <\/strong>son las que permiten al usuario navegar a trav\u00e9s de una p\u00e1gina web, plataforma o aplicaci\u00f3n y utilizar las diferentes opciones o servicios que haya.<\/li>\n<li><strong>Cookies d\u2019an\u00e1lisis:<\/strong> son las que permiten al responsable de estas monitorizar y analizar el comportamiento de los usuarios de los sitios web a los que est\u00e1n vinculados. La informaci\u00f3n recogida mediante este tipo de cookies utiliza en la medici\u00f3n de la actividad de los sitios web, aplicaci\u00f3n o plataforma y para elaborar perfiles de navegaci\u00f3n de los usuarios de estos sitios, aplicaciones y plataformas, para introducir mejoras en funci\u00f3n de el an\u00e1lisis de los datos de uso que hacen los usuarios del servicio.<\/li>\n<li><strong>Cookies publicitarias:<\/strong> son aquellas que permiten gestionar, de la manera m\u00e1s eficaz posible, los espacios publicitarios que, en su caso, el editor haya incluido en una p\u00e1gina web, aplicaci\u00f3n o plataforma desde la que presta el servicio solicitado seg\u00fan criterios como el contenido editado o la frecuencia en que se muestran los anuncios.<\/li>\n<li><strong>Cookies de publicidad comportamental:<\/strong> recogen informaci\u00f3n sobre las preferencias y elecciones personales del usuario (retargeting) para permitir gestionar, de la manera m\u00e1s eficaz posible, los espacios publicitarios que, en su caso, el editor haya incluido en una p\u00e1gina web, aplicaci\u00f3n o plataforma desde la que presta el servicio solicitado.<\/li>\n<li><strong>Cookies sociales:<\/strong> son aquellas que han sido instaladas por las plataformas de redes sociales en los servicios para permitirle compartir contenido con sus amigos y redes. Las plataformas de medios sociales tienen la capacidad de rastrear su actividad en l\u00ednea fuera de los Servicios. Esto puede afectar el contenido y los mensajes que ve en otros servicios que visita.<\/li>\n<li><strong>Cookies de afiliados:<\/strong> permiten hacer un seguimiento de las visitas procedentes de otras webs, con las que el sitio web establece un contrato de afiliaci\u00f3n (empresas de afiliaci\u00f3n).<\/li>\n<li><strong>Cookies de seguridad:<\/strong> almacenan informaci\u00f3n cifrada para evitar que los datos que se guardan sean vulnerables a ataques maliciosos de terceros.<\/li>\n<\/ul>\n<p><strong>Seg\u00fan la propiedad<\/strong><\/p>\n<ul>\n<li><strong>Cookies propias:<\/strong> Son aquellas que se env\u00edan al equipo terminal del usuario, desde un equipo o dominio, gestionado por el mismo editor y desde el que se presta el servicio solicitado por el usuario.<\/li>\n<li><strong>Cookies de tercero:<\/strong> Son aquellas que se env\u00edan al equipo terminal del usuario, desde un equipo o dominio, que no es gestionado por el editor, sino por otra entidad que trata los datos obtenidos mediante las cookies. El cuadro final muestra una relaci\u00f3n de las cookies de terceros que utilizamos en esta web.<\/li>\n<li><strong>Cookies de sesi\u00f3n:<\/strong> Son un tipo de galletas dise\u00f1adas para pedir y almacenar datos mientras el usuario accede a una p\u00e1gina web.<\/li>\n<li><strong>Cookies persistentes:<\/strong> Son un tipo de galletas en el que los datos siguen almacenados en el terminal y pueden ser accedidos y tratados durante un per\u00edodo definido por el responsable de la galleta, y que puede ir de unos minutos a varios a\u00f1os.<\/li>\n<li><strong>Cookies d&#8217;an\u00e1lisis:<\/strong> Son aquellas que, bien tratadas por nosotros o por terceros, nos permiten cuantificar el n\u00famero de usuarios y as\u00ed realizar la medici\u00f3n y an\u00e1lisis estad\u00edstico de la utilizaci\u00f3n que hacen los usuarios del servicio ofrecido. Para ello se analiza su navegaci\u00f3n en nuestra p\u00e1gina web para mejorar la oferta de productos o servicios que le ofrecemos.<\/li>\n<\/ul>\n<p><strong>Seg\u00fan la caducidad<\/strong><\/p>\n<ul>\n<li><strong>Cookies de sesi\u00f3n:<\/strong> son un tipo de cookies dise\u00f1adas para obtener y almacenar datos mientras el usuario accede a una p\u00e1gina web.<\/li>\n<li><strong>Cookies persistentes:<\/strong> son un tipo de cookies en que los datos siguen almacenados en el terminal y pueden ser accedidas y tratados durante un per\u00edodo definido por el responsable de la cookie, y que durar desde unos minutos a varios a\u00f1os.<\/li>\n<\/ul>\n<h3>Tratamiento de datos personales<\/h3>\n<p>Asociaci\u00f3n del Personal de La Caixa es el Responsable del tratamiento de los datos personales del Interesado y le informa que estos datos se tratar\u00e1n de conformidad con lo establecido en el Reglamento (UE) 2016\/679, de 27 de abril de 2016 (RGPD), por lo que se le facilita la siguiente informaci\u00f3n del tratamiento:<\/p>\n<p><strong>Finalidades del tratamiento:<\/strong> seg\u00fan se especifica en el apartado de cookies que se utilizan en este sitio web.<\/p>\n<p><strong>Legitimacio\u0301n del tratamiento:<\/strong> por consentimiento del interesado (art. 6.1 RGPD).<\/p>\n<p><strong>Criterios de conservacio\u0301n de los datos:<\/strong> seg\u00fan se especifica en el apartado de cookies utilizadas en la web.<\/p>\n<p><strong>Comunicacio\u0301n de los datos:<\/strong> no se comunicar\u00e1n los datos a terceros, salvo en cookies propiedad de terceros o por obligaci\u00f3n legal.<\/p>\n<p><strong>Derechos que tiene el Interesado:<\/strong><\/p>\n<ul>\n<li>Derecho a retirar el consentimiento en cualquier momento. Derecho de acceso, rectificaci\u00f3n, portabilidad y supresi\u00f3n de sus datos y de limitaci\u00f3n u oposici\u00f3n a su tratamiento.<\/li>\n<li>Derecho a presentar una reclamaci\u00f3n ante la Autoridad de control (www.aepd.es) si considera que el tratamiento no se ajusta a la normativa vigente. Datos de contacto para ejercer sus derechos: Associacio\u0301 del Personal de La Caixa. Sardenya, 521-523 &#8211; 08024 Barcelona (Barcelona). E-mail: info@lasoci.org<\/li>\n<\/ul>\n<p><strong>Datos de contacto para ejercer sus derechos:<\/strong><\/p>\n<p>Associacio\u0301 del Personal de La Caixa. Sardenya, 521-523 &#8211; 08024 Barcelona (Barcelona). E-mail: info@lasoci.org<\/p>\n<h3>Este sitio web utiliza cookies t\u00e9cnicas y funcionales<\/h3>\n<table>\n<tbody>\n<tr>\n<th style=\"text-align: left;\">TIPO Y PROPIEDAD<\/th>\n<th>COOKIE<\/th>\n<th>FINALIDAD<\/th>\n<th>CADUCIDAD<\/th>\n<\/tr>\n<tr>\n<td>T\u00e9cnica<br \/>\nlasoci.org<\/td>\n<td>_icl_visitor_lang_j s<\/td>\n<td>Cookie necesaria para la utilizaci\u00f3n de las opciones y servicios de la p\u00e1gina web<\/td>\n<td>20 horas<\/td>\n<\/tr>\n<tr>\n<td>T\u00e9cnica<br \/>\nlasoci.org<\/td>\n<td>cookielawinfo- checkbox- necessary<\/td>\n<td>Cookie necesaria para la utilizaci\u00f3n de las opciones y servicios de la p\u00e1gina web<\/td>\n<td>Sesi\u00f3n<\/td>\n<\/tr>\n<tr>\n<td>T\u00e9cnica<br \/>\nlasoci.org<\/td>\n<td>cookielawinfo- checkbox-non- necessary<\/td>\n<td>Cookie necesaria para la utilizaci\u00f3n de las opciones y servicios de la p\u00e1gina web<\/td>\n<td>1 a\u00f1o<\/td>\n<\/tr>\n<tr>\n<td>T\u00e9cnica<br \/>\nlasoci.org<\/td>\n<td>PHPSESSID<\/td>\n<td>Cookie generada por las aplicaciones basadas en el lenguaje PHP. Se trata de un identificador de prop\u00f3sito general usado para mantener las variables de sesi\u00f3n de usuario. Normalmente es un n\u00famero generado al azar, como se utiliza puede ser espec\u00edfica para el lugar, pero un buen ejemplo es el mantenimiento de una sesi\u00f3n iniciada en el estado de un usuario entre las p\u00e1ginas.<\/td>\n<td>Sesi\u00f3n<\/td>\n<\/tr>\n<tr>\n<td>T\u00e9cnica<br \/>\nlasoci.org<\/td>\n<td>viewed_cookie_po licy<\/td>\n<td>Se utiliza para recordar sus preferencias en cuanto a la Pol\u00edtica de Cookies establecida.<\/td>\n<td>1 a\u00f1o<\/td>\n<\/tr>\n<tr>\n<td>T\u00e9cnica<br \/>\nlasoci.org<\/td>\n<td>wpml_browser_re direct_test<\/td>\n<td>Cookie necesaria para la utilizaci\u00f3n de las opciones y servicios de la p\u00e1gina web<\/td>\n<td>Sesi\u00f3n<\/td>\n<\/tr>\n<tr>\n<td>De an\u00e1lisis<br \/>\nGoogle Analytics<\/td>\n<td>_ga<\/td>\n<td>Habilitar la funci\u00f3n de control de visitas \u00fanicas y realizar an\u00e1lisis estad\u00edsticos de las visitas.<\/td>\n<td>2 a\u00f1os<\/td>\n<\/tr>\n<tr>\n<td>De an\u00e1lisis<br \/>\nGoogle Analytics<\/td>\n<td>_gat<\/td>\n<td>Habilitar la funci\u00f3n de control de visitas \u00fanicas y realizar an\u00e1lisis estad\u00edsticos de las visitas.<\/td>\n<td>Sesi\u00f3n<\/td>\n<\/tr>\n<tr>\n<td>De an\u00e1lisis<br \/>\nGoogle Analytics<\/td>\n<td>_gid<\/td>\n<td>Seguimiento de la actividad del usuario en la web. Se utiliza para identificar al mismo usuario durante un \u00fanico d\u00eda<\/td>\n<td>1 d\u00eda<\/td>\n<\/tr>\n<tr>\n<td>Xarxes Socials<\/td>\n<td>Social media<\/td>\n<td>Compartir los contenidos de la web a trav\u00e9s de las redes sociales.<\/td>\n<\/tr>\n<\/tbody>\n<\/table>\n<h3>C\u00f3mo gestionar las cookies desde el navegador<\/h3>\n<ul>\n<li><strong>Eliminar les cookies del dispositivo: <\/strong>Las cookies que ya se encuentran en un dispositivo se pueden eliminar borrando el historial del navegador, por lo que se suprimen las cookies de todos los sitios web visitados. Sin embargo, tambi\u00e9n se puede perder parte de la informaci\u00f3n guardada (por ejemplo, los datos de inicio de sesi\u00f3n o las preferencias de sitio web).<\/li>\n<li><strong>Gestionar les cookies especi\u0301ficas del sitio:<\/strong> Para tener un control m\u00e1s preciso de las cookies espec\u00edficas de cada lugar, los usuarios pueden ajustar su configuraci\u00f3n de privacidad y cookies en el navegador.<\/li>\n<li><strong>Bloquear las cookies:<\/strong> Aunque la mayor\u00eda de los navegadores modernos se pueden configurar para evitar que se instalen cookies en los dispositivos, esto puede obligar a ajustar manualmente determinadas preferencias cada vez que se visite un sitio o p\u00e1gina. Adem\u00e1s, algunos servicios y caracter\u00edsticas pueden no funcionar correctamente (por ejemplo, los inicios de sesi\u00f3n con perfil).<\/li>\n<\/ul>\n<h3>C\u00f3mo eliminar las cookies de los navegadores m\u00e1s comunes<\/h3>\n<ul>\n<li>Google Chrome: <a href=\"http:\/\/support.google.com\/chrome\/bin\/answer.py?hl=es&amp;answer=95647\">http:\/\/support.google.com\/chrome\/bin\/answer.py?hl=es&amp;answer=95647<\/a><\/li>\n<li>Internet Explorer: <a href=\"http:\/\/windows.microsoft.com\/es-es\/windows7\/how-to-manage-cookies-in-internet-explorer-9\">http:\/\/windows.microsoft.com\/es-es\/windows7\/how-to-manage-cookies-in-internet-explorer-9<\/a><\/li>\n<li>Mozilla Firefox: <a href=\"http:\/\/support.mozilla.org\/es\/kb\/habilitar-y-deshabilitar-cookies-que-los-sitios-we\">http:\/\/support.mozilla.org\/es\/kb\/habilitar-y-deshabilitar-cookies-que-los-sitios-we<\/a><\/li>\n<li>Safari: <a href=\"http:\/\/support.apple.com\/kb\/ph5042\">http:\/\/support.apple.com\/kb\/ph5042<\/a><\/li>\n<\/ul>\n<p>En caso de que no se permita la instalaci\u00f3n de cookies en su navegador, es posible que no pueda acceder a alguna de las secciones de nuestra web.<\/p>\n<h3>Informaci\u00f3n adicional<\/h3>\n<p>Es posible que actualicemos nuestra Pol\u00edtica de Cookies. Por ello, cada vez que accedas a nuestro sitio web, te recomendamos revisarla con el objetivo de quedar adecuadamente informado sobre c\u00f3mo y para qu\u00e9 podemos utilizar las cookies.<\/p>\n<p>&nbsp;<\/p>\n<p>&nbsp;<\/p>\n<\/div>\n<\/div><\/div><\/div><\/div><\/div><\/div><\/div><\/section>\n<\/div>","protected":false},"excerpt":{"rendered":"Informaci\u00f3n sobre cookies Debido a la entrada en vigor de la referente modificaci\u00f3n de la \u00abLey de Servicios de la Sociedad de la Informaci\u00f3n\u00bb (LSSICE) establecida por el Real Decreto 13\/2012, es obligado obtener el consentimiento expreso del usuario de todas las p\u00e1ginas web que utilizan cookies prescindibles, antes de que \u00e9ste navegue por ellas....","protected":false},"author":2,"featured_media":0,"parent":0,"menu_order":220,"comment_status":"closed","ping_status":"closed","template":"","meta":{"footnotes":""},"class_list":["post-8379","page","type-page","status-publish","hentry"],"_links":{"self":[{"href":"https:\/\/www.lasoci.org\/es\/wp-json\/wp\/v2\/pages\/8379","targetHints":{"allow":["GET"]}}],"collection":[{"href":"https:\/\/www.lasoci.org\/es\/wp-json\/wp\/v2\/pages"}],"about":[{"href":"https:\/\/www.lasoci.org\/es\/wp-json\/wp\/v2\/types\/page"}],"author":[{"embeddable":true,"href":"https:\/\/www.lasoci.org\/es\/wp-json\/wp\/v2\/users\/2"}],"replies":[{"embeddable":true,"href":"https:\/\/www.lasoci.org\/es\/wp-json\/wp\/v2\/comments?post=8379"}],"version-history":[{"count":10,"href":"https:\/\/www.lasoci.org\/es\/wp-json\/wp\/v2\/pages\/8379\/revisions"}],"predecessor-version":[{"id":9548,"href":"https:\/\/www.lasoci.org\/es\/wp-json\/wp\/v2\/pages\/8379\/revisions\/9548"}],"wp:attachment":[{"href":"https:\/\/www.lasoci.org\/es\/wp-json\/wp\/v2\/media?parent=8379"}],"curies":[{"name":"wp","href":"https:\/\/api.w.org\/{rel}","templated":true}]}}