{"id":8110,"date":"2020-02-10T11:36:31","date_gmt":"2020-02-10T10:36:31","guid":{"rendered":"https:\/\/www.lasoci.org\/quien-somos\/perfil-acceso\/"},"modified":"2020-03-11T13:26:18","modified_gmt":"2020-03-11T12:26:18","slug":"perfil-acceso","status":"publish","type":"page","link":"https:\/\/www.lasoci.org\/es\/quien-somos\/perfil-acceso\/","title":{"rendered":"Perfil acceso"},"content":{"rendered":"<div class=\"wpb-content-wrapper\"><section class=\"l-section wpb_row height_small color_alternate\"><div class=\"l-section-h i-cf\"><div class=\"g-cols vc_row type_default valign_top\"><div class=\"vc_col-sm-12 wpb_column vc_column_container\"><div class=\"vc_column-inner\"><div class=\"wpb_wrapper\"><div class=\"g-cols wpb_row  type_default valign_top vc_inner\"><div class=\"vc_col-sm-12 wpb_column vc_column_container\"><div class=\"vc_column-inner\"><div class=\"wpb_wrapper\"><div class=\"wpb_text_column\" ><div class=\"wpb_wrapper\"><h2 style=\"text-align: center;\">Oficina Virtual<\/h2>\n<p style=\"text-align: center;\">Actualitza tus datos de contacto, tus intereses y habilidades y tus claves de acceso tanto de la web como de la aplicaci\u00f3n m\u00f3vil.<\/p>\n<\/div><\/div><\/div><\/div><\/div><\/div><div class=\"g-cols wpb_row  us_custom_d16e2f8e type_default valign_top vc_inner\"><div class=\"vc_col-sm-1\/5 wpb_column vc_column_container\"><div class=\"vc_column-inner\"><div class=\"wpb_wrapper\"><div class=\"w-btn-wrapper width_auto align_left\"><a class=\"w-btn us-btn-style_1\" title=\"DIRECTORIO ASOCIADOS\" href=\"https:\/\/www.lasoci.org\/es\/quien-somos\/mis-datos\/\"><span class=\"w-btn-label\">MIS DATOS<\/span><\/a><\/div><\/div><\/div><\/div><div class=\"vc_col-sm-1\/5 wpb_column vc_column_container\"><div class=\"vc_column-inner\"><div class=\"wpb_wrapper\"><div class=\"w-btn-wrapper width_auto align_left\"><a class=\"w-btn us-btn-style_1\" title=\"Perfil acceso\" href=\"https:\/\/www.lasoci.org\/es\/quien-somos\/perfil-acceso\/\"><span class=\"w-btn-label\">CAMBIO DE CONTRASE\u00d1A<\/span><\/a><\/div><\/div><\/div><\/div><div class=\"vc_col-sm-1\/5 wpb_column vc_column_container\"><div class=\"vc_column-inner\"><div class=\"wpb_wrapper\"><div class=\"w-btn-wrapper width_auto align_left\"><a class=\"w-btn us-btn-style_1\" title=\"Perfil acceso\" href=\"https:\/\/www.lasoci.org\/es\/quien-somos\/alta-de-beneficiario\/\"><span class=\"w-btn-label\">ALTA DE BENEFICIARIOS<\/span><\/a><\/div><\/div><\/div><\/div><div class=\"vc_col-sm-1\/5 wpb_column vc_column_container\"><div class=\"vc_column-inner\"><div class=\"wpb_wrapper\"><div class=\"w-btn-wrapper width_auto align_left\"><a class=\"w-btn us-btn-style_1\" title=\"DIRECTORIO DE ASOCIADOS\" href=\"https:\/\/www.lasoci.org\/es\/quien-somos\/directorio-de-asociados\/\"><span class=\"w-btn-label\">DIRECTORIO DE ASOCIADOS<\/span><\/a><\/div><\/div><\/div><\/div><div class=\"vc_col-sm-1\/5 wpb_column vc_column_container\"><div class=\"vc_column-inner\"><div class=\"wpb_wrapper\"><div class=\"w-btn-wrapper width_auto align_left\"><a class=\"w-btn us-btn-style_1\" title=\"Habilidades e intereses\" href=\"https:\/\/www.lasoci.org\/es\/quienes-somos\/habilidades-e-intereses\/\"><span class=\"w-btn-label\">HABILIDADES E INTERESES<\/span><\/a><\/div><\/div><\/div><\/div><\/div><\/div><\/div><\/div><\/div><\/div><\/section><section class=\"l-section wpb_row height_medium\"><div class=\"l-section-h i-cf\"><div class=\"g-cols vc_row type_default valign_top\"><div class=\"vc_col-sm-12 wpb_column vc_column_container\"><div class=\"vc_column-inner\"><div class=\"wpb_wrapper\">[vc_raw_html]W2ZpbmlzX3BlcmZpbF9hY2Nlc10=[\/vc_raw_html]<\/div><\/div><\/div><\/div><\/div><\/section>\n<\/div>","protected":false},"excerpt":{"rendered":"Oficina Virtual Actualitza tus datos de contacto, tus intereses y habilidades y tus claves de acceso tanto de la web como de la aplicaci\u00f3n m\u00f3vil. MIS DATOSCAMBIO DE CONTRASE\u00d1AALTA DE BENEFICIARIOSDIRECTORIO DE ASOCIADOSHABILIDADES E INTERESES[vc_raw_html]W2ZpbmlzX3BlcmZpbF9hY2Nlc10=[\/vc_raw_html]","protected":false},"author":2,"featured_media":0,"parent":7905,"menu_order":0,"comment_status":"closed","ping_status":"closed","template":"","meta":{"footnotes":""},"class_list":["post-8110","page","type-page","status-publish","hentry"],"_links":{"self":[{"href":"https:\/\/www.lasoci.org\/es\/wp-json\/wp\/v2\/pages\/8110","targetHints":{"allow":["GET"]}}],"collection":[{"href":"https:\/\/www.lasoci.org\/es\/wp-json\/wp\/v2\/pages"}],"about":[{"href":"https:\/\/www.lasoci.org\/es\/wp-json\/wp\/v2\/types\/page"}],"author":[{"embeddable":true,"href":"https:\/\/www.lasoci.org\/es\/wp-json\/wp\/v2\/users\/2"}],"replies":[{"embeddable":true,"href":"https:\/\/www.lasoci.org\/es\/wp-json\/wp\/v2\/comments?post=8110"}],"version-history":[{"count":6,"href":"https:\/\/www.lasoci.org\/es\/wp-json\/wp\/v2\/pages\/8110\/revisions"}],"predecessor-version":[{"id":8429,"href":"https:\/\/www.lasoci.org\/es\/wp-json\/wp\/v2\/pages\/8110\/revisions\/8429"}],"up":[{"embeddable":true,"href":"https:\/\/www.lasoci.org\/es\/wp-json\/wp\/v2\/pages\/7905"}],"wp:attachment":[{"href":"https:\/\/www.lasoci.org\/es\/wp-json\/wp\/v2\/media?parent=8110"}],"curies":[{"name":"wp","href":"https:\/\/api.w.org\/{rel}","templated":true}]}}