{"id":8108,"date":"2020-02-10T11:35:46","date_gmt":"2020-02-10T10:35:46","guid":{"rendered":"https:\/\/www.lasoci.org\/quien-somos\/habilidades-e-intereses\/"},"modified":"2020-03-11T13:29:11","modified_gmt":"2020-03-11T12:29:11","slug":"habilidades-e-intereses","status":"publish","type":"page","link":"https:\/\/www.lasoci.org\/es\/quien-somos\/habilidades-e-intereses\/","title":{"rendered":"Habilidades e intereses"},"content":{"rendered":"<div class=\"wpb-content-wrapper\"><section class=\"l-section wpb_row height_small color_alternate\"><div class=\"l-section-h i-cf\"><div class=\"g-cols vc_row type_default valign_top\"><div class=\"vc_col-sm-12 wpb_column vc_column_container\"><div class=\"vc_column-inner\"><div class=\"wpb_wrapper\"><div class=\"g-cols wpb_row  type_default valign_top vc_inner\"><div class=\"vc_col-sm-12 wpb_column vc_column_container\"><div class=\"vc_column-inner\"><div class=\"wpb_wrapper\"><div class=\"wpb_text_column\" ><div class=\"wpb_wrapper\"><h2 style=\"text-align: center;\">Oficina Virtual<\/h2>\n<p style=\"text-align: center;\">Actualitza tus datos de contacto, tus intereses y habilidades y tus claves de acceso tanto de la web como de la aplicaci\u00f3n m\u00f3vil.<\/p>\n<\/div><\/div><\/div><\/div><\/div><\/div><div class=\"g-cols wpb_row  us_custom_e3c4ae53 type_default valign_top vc_inner\"><div class=\"vc_col-sm-1\/5 wpb_column vc_column_container\"><div class=\"vc_column-inner\"><div class=\"wpb_wrapper\"><div class=\"w-btn-wrapper width_auto align_left\"><a class=\"w-btn us-btn-style_1\" title=\"DIRECTORIO ASOCIADOS\" href=\"https:\/\/www.lasoci.org\/es\/quien-somos\/mis-datos\/\"><span class=\"w-btn-label\">MIS DATOS<\/span><\/a><\/div><\/div><\/div><\/div><div class=\"vc_col-sm-1\/5 wpb_column vc_column_container\"><div class=\"vc_column-inner\"><div class=\"wpb_wrapper\"><div class=\"w-btn-wrapper width_auto align_left\"><a class=\"w-btn us-btn-style_1\" title=\"Perfil acceso\" href=\"https:\/\/www.lasoci.org\/es\/quien-somos\/perfil-acceso\/\"><span class=\"w-btn-label\">CAMBIO DE CONTRASE\u00d1A<\/span><\/a><\/div><\/div><\/div><\/div><div class=\"vc_col-sm-1\/5 wpb_column vc_column_container\"><div class=\"vc_column-inner\"><div class=\"wpb_wrapper\"><div class=\"w-btn-wrapper width_auto align_left\"><a class=\"w-btn us-btn-style_1\" title=\"Perfil acceso\" href=\"https:\/\/www.lasoci.org\/es\/quien-somos\/alta-de-beneficiario\/\"><span class=\"w-btn-label\">ALTA DE BENEFICIARIOS<\/span><\/a><\/div><\/div><\/div><\/div><div class=\"vc_col-sm-1\/5 wpb_column vc_column_container\"><div class=\"vc_column-inner\"><div class=\"wpb_wrapper\"><div class=\"w-btn-wrapper width_auto align_left\"><a class=\"w-btn us-btn-style_1\" title=\"DIRECTORIO DE ASOCIADOS\" href=\"https:\/\/www.lasoci.org\/es\/quien-somos\/directorio-de-asociados\/\"><span class=\"w-btn-label\">DIRECTORIO DE ASOCIADOS<\/span><\/a><\/div><\/div><\/div><\/div><div class=\"vc_col-sm-1\/5 wpb_column vc_column_container\"><div class=\"vc_column-inner\"><div class=\"wpb_wrapper\"><div class=\"w-btn-wrapper width_auto align_left\"><a class=\"w-btn us-btn-style_1\" title=\"Habilidades e intereses\" href=\"https:\/\/www.lasoci.org\/es\/quienes-somos\/habilidades-e-intereses\/\"><span class=\"w-btn-label\">HABILIDADES E INTERESES<\/span><\/a><\/div><\/div><\/div><\/div><\/div><\/div><\/div><\/div><\/div><\/div><\/section><section class=\"l-section wpb_row height_medium\"><div class=\"l-section-h i-cf\"><div class=\"g-cols vc_row type_default valign_top\"><div class=\"vc_col-sm-12 wpb_column vc_column_container\"><div class=\"vc_column-inner\"><div class=\"wpb_wrapper\">[vc_raw_html]W2ZpbmlzX2hhYmlsaXRhdHNfaW50ZXJlc3Nvc10=[\/vc_raw_html]<\/div><\/div><\/div><\/div><\/div><\/section>\n<\/div>","protected":false},"excerpt":{"rendered":"Oficina Virtual Actualitza tus datos de contacto, tus intereses y habilidades y tus claves de acceso tanto de la web como de la aplicaci\u00f3n m\u00f3vil. MIS DATOSCAMBIO DE CONTRASE\u00d1AALTA DE BENEFICIARIOSDIRECTORIO DE ASOCIADOSHABILIDADES E INTERESES[vc_raw_html]W2ZpbmlzX2hhYmlsaXRhdHNfaW50ZXJlc3Nvc10=[\/vc_raw_html]","protected":false},"author":2,"featured_media":0,"parent":7905,"menu_order":0,"comment_status":"closed","ping_status":"closed","template":"","meta":{"footnotes":""},"class_list":["post-8108","page","type-page","status-publish","hentry"],"_links":{"self":[{"href":"https:\/\/www.lasoci.org\/es\/wp-json\/wp\/v2\/pages\/8108","targetHints":{"allow":["GET"]}}],"collection":[{"href":"https:\/\/www.lasoci.org\/es\/wp-json\/wp\/v2\/pages"}],"about":[{"href":"https:\/\/www.lasoci.org\/es\/wp-json\/wp\/v2\/types\/page"}],"author":[{"embeddable":true,"href":"https:\/\/www.lasoci.org\/es\/wp-json\/wp\/v2\/users\/2"}],"replies":[{"embeddable":true,"href":"https:\/\/www.lasoci.org\/es\/wp-json\/wp\/v2\/comments?post=8108"}],"version-history":[{"count":5,"href":"https:\/\/www.lasoci.org\/es\/wp-json\/wp\/v2\/pages\/8108\/revisions"}],"predecessor-version":[{"id":8432,"href":"https:\/\/www.lasoci.org\/es\/wp-json\/wp\/v2\/pages\/8108\/revisions\/8432"}],"up":[{"embeddable":true,"href":"https:\/\/www.lasoci.org\/es\/wp-json\/wp\/v2\/pages\/7905"}],"wp:attachment":[{"href":"https:\/\/www.lasoci.org\/es\/wp-json\/wp\/v2\/media?parent=8108"}],"curies":[{"name":"wp","href":"https:\/\/api.w.org\/{rel}","templated":true}]}}