{"id":7949,"date":"2020-02-06T11:56:54","date_gmt":"2020-02-06T10:56:54","guid":{"rendered":"https:\/\/www.lasoci.org\/contacto\/canal-de-buen-gobierno-corporativo\/"},"modified":"2020-02-07T11:46:48","modified_gmt":"2020-02-07T10:46:48","slug":"canal-de-buen-gobierno-corporativo","status":"publish","type":"page","link":"https:\/\/www.lasoci.org\/es\/contacto\/canal-de-buen-gobierno-corporativo\/","title":{"rendered":"Canal de buen gobierno corporativo"},"content":{"rendered":"<div class=\"wpb-content-wrapper\"><section class=\"l-section wpb_row height_large\"><div class=\"l-section-h i-cf\"><div class=\"g-cols vc_row type_default valign_top\"><div class=\"vc_col-sm-12 wpb_column vc_column_container\"><div class=\"vc_column-inner\"><div class=\"wpb_wrapper\"><div class=\"g-cols wpb_row  type_default valign_top vc_inner\"><div class=\"vc_col-sm-9 wpb_column vc_column_container\"><div class=\"vc_column-inner\"><div class=\"wpb_wrapper\"><div class=\"wpb_text_column\" ><div class=\"wpb_wrapper\"><p>Con la voluntad de <strong>impulsar la gesti\u00f3n del buen gobierno corporativo<\/strong>, crear un clima de confianza y dotar la Asociaci\u00f3n del Personal de \u00abla Caixa\u00bb de la m\u00e1xima transparencia, se ha creado este canal.<\/p>\n<p>El Objetivo de canal es la recepci\u00f3n, retenci\u00f3n y tratamiento de las irregularidades o incumplimientos de la normativa, cometidos por los \u00f3rganos de gobierno, a los empleados o sociedades vinculados a la Asociaci\u00f3n del Personal \u00abla Caixa\u00bb.<\/p>\n<p>Se trata de un canal de comunicaci\u00f3n confidencial entre los asociados, proveedores, colaboradores, empleados, etc., vinculados a la Soci, con el Comit\u00e9 de Compliance.<\/p>\n<h4>\u00c1MBITO<\/h4>\n<hr \/>\n<p>Se podr\u00e1 comunicar CUALQUIER posible irregularidad o Incumplimiento relacionado con malas pr\u00e1cticas financieras, contables, comerciales o de cumplimiento normativo cometidos por los \u00f3rganos de gobierno y\/o a los Empleados de la Asociaci\u00f3n de al Personal \u00abla Caixa\u00bb.<\/p>\n<h4>COMUNICACI\u00d3N<\/h4>\n<hr \/>\n<p>La comunicaci\u00f3n es har\u00e1 por correo electr\u00f3nico a <a href=\"mailto:compliance@lasoci.org\">compliance@lasoci.org<\/a>, incluyendo los dades necesarias para poder llevar a T\u00e9rmino el An\u00e1lisis de los hechos denunciados:<\/p>\n<ul>\n<li>Exposici\u00f3n clara y detallada de los hechos.<\/li>\n<li>Identificaci\u00f3n de la\/s persona\/s involucrada\/s y fecha\/s y espacio\/s en que haya tenido lugar.<\/li>\n<li>Datos de contacto del denunciante y su vinculaci\u00f3n con la Asociaci\u00f3n del Personal de \u201cla Caixa\u201d para facilitar el an\u00e1lisis y seguimiento de la denuncia.<\/li>\n<li>Cuantificaci\u00f3n, siempre que sea posible, del impacto del HECHO denunciado sobre los estados financieros.<\/li>\n<li>Adjuntar documentos y\/o archivos que se consideren relevantes para la evaluaci\u00f3n y resoluci\u00f3n de la denuncia.<\/li>\n<\/ul>\n<p>Las Denuncias ser\u00e1n recibidas por el Comit\u00e9 de Compliance de la Asociaci\u00f3n del Personal de \u00abla Caixa\u00bb y ser\u00e1n atendidas de manera individual.<\/p>\n<\/div><\/div><\/div><\/div><\/div><div class=\"vc_col-sm-3 wpb_column vc_column_container\"><div class=\"vc_column-inner\"><div class=\"wpb_wrapper\">[vc_wp_search title=\u00bbBuscador\u00bb]<div class=\"w-separator size_medium\"><\/div><div class=\"wpb_text_column\" ><div class=\"wpb_wrapper\"><h4>\u00bfTIENES ALGUNA DUDA?<\/h4>\n<p>Si necesitas resolver alguna duda o enviarnos alguna sugerencia, no dudes en contactar con nosotros.<\/p>\n<\/div><\/div><div class=\"w-separator size_small\"><\/div><div class=\"w-separator size_medium\"><\/div><div class=\"wpb_text_column\" ><div class=\"wpb_wrapper\"><h4>S\u00edguenos en&#8230;<\/h4>\n<\/div><\/div><div class=\"w-separator size_small\"><\/div><div class=\"w-socials color_brand shape_square style_default hover_fade\"><div class=\"w-socials-list\"><div class=\"w-socials-item facebook\"><a class=\"w-socials-item-link\" href=\"http:\/\/www.facebook.com\/lasoci.caixa\" target=\"_blank\" rel=\"noopener nofollow\" title=\"Facebook\" aria-label=\"Facebook\"><span class=\"w-socials-item-link-hover\"><\/span><i class=\"fab fa-facebook\"><\/i><\/a><div class=\"w-socials-item-popup\"><span>Facebook<\/span><\/div><\/div><div class=\"w-socials-item twitter\"><a class=\"w-socials-item-link\" href=\"https:\/\/twitter.com\/APCAIXA\" target=\"_blank\" rel=\"noopener nofollow\" title=\"Twitter\" aria-label=\"Twitter\"><span class=\"w-socials-item-link-hover\"><\/span><i class=\"fab fa-twitter\"><\/i><\/a><div class=\"w-socials-item-popup\"><span>Twitter<\/span><\/div><\/div><div class=\"w-socials-item linkedin\"><a class=\"w-socials-item-link\" href=\"https:\/\/www.linkedin.com\/company\/associaci\u00f3-del-personal-de-la-caixa-\" target=\"_blank\" rel=\"noopener nofollow\" title=\"LinkedIn\" aria-label=\"LinkedIn\"><span class=\"w-socials-item-link-hover\"><\/span><i class=\"fab fa-linkedin\"><\/i><\/a><div class=\"w-socials-item-popup\"><span>LinkedIn<\/span><\/div><\/div><div class=\"w-socials-item youtube\"><a class=\"w-socials-item-link\" href=\"https:\/\/www.youtube.com\/user\/APCaixa\" target=\"_blank\" rel=\"noopener nofollow\" title=\"YouTube\" aria-label=\"YouTube\"><span class=\"w-socials-item-link-hover\"><\/span><i class=\"fab fa-youtube\"><\/i><\/a><div class=\"w-socials-item-popup\"><span>YouTube<\/span><\/div><\/div><div class=\"w-socials-item instagram\"><a class=\"w-socials-item-link\" href=\"https:\/\/www.instagram.com\/la.soci\" target=\"_blank\" rel=\"noopener nofollow\" title=\"Instagram\" aria-label=\"Instagram\"><span class=\"w-socials-item-link-hover\"><\/span><i class=\"fab fa-instagram\"><\/i><\/a><div class=\"w-socials-item-popup\"><span>Instagram<\/span><\/div><\/div><\/div><\/div><\/div><\/div><\/div><\/div><\/div><\/div><\/div><\/div><\/div><\/section>\n<\/div>","protected":false},"excerpt":{"rendered":"Con la voluntad de impulsar la gesti\u00f3n del buen gobierno corporativo, crear un clima de confianza y dotar la Asociaci\u00f3n del Personal de \u00abla Caixa\u00bb de la m\u00e1xima transparencia, se ha creado este canal. El Objetivo de canal es la recepci\u00f3n, retenci\u00f3n y tratamiento de las irregularidades o incumplimientos de la normativa, cometidos por los...","protected":false},"author":2,"featured_media":0,"parent":7931,"menu_order":0,"comment_status":"closed","ping_status":"closed","template":"","meta":{"footnotes":""},"class_list":["post-7949","page","type-page","status-publish","hentry"],"_links":{"self":[{"href":"https:\/\/www.lasoci.org\/es\/wp-json\/wp\/v2\/pages\/7949","targetHints":{"allow":["GET"]}}],"collection":[{"href":"https:\/\/www.lasoci.org\/es\/wp-json\/wp\/v2\/pages"}],"about":[{"href":"https:\/\/www.lasoci.org\/es\/wp-json\/wp\/v2\/types\/page"}],"author":[{"embeddable":true,"href":"https:\/\/www.lasoci.org\/es\/wp-json\/wp\/v2\/users\/2"}],"replies":[{"embeddable":true,"href":"https:\/\/www.lasoci.org\/es\/wp-json\/wp\/v2\/comments?post=7949"}],"version-history":[{"count":4,"href":"https:\/\/www.lasoci.org\/es\/wp-json\/wp\/v2\/pages\/7949\/revisions"}],"predecessor-version":[{"id":8068,"href":"https:\/\/www.lasoci.org\/es\/wp-json\/wp\/v2\/pages\/7949\/revisions\/8068"}],"up":[{"embeddable":true,"href":"https:\/\/www.lasoci.org\/es\/wp-json\/wp\/v2\/pages\/7931"}],"wp:attachment":[{"href":"https:\/\/www.lasoci.org\/es\/wp-json\/wp\/v2\/media?parent=7949"}],"curies":[{"name":"wp","href":"https:\/\/api.w.org\/{rel}","templated":true}]}}