{"id":7931,"date":"2020-02-06T11:10:26","date_gmt":"2020-02-06T10:10:26","guid":{"rendered":"https:\/\/www.lasoci.org\/contacto\/"},"modified":"2025-09-03T14:50:11","modified_gmt":"2025-09-03T12:50:11","slug":"contacto","status":"publish","type":"page","link":"https:\/\/www.lasoci.org\/es\/contacto\/","title":{"rendered":"Contacto"},"content":{"rendered":"<div class=\"wpb-content-wrapper\"><section class=\"l-section wpb_row us_custom_95a2ef6d height_medium color_primary with_img parallax_hor bgwidth_120 with_overlay\"><div class=\"l-section-img\" style=\"background-image: url(https:\/\/www.lasoci.org\/wp-content\/uploads\/2019\/06\/325.jpg);\" data-img-width=\"2000\" data-img-height=\"1328\"><\/div><div class=\"l-section-overlay\" style=\"background: rgba(10,10,10,0.5)\"><\/div><div class=\"l-section-h i-cf\"><div class=\"g-cols vc_row type_default valign_top\"><div class=\"vc_col-sm-12 wpb_column vc_column_container\"><div class=\"vc_column-inner\"><div class=\"wpb_wrapper\"><div class=\"wpb_text_column\" ><div class=\"wpb_wrapper\"><h1 style=\"text-align: center;\">Ponte en contacto con nosotros<\/h1>\n<h6 style=\"text-align: center;\">Te ofrecemos todos estos canales de comunicaci\u00f3n para tu comodidad<\/h6>\n<\/div><\/div><div class=\"w-separator size_small\"><\/div><div class=\"w-iconbox iconpos_top style_default color_custom align_center no_title no_text\"><div class=\"w-iconbox-icon\"><i class=\"fas fa-chevron-down\"><\/i><\/div><div class=\"w-iconbox-meta\"><\/div><\/div><div class=\"w-separator size_small\"><\/div><\/div><\/div><\/div><\/div><\/div><\/section><section class=\"l-section wpb_row height_medium\"><div class=\"l-section-h i-cf\"><div class=\"g-cols vc_row type_default valign_top gap-10px\"><style>.g-cols.gap-10px{margin:0 calc(-1.5rem - 10px)}.gap-10px > .vc_column_container {padding:10px}<\/style><div class=\"vc_col-sm-6 wpb_column vc_column_container\"><div class=\"vc_column-inner\"><div class=\"wpb_wrapper\"><div class=\"w-iconbox iconpos_left style_circle color_primary align_left no_title\"><div class=\"w-iconbox-icon\" style=\"font-size:22px;\"><i class=\"fas fa-envelope\"><\/i><\/div><div class=\"w-iconbox-meta\"><div class=\"w-iconbox-text\"><p><a href=\"mailto:info@lasoci.org\">info@lasoci.org<\/a><\/p>\n<\/div><\/div><\/div><div class=\"w-separator size_small\"><\/div><div class=\"w-iconbox iconpos_left style_circle color_primary align_left no_title\"><div class=\"w-iconbox-icon\" style=\"font-size:22px;\"><i class=\"fas fa-phone\"><\/i><\/div><div class=\"w-iconbox-meta\"><div class=\"w-iconbox-text\"><p>93 211 15 44<\/p>\n<\/div><\/div><\/div><div class=\"w-separator size_small\"><\/div><div class=\"w-iconbox iconpos_left style_circle color_primary align_left no_title\"><div class=\"w-iconbox-icon\" style=\"font-size:22px;\"><i class=\"fas fa-map-marker-alt\"><\/i><\/div><div class=\"w-iconbox-meta\"><div class=\"w-iconbox-text\"><p>Sardenya, 521-523. 08024 Barcelona<\/p>\n<\/div><\/div><\/div><div class=\"w-separator size_small\"><\/div><div class=\"w-iconbox iconpos_left style_circle color_primary align_left no_title\"><div class=\"w-iconbox-icon\" style=\"font-size:22px;\"><i class=\"fas fa-map-marker-alt\"><\/i><\/div><div class=\"w-iconbox-meta\"><div class=\"w-iconbox-text\"><p>Parking de Forus Sardenya, situado en Pau Alsina, 130. Pide tiques de parking en la recepci\u00f3n de la Soci (2 euros\/hora).<\/p>\n<\/div><\/div><\/div><div class=\"w-separator size_small\"><\/div><div class=\"w-iconbox iconpos_left style_circle color_primary align_left no_title\"><div class=\"w-iconbox-icon\" style=\"font-size:22px;\"><i class=\"fas fa-inbox\"><\/i><\/div><div class=\"w-iconbox-meta\"><div class=\"w-iconbox-text\"><p>Cartera &#8211; Centro 9099<\/p>\n<\/div><\/div><\/div><div class=\"w-separator size_small\"><\/div><div class=\"w-iconbox iconpos_left style_circle color_primary align_left no_title\"><div class=\"w-iconbox-icon\" style=\"font-size:22px;\"><i class=\"fas fa-clock\"><\/i><\/div><div class=\"w-iconbox-meta\"><div class=\"w-iconbox-text\"><p>Sede social: l-j de 9 a 20 h; v de 9 a 15 h. || Administraci\u00f3n: l-j de 9 a 18 h. V de 9 a 15 h.<\/p>\n<\/div><\/div><\/div><div class=\"w-separator size_medium\"><\/div>[vc_raw_html]PGlmcmFtZSBzcmM9Imh0dHBzOi8vd3d3Lmdvb2dsZS5jb20vbWFwcy9lbWJlZD9wYj0hMW0xOCExbTEyITFtMyExZDI5OTIuMjk2NzM2ODA0ODA3NiEyZDIuMTYwOTY5ODE2MDE2NzI5NCEzZDQxLjQxMTA3NjgwMjQ4Nzk3ITJtMyExZjAhMmYwITNmMCEzbTIhMWkxMDI0ITJpNzY4ITRmMTMuMSEzbTMhMW0yITFzMHgxMmE0YTJiNzhhMzk4NjMzJTNBMHgyMDkwMzVkZWQ2ODJkNzI3ITJzQ2FycmVyJTIwZGUlMjBTYXJkZW55YSUyQyUyMDUyMSUyQyUyMDUyMyUyQyUyMDA4MDI0JTIwQmFyY2Vsb25hITVlMCEzbTIhMXNlcyEyc2VzITR2MTU4MDQ3NjE4Nzk5NyE1bTIhMXNlcyEyc2VzIiB3aWR0aD0iNjAwIiBoZWlnaHQ9IjQyMCIgZnJhbWVib3JkZXI9IjAiIHN0eWxlPSJib3JkZXI6MDsiIGFsbG93ZnVsbHNjcmVlbj0iIj48L2lmcmFtZT4=[\/vc_raw_html]<\/div><\/div><\/div><div class=\"vc_col-sm-6 wpb_column vc_column_container\"><div class=\"vc_column-inner\"><div class=\"wpb_wrapper\"><div class=\"wpb_text_column\" ><div class=\"wpb_wrapper\"><h3>Consultas y sugerencias<\/h3>\n<p>Rellena este formulario con tus datos de contacto y tu mensaje y nos pondremos en contacto contigo.<\/p>\n<\/div><\/div><div class=\"w-separator size_small\"><\/div><form class=\"w-form  layout_ver for_cform us_form_1\" autocomplete=\"off\" action=\"https:\/\/www.lasoci.org\/es\/wp-json\/wp\/v2\/pages\/7931\" method=\"post\"><div class=\"w-form-h\"><div class=\"w-form-row for_text required with_icon\">\n\t\t<div class=\"w-form-row-field\">\n\t\t\t\t<i class=\"far fa-user\"><\/i>\t\t<input aria-label=\"Nombre\" type=\"text\" name=\"us_form_1_text_1\" value placeholder=\"Nombre *\" data-required=\"true\" aria-required=\"true\"\/>\n\t\t\t<\/div>\n\t\t<div class=\"w-form-row-state\">Rellena este campo<\/div>\n<\/div>\n<div class=\"w-form-row for_text required with_icon\">\n\t\t<div class=\"w-form-row-field\">\n\t\t\t\t<i class=\"far fa-envelope\"><\/i>\t\t<input aria-label=\"Email\" type=\"text\" name=\"us_form_1_text_2\" value placeholder=\"Email *\" data-required=\"true\" aria-required=\"true\"\/>\n\t\t\t<\/div>\n\t\t<div class=\"w-form-row-state\">Rellena este campo<\/div>\n<\/div>\n<div class=\"w-form-row for_text with_icon\">\n\t\t<div class=\"w-form-row-field\">\n\t\t\t\t<i class=\"far fa-phone\"><\/i>\t\t<input aria-label=\"Tel\u00e9fono\" type=\"text\" name=\"us_form_1_text_3\" value placeholder=\"Tel\u00e9fono\"\/>\n\t\t\t<\/div>\n\t\t<div class=\"w-form-row-state\">Rellena este campo<\/div>\n<\/div>\n<div class=\"w-form-row for_textarea with_icon\">\n\t\t<div class=\"w-form-row-field\">\n\t\t\t\t<i class=\"far fa-pencil\"><\/i>\t\t<textarea aria-label=\"Mensaje\" name=\"us_form_1_textarea_1\" placeholder=\"Mensaje\"><\/textarea>\n\t\t\t<\/div>\n\t\t<div class=\"w-form-row-state\">Rellena este campo<\/div>\n<\/div>\n<div class=\"w-form-row for_captcha has_label required with_icon\">\n\t<div class=\"w-form-row-label\">\n\t\t<span>Resuelve esta ecuaci\u00f3n, por favor: <span>24 - 14 = ?<\/span><\/span>\n\t<\/div>\n\t<div class=\"w-form-row-field\">\n\t\t\t\t<input type=\"hidden\" name=\"us_form_1_captcha_1_hash\" value=\"5803b7fb342ef85764eb1d409e9f46d0\" \/>\n\t\t<i class=\"far fa-question-circle\"><\/i>\t\t<input aria-label=\"Resuelve esta ecuaci\u00f3n, por favor:\" type=\"text\" name=\"us_form_1_captcha_1\" placeholder data-required=\"true\" aria-required=\"true\"\/>\n\t\t\t<\/div>\n\t\t<div class=\"w-form-row-state\">Escriba el resultado de la operaci\u00f3n para continuar<\/div>\n<\/div>\n<div class=\"w-form-row for_agreement required\">\n\t\t<div class=\"w-form-row-field\">\n\t\t\t\t<label>\n\t\t\t<input type=\"checkbox\" class=\"screen-reader-text\" value=\"1\" data-required=\"true\" aria-required=\"true\" name=\"us_form_1_agreement_1\"\/>\n\t\t\t<span class=\"w-form-checkbox\"><\/span>\n\t\t\t<span>He le\u00eddo y acepto las condiciones de la <a href=\"https:\/\/www.lasoci.org\/es\/politica-de-privacidad\/\" target=\"_blank\">pol\u00edtica de privacidad<\/a>.<\/span>\n\t\t<\/label>\n\t\t\t<\/div>\n\t\t<div class=\"w-form-row-state\">Necesita estar de acuerdo con los t\u00e9rminos para continuar<\/div>\n<\/div><input type=\"hidden\" name=\"action\" value=\"us_ajax_cform\" \/><input type=\"hidden\" name=\"post_id\" value=\"0\" \/><input type=\"hidden\" name=\"form_index\" value=\"1\" \/><div class=\"w-form-row for_submit align_default\">\n\t<div class=\"w-form-row-field\">\n\t\t\t\t<button class=\"w-btn  us-btn-style_1\" aria-label=\"Enviar\" type=\"submit\">\n\t\t\t<span class=\"g-preloader type_1\"><\/span>\n\t\t\t\t\t\t<span class=\"w-btn-label\">Enviar<\/span>\n\t\t\t\t\t<\/button>\n\t<\/div>\n<\/div><\/div><div class=\"w-form-message\"><\/div><div class=\"w-form-json hidden\" onclick='return {&quot;ajaxurl&quot;:&quot;https:\\\/\\\/www.lasoci.org\\\/wp-admin\\\/admin-ajax.php&quot;}'><\/div><\/form><div class=\"w-separator size_small\"><\/div><div class=\"wpb_text_column\" ><div class=\"wpb_wrapper\"><p>* Campos obligatorios.<\/p>\n<\/div><\/div><div class=\"w-separator size_small\"><\/div><div class=\"wpb_text_column\" ><div class=\"wpb_wrapper\"><p>La Associaci\u00f3 del Personal de \u201cla Caixa\u201d tratar\u00e1 tus datos para atender tu consulta de acuerdo con la naturaleza de la misma, contactarte si es necesario y, en su caso, enviarte comunicaciones comerciales. Puedes ejercer tus derechos de protecci\u00f3n de datos y obtener m\u00e1s informaci\u00f3n escribi\u00e9ndonos a <a href=\"mailto:info@lasoci.org\">info@lasoci.org<\/a>.<\/p>\n<\/div><\/div><\/div><\/div><\/div><\/div><\/div><\/section>\n<\/div>","protected":false},"excerpt":{"rendered":"Ponte en contacto con nosotros Te ofrecemos todos estos canales de comunicaci\u00f3n para tu comodidad info@lasoci.org 93 211 15 44 Sardenya, 521-523. 08024 Barcelona Parking de Forus Sardenya, situado en Pau Alsina, 130. Pide tiques de parking en la recepci\u00f3n de la Soci (2 euros\/hora). Cartera - Centro 9099 Sede social: l-j de 9 a...","protected":false},"author":2,"featured_media":0,"parent":0,"menu_order":0,"comment_status":"closed","ping_status":"closed","template":"","meta":{"footnotes":""},"class_list":["post-7931","page","type-page","status-publish","hentry"],"_links":{"self":[{"href":"https:\/\/www.lasoci.org\/es\/wp-json\/wp\/v2\/pages\/7931","targetHints":{"allow":["GET"]}}],"collection":[{"href":"https:\/\/www.lasoci.org\/es\/wp-json\/wp\/v2\/pages"}],"about":[{"href":"https:\/\/www.lasoci.org\/es\/wp-json\/wp\/v2\/types\/page"}],"author":[{"embeddable":true,"href":"https:\/\/www.lasoci.org\/es\/wp-json\/wp\/v2\/users\/2"}],"replies":[{"embeddable":true,"href":"https:\/\/www.lasoci.org\/es\/wp-json\/wp\/v2\/comments?post=7931"}],"version-history":[{"count":37,"href":"https:\/\/www.lasoci.org\/es\/wp-json\/wp\/v2\/pages\/7931\/revisions"}],"predecessor-version":[{"id":17326,"href":"https:\/\/www.lasoci.org\/es\/wp-json\/wp\/v2\/pages\/7931\/revisions\/17326"}],"wp:attachment":[{"href":"https:\/\/www.lasoci.org\/es\/wp-json\/wp\/v2\/media?parent=7931"}],"curies":[{"name":"wp","href":"https:\/\/api.w.org\/{rel}","templated":true}]}}