{"id":7927,"date":"2020-02-05T19:58:02","date_gmt":"2020-02-05T18:58:02","guid":{"rendered":"https:\/\/www.lasoci.org\/que-hacemos\/servicios\/"},"modified":"2025-03-03T10:55:19","modified_gmt":"2025-03-03T09:55:19","slug":"servicios","status":"publish","type":"page","link":"https:\/\/www.lasoci.org\/es\/que-hacemos\/servicios\/","title":{"rendered":"Servicios"},"content":{"rendered":"<div class=\"wpb-content-wrapper\"><section class=\"l-section wpb_row height_small color_alternate\"><div class=\"l-section-h i-cf\"><div class=\"g-cols vc_row type_default valign_top\"><div class=\"vc_col-sm-12 wpb_column vc_column_container\"><div class=\"vc_column-inner\"><div class=\"wpb_wrapper\"><div class=\"g-cols wpb_row  type_default valign_top vc_inner\"><div class=\"vc_col-sm-12 wpb_column vc_column_container\"><div class=\"vc_column-inner\"><div class=\"wpb_wrapper\"><div class=\"wpb_text_column\" ><div class=\"wpb_wrapper\"><h3 class=\"m-3660141812691238551msonospacing\" style=\"text-align: center;\">Nuestros anuncios de compra-venta, alquiler de inmuebles y otros servicios, equipaciones deportivas de secciones\u2026<\/h3>\n<\/div><\/div><\/div><\/div><\/div><\/div><\/div><\/div><\/div><\/div><\/div><\/section><section class=\"l-section wpb_row height_medium\"><div class=\"l-section-h i-cf\"><div class=\"g-cols vc_row type_default valign_top\"><div class=\"vc_col-sm-12 wpb_column vc_column_container\"><div class=\"vc_column-inner\"><div class=\"wpb_wrapper\"><div class=\"w-tabs layout_ver navpos_left navwidth_auto title_atleft style_default switch_click icon_chevron iconpos_right title_atleft\"><div class=\"w-tabs-list items_3\"><div class=\"w-tabs-list-h\"><a class=\"w-tabs-item active with_icon\" aria-controls=\"content-1560942742916-c30aa8fd-448c\" href=\"javascript:void(0);\"><i class=\"far fa-sticky-note\"><\/i><span class=\"w-tabs-item-title\">Tabl\u00f3n de anuncios<\/span><\/a><a class=\"w-tabs-item with_icon\" aria-controls=\"content-1560942742933-f12d4c54-370e\" href=\"javascript:void(0);\"><i class=\"far fa-book\"><\/i><span class=\"w-tabs-item-title\">Pr\u00e9stamo de libros<\/span><\/a><a class=\"w-tabs-item with_icon\" aria-controls=\"content-1560943036335-38e1cca5-d30f\" href=\"javascript:void(0);\"><i class=\"far fa-address-card\"><\/i><span class=\"w-tabs-item-title\">Directorio de asociados<\/span><\/a><\/div><\/div><div class=\"w-tabs-sections\"><div class=\"w-tabs-sections-h\"><div class=\"w-tabs-section with_icon active\" id=\"1560942742916-c30aa8fd-448c\"><button aria-controls=\"content-1560942742916-c30aa8fd-448c\" class=\"w-tabs-section-header active\"><div class=\"w-tabs-section-header-h\"><i class=\"far fa-sticky-note\"><\/i><div class=\"w-tabs-section-title\">Tabl\u00f3n de anuncios<\/div><div class=\"w-tabs-section-control\"><\/div><\/div><\/button><div class=\"w-tabs-section-content\" id=\"content-1560942742916-c30aa8fd-448c\" aria-expanded=\"true\"><div class=\"w-tabs-section-content-h i-cf\"><div class=\"wpb_text_column\" ><div class=\"wpb_wrapper\"><p>Publica tus anuncios de <strong>compra<\/strong>, <strong>venta<\/strong> o <strong>alquiler<\/strong> de inmuebles, veh\u00edculos y todo tipo de objetos que sean de tu inter\u00e9s.<\/p>\n<\/div><\/div><div class=\"w-separator size_medium\"><\/div>[vc_raw_html]JTVCZmluaXNfYW51bmNpczIlNUQ=[\/vc_raw_html]<\/div><\/div><\/div><div class=\"w-tabs-section with_icon\" id=\"1560942742933-f12d4c54-370e\"><button aria-controls=\"content-1560942742933-f12d4c54-370e\" class=\"w-tabs-section-header\"><div class=\"w-tabs-section-header-h\"><i class=\"far fa-book\"><\/i><div class=\"w-tabs-section-title\">Pr\u00e9stamo de libros<\/div><div class=\"w-tabs-section-control\"><\/div><\/div><\/button><div class=\"w-tabs-section-content\" id=\"content-1560942742933-f12d4c54-370e\" aria-expanded=\"false\"><div class=\"w-tabs-section-content-h i-cf\"><div class=\"wpb_text_column\" ><div class=\"wpb_wrapper\"><p>Solicita libros de nuestro fondo en pr\u00e9stamo. Cada asociado puede solicitar al mismo tiempo un m\u00e1ximo de <strong>dos libros<\/strong>. El tiempo m\u00e1ximo para tener una obra en pr\u00e9stamo es de <strong>20 d\u00edas<\/strong>. Los env\u00edos se har\u00e1n mediante el servicio de Cartera de \u00abla Caixa.<\/p>\n<p>Aquellos asociados que no est\u00e9n en activo deber\u00e1n comunicar la oficina de destino a trav\u00e9s del correo electr\u00f3nico <a href=\"mailto:info@lasoci.org\">info@lasoci.org<\/a>.<\/p>\n<\/div><\/div><div class=\"w-separator size_medium\"><\/div>[vc_raw_html]W2ZpbmlzX3ByZXN0ZWNfbGxpYnJlc10=[\/vc_raw_html]<\/div><\/div><\/div><div class=\"w-tabs-section with_icon\" id=\"1560943036335-38e1cca5-d30f\"><button aria-controls=\"content-1560943036335-38e1cca5-d30f\" class=\"w-tabs-section-header\"><div class=\"w-tabs-section-header-h\"><i class=\"far fa-address-card\"><\/i><div class=\"w-tabs-section-title\">Directorio de asociados<\/div><div class=\"w-tabs-section-control\"><\/div><\/div><\/button><div class=\"w-tabs-section-content\" id=\"content-1560943036335-38e1cca5-d30f\" aria-expanded=\"false\"><div class=\"w-tabs-section-content-h i-cf\"><div class=\"wpb_text_column\" ><div class=\"wpb_wrapper\"><p>Consulta los datos y los intereses que han hecho p\u00fablicos los dem\u00e1s asociados.<\/p>\n<\/div><\/div><div class=\"w-separator size_medium\"><\/div>[vc_raw_html]W2ZpbmlzX2RpcmVjdG9yaV9hc3NvY2lhdHNd[\/vc_raw_html]<\/div><\/div><\/div><\/div><\/div><\/div><\/div><\/div><\/div><\/div><\/div><\/section>\n<\/div>","protected":false},"excerpt":{"rendered":"Nuestros anuncios de compra-venta, alquiler de inmuebles y otros servicios, equipaciones deportivas de secciones\u2026 Tabl\u00f3n de anunciosPr\u00e9stamo de librosDirectorio de asociadosTabl\u00f3n de anunciosPublica tus anuncios de compra, venta o alquiler de inmuebles, veh\u00edculos y todo tipo de objetos que sean de tu inter\u00e9s. [vc_raw_html]JTVCZmluaXNfYW51bmNpczIlNUQ=[\/vc_raw_html]Pr\u00e9stamo de librosSolicita libros de nuestro fondo en pr\u00e9stamo. Cada asociado puede...","protected":false},"author":2,"featured_media":0,"parent":7917,"menu_order":0,"comment_status":"closed","ping_status":"closed","template":"","meta":{"footnotes":""},"class_list":["post-7927","page","type-page","status-publish","hentry"],"_links":{"self":[{"href":"https:\/\/www.lasoci.org\/es\/wp-json\/wp\/v2\/pages\/7927","targetHints":{"allow":["GET"]}}],"collection":[{"href":"https:\/\/www.lasoci.org\/es\/wp-json\/wp\/v2\/pages"}],"about":[{"href":"https:\/\/www.lasoci.org\/es\/wp-json\/wp\/v2\/types\/page"}],"author":[{"embeddable":true,"href":"https:\/\/www.lasoci.org\/es\/wp-json\/wp\/v2\/users\/2"}],"replies":[{"embeddable":true,"href":"https:\/\/www.lasoci.org\/es\/wp-json\/wp\/v2\/comments?post=7927"}],"version-history":[{"count":14,"href":"https:\/\/www.lasoci.org\/es\/wp-json\/wp\/v2\/pages\/7927\/revisions"}],"predecessor-version":[{"id":16827,"href":"https:\/\/www.lasoci.org\/es\/wp-json\/wp\/v2\/pages\/7927\/revisions\/16827"}],"up":[{"embeddable":true,"href":"https:\/\/www.lasoci.org\/es\/wp-json\/wp\/v2\/pages\/7917"}],"wp:attachment":[{"href":"https:\/\/www.lasoci.org\/es\/wp-json\/wp\/v2\/media?parent=7927"}],"curies":[{"name":"wp","href":"https:\/\/api.w.org\/{rel}","templated":true}]}}