{"id":7925,"date":"2020-02-05T19:53:00","date_gmt":"2020-02-05T18:53:00","guid":{"rendered":"https:\/\/www.lasoci.org\/voluntariado\/"},"modified":"2026-04-13T14:07:52","modified_gmt":"2026-04-13T12:07:52","slug":"voluntariado","status":"publish","type":"page","link":"https:\/\/www.lasoci.org\/es\/voluntariado\/","title":{"rendered":"Voluntariado"},"content":{"rendered":"<div class=\"wpb-content-wrapper\"><section class=\"l-section wpb_row us_custom_cf362e21 height_medium color_primary with_img parallax_hor bgwidth_120 with_overlay\"><div class=\"l-section-img\" style=\"background-image: url(https:\/\/www.lasoci.org\/wp-content\/uploads\/2019\/12\/514280-PI8Q7F-544-3.jpg);background-position: top center;\" data-img-width=\"2000\" data-img-height=\"663\"><\/div><div class=\"l-section-overlay\" style=\"background: rgba(10,10,10,0.3)\"><\/div><div class=\"l-section-h i-cf\"><div class=\"g-cols vc_row type_default valign_top\"><div class=\"vc_col-sm-12 wpb_column vc_column_container\"><div class=\"vc_column-inner\"><div class=\"wpb_wrapper\"><div class=\"wpb_text_column\" ><div class=\"wpb_wrapper\"><h1 style=\"text-align: center;\">VOLUNTARIADO<\/h1>\n<h6 style=\"text-align: center;\">\u00daNETE A LA SOLIDARIDAD. EST\u00c1 EN TUS MANOS HACER UN MUNDO MEJOR. \u00a1AY\u00daDANOS!<\/h6>\n<\/div><\/div><div class=\"w-separator size_small\"><\/div><div class=\"w-iconbox iconpos_top style_default color_custom align_center no_title no_text\"><div class=\"w-iconbox-icon\"><i class=\"fas fa-chevron-down\"><\/i><\/div><div class=\"w-iconbox-meta\"><\/div><\/div><div class=\"w-separator size_small\"><\/div><\/div><\/div><\/div><\/div><\/div><\/section><section class=\"l-section wpb_row height_small color_secondary\"><div class=\"l-section-h i-cf\"><div class=\"g-cols vc_row type_default valign_top\"><div class=\"vc_col-sm-12 wpb_column vc_column_container\"><div class=\"vc_column-inner\"><div class=\"wpb_wrapper\"><div class=\"g-cols wpb_row  type_default valign_middle vc_inner\"><div class=\"vc_col-sm-12 wpb_column vc_column_container\"><div class=\"vc_column-inner\"><div class=\"wpb_wrapper\"><div class=\"wpb_text_column\" ><div class=\"wpb_wrapper\"><h2 style=\"text-align: center;\">Actividades solidarias &#8211; Voluntariado CaixaBank<\/h2>\n<\/div><\/div><\/div><\/div><\/div><\/div><\/div><\/div><\/div><\/div><\/div><\/section><section class=\"l-section wpb_row height_auto width_full color_alternate\" id=\"history\"><div class=\"l-section-h i-cf\"><div class=\"g-cols vc_row type_default valign_top\"><div class=\"vc_col-sm-12 wpb_column vc_column_container\"><div class=\"vc_column-inner\"><div class=\"wpb_wrapper\"><div class=\"g-cols wpb_row  type_boxes valign_top vc_inner\"><div class=\"vc_col-sm-6 wpb_column vc_column_container\"><div class=\"vc_column-inner us_custom_5342eefb\"><div class=\"wpb_wrapper\"><div class=\"w-image align_none\"><div class=\"w-image-h\"><img loading=\"lazy\" decoding=\"async\" width=\"1024\" height=\"682\" src=\"https:\/\/www.lasoci.org\/wp-content\/uploads\/2019\/06\/triatl\u00f3-PAS3-1024x682.jpg\" class=\"attachment-large size-large\" alt=\"\" srcset=\"https:\/\/www.lasoci.org\/wp-content\/uploads\/2019\/06\/triatl\u00f3-PAS3-1024x682.jpg 1024w, https:\/\/www.lasoci.org\/wp-content\/uploads\/2019\/06\/triatl\u00f3-PAS3-300x200.jpg 300w, https:\/\/www.lasoci.org\/wp-content\/uploads\/2019\/06\/triatl\u00f3-PAS3.jpg 1600w\" sizes=\"auto, (max-width: 1024px) 100vw, 1024px\" \/><\/div><\/div><\/div><\/div><\/div><div class=\"vc_col-sm-6 wpb_column vc_column_container\"><div class=\"vc_column-inner\"><div class=\"wpb_wrapper\"><div class=\"w-separator size_small\"><\/div><div class=\"wpb_text_column\" ><div class=\"wpb_wrapper\"><p>Las <strong>actividades solidarias de la Soci &#8211; Voluntariado CaixaBank<\/strong> permiten que los colectivos m\u00e1s desfavorecidos puedan acceder a las actividades organizadas por la Asociaci\u00f3n. Hemos establecido lazos con m\u00e1s de 100 entidades del tercer sector (asociaciones, fundaciones, instituciones, etc.), con las que colaboramos para hacer llegar nuestra ayuda a quienes m\u00e1s lo necesitan.<\/p>\n<p>El objetivo principal es fomentar las actividades que implican <strong>compartir experiencias<\/strong> con las entidades sociales. Tambi\u00e9n se promocionan los talleres y los programas de formaci\u00f3n que dan respuesta a todo tipo de necesidades.<\/p>\n<p>Las <strong>actividades solidarias &#8211; Voluntariado CaixaBank <\/strong>forman parte de nuestra estrategia de hacer una Asociaci\u00f3n solidaria, moderna y abierta a la sociedad, que d\u00e9 respuesta a los grandes retos sociales del siglo XXI.<\/p>\n<h3><span style=\"color: #ff6600;\">C\u00f3mo colaborar<\/span><\/h3>\n<p>Todas las secciones de la Asociaci\u00f3n pueden participar organizando actividades creadas especialmente en el marco de las actividades solidarias &#8211; Voluntariado CaixaBank, o bien aprovechando alguna actividad ordinaria de la secci\u00f3n y d\u00e1ndole una connotaci\u00f3n solidaria.<\/p>\n<p>Adem\u00e1s, los asociados y familiares beneficiarios pueden colaborar a t\u00edtulo individual, participando en alguna de las actividades promovidas tanto por las secciones como por la Asociaci\u00f3n.<\/p>\n<\/div><\/div><div class=\"w-separator size_small\"><\/div><div class=\"w-btn-wrapper width_auto align_left\"><a class=\"w-btn us-btn-style_3\" title=\"Actividades \/ Agenda\" href=\"https:\/\/www.lasoci.org\/es\/voluntariado\/actividades-agenda\/\"><span class=\"w-btn-label\">Agenda<\/span><\/a><\/div><div class=\"w-separator size_small\"><\/div><\/div><\/div><\/div><\/div><\/div><\/div><\/div><\/div><\/div><\/section><section class=\"l-section wpb_row height_medium color_footer-top\"><div class=\"l-section-h i-cf\"><div class=\"g-cols vc_row type_default valign_top\"><div class=\"vc_col-sm-12 wpb_column vc_column_container\"><div class=\"vc_column-inner\"><div class=\"wpb_wrapper\"><div class=\"g-cols wpb_row  type_default valign_middle vc_inner\"><div class=\"vc_col-sm-9 wpb_column vc_column_container\"><div class=\"vc_column-inner\"><div class=\"wpb_wrapper\"><div class=\"wpb_text_column\" ><div class=\"wpb_wrapper\"><h3>Participa con Voluntariado CaixaBank<\/h3>\n<\/div><\/div><\/div><\/div><\/div><div class=\"vc_col-sm-3 wpb_column vc_column_container\"><div class=\"vc_column-inner\"><div class=\"wpb_wrapper\"><div class=\"w-image align_none\"><a target=\"_blank\" href=\"https:\/\/www.voluntariadocaixabank.org\/es\/\" rel=\"noopener\" aria-label=\"Enlace\" class=\"w-image-h\"><img loading=\"lazy\" decoding=\"async\" width=\"1333\" height=\"266\" src=\"https:\/\/www.lasoci.org\/wp-content\/uploads\/2024\/01\/Voluntariado-CaixaBank-blanc.png\" class=\"attachment-full size-full\" alt=\"\" srcset=\"https:\/\/www.lasoci.org\/wp-content\/uploads\/2024\/01\/Voluntariado-CaixaBank-blanc.png 1333w, https:\/\/www.lasoci.org\/wp-content\/uploads\/2024\/01\/Voluntariado-CaixaBank-blanc-300x60.png 300w, https:\/\/www.lasoci.org\/wp-content\/uploads\/2024\/01\/Voluntariado-CaixaBank-blanc-1024x204.png 1024w, https:\/\/www.lasoci.org\/wp-content\/uploads\/2024\/01\/Voluntariado-CaixaBank-blanc-150x30.png 150w, https:\/\/www.lasoci.org\/wp-content\/uploads\/2024\/01\/Voluntariado-CaixaBank-blanc-800x160.png 800w\" sizes=\"auto, (max-width: 1333px) 100vw, 1333px\" \/><\/a><\/div><\/div><\/div><\/div><\/div><\/div><\/div><\/div><\/div><\/div><\/section><section class=\"l-section wpb_row height_medium\"><div class=\"l-section-h i-cf\"><div class=\"g-cols vc_row type_default valign_top\"><div class=\"vc_col-sm-12 wpb_column vc_column_container\"><div class=\"vc_column-inner\"><div class=\"wpb_wrapper\"><div class=\"g-cols wpb_row  type_default valign_top vc_inner\"><div class=\"vc_col-sm-12 wpb_column vc_column_container\"><div class=\"vc_column-inner\"><div class=\"wpb_wrapper\"><div class=\"w-separator size_small\"><\/div><div class=\"wpb_text_column\" ><div class=\"wpb_wrapper\"><p style=\"text-align: center;\">\u00c9stas son algunas de las entidades con las cuales colaboramos o hemos colaborado:<\/p>\n<\/div><\/div><div class=\"w-separator size_small\"><\/div><div class=\"w-grid type_grid layout_6503 cols_6 no_gap\" id=\"us_grid_1\" data-filterable=\"true\"><style id=\"us_grid_1_css\">@media (max-width:1199px){#us_grid_1 .w-grid-item{width:33.3333%}}@media (max-width:899px){#us_grid_1 .w-grid-item{width:50.0000%}}@media (max-width:599px){#us_grid_1 .w-grid-item{width:100.0000%}}<\/style><style>.layout_6503 .w-grid-item-h{}.layout_6503 .usg_post_image_1{transition-duration:0.3s;opacity:0.66}.layout_6503 .w-grid-item-h:hover .usg_post_image_1{opacity:1}<\/style><div class=\"w-grid-list\" >\t<article class=\"w-grid-item post-7801 attachment type-attachment status-inherit hentry\" data-id=\"7801\">\n\t\t<div class=\"w-grid-item-h\">\n\t\t\t\t\t\t<div class=\"w-post-elm post_image usg_post_image_1 stretched\"><img loading=\"lazy\" decoding=\"async\" width=\"200\" height=\"80\" src=\"https:\/\/www.lasoci.org\/wp-content\/uploads\/2019\/06\/downjaen_logo.jpg\" class=\"attachment-medium size-medium\" alt=\"\" \/><\/div>\t\t<\/div>\n\t<\/article>\n\t<article class=\"w-grid-item post-7797 attachment type-attachment status-inherit hentry\" data-id=\"7797\">\n\t\t<div class=\"w-grid-item-h\">\n\t\t\t\t\t\t<div class=\"w-post-elm post_image usg_post_image_1 stretched\"><img loading=\"lazy\" decoding=\"async\" width=\"200\" height=\"80\" src=\"https:\/\/www.lasoci.org\/wp-content\/uploads\/2019\/06\/afanoc_logo.jpg\" class=\"attachment-medium size-medium\" alt=\"\" \/><\/div>\t\t<\/div>\n\t<\/article>\n\t<article class=\"w-grid-item post-7804 attachment type-attachment status-inherit hentry\" data-id=\"7804\">\n\t\t<div class=\"w-grid-item-h\">\n\t\t\t\t\t\t<div class=\"w-post-elm post_image usg_post_image_1 stretched\"><img loading=\"lazy\" decoding=\"async\" width=\"200\" height=\"80\" src=\"https:\/\/www.lasoci.org\/wp-content\/uploads\/2019\/06\/pallapupas_logo.jpg\" class=\"attachment-medium size-medium\" alt=\"\" \/><\/div>\t\t<\/div>\n\t<\/article>\n\t<article class=\"w-grid-item post-7823 attachment type-attachment status-inherit hentry\" data-id=\"7823\">\n\t\t<div class=\"w-grid-item-h\">\n\t\t\t\t\t\t<div class=\"w-post-elm post_image usg_post_image_1 stretched\"><img loading=\"lazy\" decoding=\"async\" width=\"200\" height=\"80\" src=\"https:\/\/www.lasoci.org\/wp-content\/uploads\/2019\/06\/hospitalsantjoan_logo.jpg\" class=\"attachment-medium size-medium\" alt=\"\" \/><\/div>\t\t<\/div>\n\t<\/article>\n\t<article class=\"w-grid-item post-7800 attachment type-attachment status-inherit hentry\" data-id=\"7800\">\n\t\t<div class=\"w-grid-item-h\">\n\t\t\t\t\t\t<div class=\"w-post-elm post_image usg_post_image_1 stretched\"><img loading=\"lazy\" decoding=\"async\" width=\"200\" height=\"80\" src=\"https:\/\/www.lasoci.org\/wp-content\/uploads\/2019\/06\/creu_roja_logo.jpg\" class=\"attachment-medium size-medium\" alt=\"\" \/><\/div>\t\t<\/div>\n\t<\/article>\n\t<article class=\"w-grid-item post-7803 attachment type-attachment status-inherit hentry\" data-id=\"7803\">\n\t\t<div class=\"w-grid-item-h\">\n\t\t\t\t\t\t<div class=\"w-post-elm post_image usg_post_image_1 stretched\"><img loading=\"lazy\" decoding=\"async\" width=\"200\" height=\"80\" src=\"https:\/\/www.lasoci.org\/wp-content\/uploads\/2019\/06\/oxfam-logo.jpg\" class=\"attachment-medium size-medium\" alt=\"\" \/><\/div>\t\t<\/div>\n\t<\/article>\n\t<article class=\"w-grid-item post-7807 attachment type-attachment status-inherit hentry\" data-id=\"7807\">\n\t\t<div class=\"w-grid-item-h\">\n\t\t\t\t\t\t<div class=\"w-post-elm post_image usg_post_image_1 stretched\"><img loading=\"lazy\" decoding=\"async\" width=\"200\" height=\"80\" src=\"https:\/\/www.lasoci.org\/wp-content\/uploads\/2019\/06\/esclerosimultiple_logo-2.jpg\" class=\"attachment-medium size-medium\" alt=\"\" \/><\/div>\t\t<\/div>\n\t<\/article>\n\t<article class=\"w-grid-item post-7802 attachment type-attachment status-inherit hentry\" data-id=\"7802\">\n\t\t<div class=\"w-grid-item-h\">\n\t\t\t\t\t\t<div class=\"w-post-elm post_image usg_post_image_1 stretched\"><img loading=\"lazy\" decoding=\"async\" width=\"200\" height=\"80\" src=\"https:\/\/www.lasoci.org\/wp-content\/uploads\/2019\/06\/lamarato.jpg\" class=\"attachment-medium size-medium\" alt=\"\" \/><\/div>\t\t<\/div>\n\t<\/article>\n\t<article class=\"w-grid-item post-7799 attachment type-attachment status-inherit hentry\" data-id=\"7799\">\n\t\t<div class=\"w-grid-item-h\">\n\t\t\t\t\t\t<div class=\"w-post-elm post_image usg_post_image_1 stretched\"><img loading=\"lazy\" decoding=\"async\" width=\"200\" height=\"80\" src=\"https:\/\/www.lasoci.org\/wp-content\/uploads\/2019\/06\/caritas_logo.jpg\" class=\"attachment-medium size-medium\" alt=\"\" \/><\/div>\t\t<\/div>\n\t<\/article>\n\t<article class=\"w-grid-item post-7798 attachment type-attachment status-inherit hentry\" data-id=\"7798\">\n\t\t<div class=\"w-grid-item-h\">\n\t\t\t\t\t\t<div class=\"w-post-elm post_image usg_post_image_1 stretched\"><img loading=\"lazy\" decoding=\"async\" width=\"200\" height=\"80\" src=\"https:\/\/www.lasoci.org\/wp-content\/uploads\/2019\/06\/bancaliments_logo.jpg\" class=\"attachment-medium size-medium\" alt=\"\" \/><\/div>\t\t<\/div>\n\t<\/article>\n\t<article class=\"w-grid-item post-7806 attachment type-attachment status-inherit hentry\" data-id=\"7806\">\n\t\t<div class=\"w-grid-item-h\">\n\t\t\t\t\t\t<div class=\"w-post-elm post_image usg_post_image_1 stretched\"><img loading=\"lazy\" decoding=\"async\" width=\"200\" height=\"80\" src=\"https:\/\/www.lasoci.org\/wp-content\/uploads\/2019\/06\/aecc_logo.jpg\" class=\"attachment-medium size-medium\" alt=\"\" \/><\/div>\t\t<\/div>\n\t<\/article>\n\t<article class=\"w-grid-item post-7822 attachment type-attachment status-inherit hentry\" data-id=\"7822\">\n\t\t<div class=\"w-grid-item-h\">\n\t\t\t\t\t\t<div class=\"w-post-elm post_image usg_post_image_1 stretched\"><img loading=\"lazy\" decoding=\"async\" width=\"200\" height=\"80\" src=\"https:\/\/www.lasoci.org\/wp-content\/uploads\/2019\/06\/feder_logo.jpg\" class=\"attachment-medium size-medium\" alt=\"\" \/><\/div>\t\t<\/div>\n\t<\/article>\n<\/div><div class=\"w-grid-preloader\"><div class=\"g-preloader type_1\">\n\t<div><\/div>\n<\/div>\n<\/div>\t<div class=\"w-grid-json hidden\" onclick='return {&quot;action&quot;:&quot;us_ajax_grid&quot;,&quot;ajax_url&quot;:&quot;https:\\\/\\\/www.lasoci.org\\\/wp-admin\\\/admin-ajax.php&quot;,&quot;infinite_scroll&quot;:0,&quot;max_num_pages&quot;:2,&quot;pagination&quot;:&quot;none&quot;,&quot;permalink_url&quot;:&quot;https:\\\/\\\/www.lasoci.org\\\/es\\\/wp-json\\\/wp\\\/v2\\\/pages\\\/7925\\\/&quot;,&quot;template_vars&quot;:{&quot;columns&quot;:&quot;6&quot;,&quot;exclude_items&quot;:&quot;none&quot;,&quot;img_size&quot;:&quot;medium&quot;,&quot;ignore_items_size&quot;:false,&quot;items_layout&quot;:&quot;6503&quot;,&quot;items_offset&quot;:&quot;1&quot;,&quot;load_animation&quot;:&quot;none&quot;,&quot;overriding_link&quot;:&quot;none&quot;,&quot;post_id&quot;:7925,&quot;query_args&quot;:{&quot;post_type&quot;:[&quot;attachment&quot;],&quot;post__in&quot;:[&quot;7092&quot;,&quot;7093&quot;,&quot;7094&quot;,&quot;7095&quot;,&quot;7096&quot;,&quot;7098&quot;,&quot;7099&quot;,&quot;7100&quot;,&quot;7101&quot;,&quot;7102&quot;,&quot;7103&quot;,&quot;7132&quot;,&quot;7133&quot;],&quot;post_status&quot;:&quot;inherit&quot;,&quot;post_mime_type&quot;:&quot;image&quot;,&quot;posts_per_page&quot;:&quot;12&quot;},&quot;orderby_query_args&quot;:{&quot;orderby&quot;:&quot;RAND(1596308560)&quot;},&quot;type&quot;:&quot;grid&quot;,&quot;us_grid_ajax_index&quot;:1,&quot;us_grid_filter_params&quot;:null,&quot;us_grid_index&quot;:1,&quot;_us_grid_post_type&quot;:&quot;attachment&quot;,&quot;lang&quot;:&quot;es&quot;}}'><\/div>\n\t<\/div><\/div><\/div><\/div><\/div><\/div><\/div><\/div><\/div><\/div><\/section>\n<\/div>","protected":false},"excerpt":{"rendered":"","protected":false},"author":2,"featured_media":0,"parent":0,"menu_order":0,"comment_status":"closed","ping_status":"closed","template":"","meta":{"footnotes":""},"class_list":["post-7925","page","type-page","status-publish","hentry"],"_links":{"self":[{"href":"https:\/\/www.lasoci.org\/es\/wp-json\/wp\/v2\/pages\/7925","targetHints":{"allow":["GET"]}}],"collection":[{"href":"https:\/\/www.lasoci.org\/es\/wp-json\/wp\/v2\/pages"}],"about":[{"href":"https:\/\/www.lasoci.org\/es\/wp-json\/wp\/v2\/types\/page"}],"author":[{"embeddable":true,"href":"https:\/\/www.lasoci.org\/es\/wp-json\/wp\/v2\/users\/2"}],"replies":[{"embeddable":true,"href":"https:\/\/www.lasoci.org\/es\/wp-json\/wp\/v2\/comments?post=7925"}],"version-history":[{"count":17,"href":"https:\/\/www.lasoci.org\/es\/wp-json\/wp\/v2\/pages\/7925\/revisions"}],"predecessor-version":[{"id":17802,"href":"https:\/\/www.lasoci.org\/es\/wp-json\/wp\/v2\/pages\/7925\/revisions\/17802"}],"wp:attachment":[{"href":"https:\/\/www.lasoci.org\/es\/wp-json\/wp\/v2\/media?parent=7925"}],"curies":[{"name":"wp","href":"https:\/\/api.w.org\/{rel}","templated":true}]}}