{"id":7923,"date":"2020-02-05T19:48:44","date_gmt":"2020-02-05T18:48:44","guid":{"rendered":"https:\/\/www.lasoci.org\/actividades\/"},"modified":"2020-11-25T19:34:00","modified_gmt":"2020-11-25T18:34:00","slug":"talleres","status":"publish","type":"page","link":"https:\/\/www.lasoci.org\/es\/que-hacemos\/talleres\/","title":{"rendered":"Talleres"},"content":{"rendered":"<div class=\"wpb-content-wrapper\"><section class=\"l-section wpb_row height_auto\"><div class=\"l-section-h i-cf\"><div class=\"g-cols vc_row type_default valign_top\"><div class=\"vc_col-sm-12 wpb_column vc_column_container\"><div class=\"vc_column-inner\"><div class=\"wpb_wrapper\">[rev_slider_vc alias=\u00bbhome-cat-1&#8243;]<\/div><\/div><\/div><\/div><\/div><\/section><section class=\"l-section wpb_row height_small color_alternate\"><div class=\"l-section-h i-cf\"><div class=\"g-cols vc_row type_default valign_top\"><div class=\"vc_col-sm-12 wpb_column vc_column_container\"><div class=\"vc_column-inner\"><div class=\"wpb_wrapper\"><div class=\"g-cols wpb_row  type_default valign_top vc_inner\"><div class=\"vc_col-sm-12 wpb_column vc_column_container\"><div class=\"vc_column-inner\"><div class=\"wpb_wrapper\"><div class=\"wpb_text_column\" ><div class=\"wpb_wrapper\"><p>En la Soci empezaremos a realizar talleres en l\u00ednea que se podr\u00e1n seguir en todo el territorio, as\u00ed que todos y todas estamos invitados a participar. En breve, podr\u00e1s consultar la agenda de talleres, y tambi\u00e9n los v\u00eddeos de los talleres que ya se hayan llevado a cabo.<\/p>\n<\/div><\/div><\/div><\/div><\/div><\/div><\/div><\/div><\/div><\/div><\/div><\/section><section class=\"l-section wpb_row height_medium\"><div class=\"l-section-h i-cf\"><div class=\"g-cols vc_row type_default valign_top\"><div class=\"vc_col-sm-6 wpb_column vc_column_container\"><div class=\"vc_column-inner\"><div class=\"wpb_wrapper\"><div class=\"w-iconbox iconpos_top style_circle color_light align_center\"><div class=\"w-iconbox-icon\" style=\"font-size:2rem;\"><i class=\"fas fa-calendar-alt\"><\/i><\/div><div class=\"w-iconbox-meta\"><h4 class=\"w-iconbox-title\">Agenda de talleres<\/h4><div class=\"w-iconbox-text\"><p>\u00a1Estate al d\u00eda de todos los talleres que hacemos en la Soci! Pr\u00f3ximamente, en la agenda de talleres ver\u00e1s todo lo que te ofrecemos.<\/p>\n<\/div><\/div><\/div><\/div><\/div><\/div><div class=\"vc_col-sm-6 wpb_column vc_column_container\"><div class=\"vc_column-inner\"><div class=\"wpb_wrapper\"><div class=\"w-iconbox iconpos_top style_circle color_light align_center\"><a target=\"_blank\" href=\"https:\/\/www.youtube.com\/playlist?list=PLl5kudlruQjGMbfSr3DVttYQKy8woBqom\" rel=\"noopener\" class=\"w-iconbox-link\" aria-label=\"Talleres anteriores\"><div class=\"w-iconbox-icon\" style=\"font-size:2rem;\"><i class=\"fas fa-calendar-alt\"><\/i><\/div><\/a><div class=\"w-iconbox-meta\"><a target=\"_blank\" href=\"https:\/\/www.youtube.com\/playlist?list=PLl5kudlruQjGMbfSr3DVttYQKy8woBqom\" rel=\"noopener\" class=\"w-iconbox-link\" aria-label=\"Talleres anteriores\"><h4 class=\"w-iconbox-title\">Talleres anteriores<\/h4><\/a><div class=\"w-iconbox-text\"><p>Aqu\u00ed podr\u00e1s consultar los v\u00eddeos de los talleres que ya hayamos realizado. \u00a1Seguro que no te querr\u00e1s perder los siguientes!<\/p>\n<\/div><\/div><\/div><\/div><\/div><\/div><\/div><\/div><\/section><section class=\"l-section wpb_row height_medium\"><div class=\"l-section-h i-cf\"><div class=\"g-cols vc_row type_default valign_top\"><div class=\"vc_col-sm-12 wpb_column vc_column_container\"><div class=\"vc_column-inner\"><div class=\"wpb_wrapper\"><div class=\"g-cols wpb_row  type_default valign_top vc_inner\"><div class=\"vc_col-sm-12 wpb_column vc_column_container\"><div class=\"vc_column-inner\"><div class=\"wpb_wrapper\">[vc_raw_html]JTVCZmluaXNfY2FsZW5kYXJpX3RhbGxlcnMlNUQ=[\/vc_raw_html]<\/div><\/div><\/div><\/div><\/div><\/div><\/div><\/div><\/div><\/section>\n<\/div>","protected":false},"excerpt":{"rendered":"[rev_slider_vc alias=\"home-cat-1\"]En la Soci empezaremos a realizar talleres en l\u00ednea que se podr\u00e1n seguir en todo el territorio, as\u00ed que todos y todas estamos invitados a participar. En breve, podr\u00e1s consultar la agenda de talleres, y tambi\u00e9n los v\u00eddeos de los talleres que ya se hayan llevado a cabo. Agenda de talleres\u00a1Estate al d\u00eda de...","protected":false},"author":2,"featured_media":0,"parent":7917,"menu_order":0,"comment_status":"closed","ping_status":"closed","template":"","meta":{"footnotes":""},"class_list":["post-7923","page","type-page","status-publish","hentry"],"_links":{"self":[{"href":"https:\/\/www.lasoci.org\/es\/wp-json\/wp\/v2\/pages\/7923","targetHints":{"allow":["GET"]}}],"collection":[{"href":"https:\/\/www.lasoci.org\/es\/wp-json\/wp\/v2\/pages"}],"about":[{"href":"https:\/\/www.lasoci.org\/es\/wp-json\/wp\/v2\/types\/page"}],"author":[{"embeddable":true,"href":"https:\/\/www.lasoci.org\/es\/wp-json\/wp\/v2\/users\/2"}],"replies":[{"embeddable":true,"href":"https:\/\/www.lasoci.org\/es\/wp-json\/wp\/v2\/comments?post=7923"}],"version-history":[{"count":9,"href":"https:\/\/www.lasoci.org\/es\/wp-json\/wp\/v2\/pages\/7923\/revisions"}],"predecessor-version":[{"id":9481,"href":"https:\/\/www.lasoci.org\/es\/wp-json\/wp\/v2\/pages\/7923\/revisions\/9481"}],"up":[{"embeddable":true,"href":"https:\/\/www.lasoci.org\/es\/wp-json\/wp\/v2\/pages\/7917"}],"wp:attachment":[{"href":"https:\/\/www.lasoci.org\/es\/wp-json\/wp\/v2\/media?parent=7923"}],"curies":[{"name":"wp","href":"https:\/\/api.w.org\/{rel}","templated":true}]}}