{"id":7917,"date":"2020-02-05T19:43:23","date_gmt":"2020-02-05T18:43:23","guid":{"rendered":"https:\/\/www.lasoci.org\/que-hacemos\/"},"modified":"2025-10-14T14:04:38","modified_gmt":"2025-10-14T12:04:38","slug":"que-hacemos","status":"publish","type":"page","link":"https:\/\/www.lasoci.org\/es\/que-hacemos\/","title":{"rendered":"Qu\u00e9 hacemos"},"content":{"rendered":"<div class=\"wpb-content-wrapper\"><section class=\"l-section wpb_row us_custom_4e0cc4c3 height_medium color_primary with_img parallax_hor bgwidth_120 with_overlay\"><div class=\"l-section-img\" style=\"background-image: url(https:\/\/www.lasoci.org\/wp-content\/uploads\/2019\/06\/993.jpg);\" data-img-width=\"2000\" data-img-height=\"1335\"><\/div><div class=\"l-section-overlay\" style=\"background: rgba(10,10,10,0.5)\"><\/div><div class=\"l-section-h i-cf\"><div class=\"g-cols vc_row type_default valign_top\"><div class=\"vc_col-sm-12 wpb_column vc_column_container\"><div class=\"vc_column-inner\"><div class=\"wpb_wrapper\"><div class=\"wpb_text_column\" ><div class=\"wpb_wrapper\"><h1 style=\"text-align: center;\">QU\u00c9 OFRECEMOS<\/h1>\n<h6 style=\"text-align: center;\">EL DEPORTE, LA CULTURA Y TODAS NUESTRAS ACTIVIDADES SON EL ALMA DE LA ASOCIACI\u00d3N<\/h6>\n<\/div><\/div><div class=\"w-separator size_small\"><\/div><div class=\"w-iconbox iconpos_top style_default color_custom align_center no_title no_text\"><div class=\"w-iconbox-icon\"><i class=\"fas fa-chevron-down\"><\/i><\/div><div class=\"w-iconbox-meta\"><\/div><\/div><div class=\"w-separator size_small\"><\/div><\/div><\/div><\/div><\/div><\/div><\/section><section class=\"l-section wpb_row height_auto color_primary type_sticky\"><div class=\"l-section-h i-cf\"><div class=\"g-cols vc_row type_default valign_top\"><div class=\"vc_col-sm-12 wpb_column vc_column_container\"><div class=\"vc_column-inner\"><div class=\"wpb_wrapper\">[vc_wp_custommenu layout=\u00bbhor\u00bb align=\u00bbcenter\u00bb nav_menu=\u00bb63&#8243;]<\/div><\/div><\/div><\/div><\/div><\/section><section class=\"l-section wpb_row height_medium color_alternate\"><div class=\"l-section-h i-cf\"><div class=\"g-cols vc_row type_default valign_top\"><div class=\"vc_col-sm-12 wpb_column vc_column_container\"><div class=\"vc_column-inner\"><div class=\"wpb_wrapper\"><div class=\"wpb_text_column\" ><div class=\"wpb_wrapper\"><h3 style=\"text-align: center;\">Las actividades, promovidas y organizadas por los asociados y asociadas, permiten disfrutar y practicar un buen n\u00famero de aficiones a todos los que formamos parte de este gran proyecto que es la asociaci\u00f3n.<\/h3>\n<\/div><\/div><div class=\"w-separator size_medium\"><\/div><div class=\"g-cols wpb_row  type_default valign_top vc_inner\"><div class=\"vc_col-sm-4 wpb_column vc_column_container\"><div class=\"vc_column-inner\"><div class=\"wpb_wrapper\"><div class=\"w-iconbox iconpos_top style_circle color_light align_center\"><a title=\"Secciones deportivas\" href=\"https:\/\/www.lasoci.org\/es\/que-hacemos\/secciones-deportivas\/\" class=\"w-iconbox-link\" aria-label=\"Secciones Deportivas\"><div class=\"w-iconbox-icon\" style=\"font-size:2rem;\"><i class=\"far fa-running\"><\/i><\/div><\/a><div class=\"w-iconbox-meta\"><a title=\"Secciones deportivas\" href=\"https:\/\/www.lasoci.org\/es\/que-hacemos\/secciones-deportivas\/\" class=\"w-iconbox-link\" aria-label=\"Secciones Deportivas\"><h4 class=\"w-iconbox-title\">Secciones Deportivas<\/h4><\/a><div class=\"w-iconbox-text\"><p>\u00bfTodav\u00eda no te has decidido? Tenemos 167 secciones deportivas diferentes de 27 deportes diferentes.<\/p>\n<\/div><\/div><\/div><\/div><\/div><\/div><div class=\"vc_col-sm-4 wpb_column vc_column_container\"><div class=\"vc_column-inner\"><div class=\"wpb_wrapper\"><div class=\"w-iconbox iconpos_top style_circle color_light align_center\"><a title=\"Secciones culturales\" href=\"https:\/\/www.lasoci.org\/es\/que-hacemos\/secciones-culturales\/\" class=\"w-iconbox-link\" aria-label=\"Secciones Culturales\"><div class=\"w-iconbox-icon\" style=\"font-size:2rem;\"><i class=\"far fa-theater-masks\"><\/i><\/div><\/a><div class=\"w-iconbox-meta\"><a title=\"Secciones culturales\" href=\"https:\/\/www.lasoci.org\/es\/que-hacemos\/secciones-culturales\/\" class=\"w-iconbox-link\" aria-label=\"Secciones Culturales\"><h4 class=\"w-iconbox-title\">Secciones Culturales<\/h4><\/a><div class=\"w-iconbox-text\"><p style=\"text-align: center;\">Nos gusta disfrutar de la cultura. Tenemos 41 secciones culturales de 13 actividades. \u00bfCu\u00e1l es tu talento?<\/p>\n<\/div><\/div><\/div><\/div><\/div><\/div><div class=\"vc_col-sm-4 wpb_column vc_column_container\"><div class=\"vc_column-inner\"><div class=\"wpb_wrapper\"><div class=\"w-iconbox iconpos_top style_circle color_light align_center\"><a title=\"Servicios\" href=\"https:\/\/www.lasoci.org\/es\/voluntariado\/actividades\/\" class=\"w-iconbox-link\" aria-label=\"Actividades LA SOCI\"><div class=\"w-iconbox-icon\" style=\"font-size:2rem;\"><i class=\"far fa-chalkboard-teacher\"><\/i><\/div><\/a><div class=\"w-iconbox-meta\"><a title=\"Servicios\" href=\"https:\/\/www.lasoci.org\/es\/voluntariado\/actividades\/\" class=\"w-iconbox-link\" aria-label=\"Actividades LA SOCI\"><h4 class=\"w-iconbox-title\">Actividades LA SOCI<\/h4><\/a><div class=\"w-iconbox-text\"><p>Organizamos encuentros de socios, culturales, copas deportivas, talleres, conferencias\u2026 \u00a1y mucho m\u00e1s!<\/p>\n<\/div><\/div><\/div><\/div><\/div><\/div><\/div><\/div><\/div><\/div><\/div><\/div><\/section><section class=\"l-section wpb_row height_medium color_primary\" id=\"history\"><div class=\"l-section-h i-cf\"><div class=\"g-cols vc_row type_default valign_top\"><div class=\"vc_col-sm-12 wpb_column vc_column_container\"><div class=\"vc_column-inner\"><div class=\"wpb_wrapper\"><div class=\"wpb_text_column\" ><div class=\"wpb_wrapper\"><h2 style=\"text-align: center;\">Ap\u00fantate a las secciones que m\u00e1s te interesen<\/h2>\n<h6 style=\"text-align: center;\">Recibir\u00e1s la informaci\u00f3n y podr\u00e1s participar en ellas<\/h6>\n<\/div><\/div><\/div><\/div><\/div><\/div><\/div><\/section><section class=\"l-section wpb_row height_medium color_alternate\"><div class=\"l-section-h i-cf\"><div class=\"g-cols vc_row type_default valign_top\"><div class=\"vc_col-sm-12 wpb_column vc_column_container\"><div class=\"vc_column-inner\"><div class=\"wpb_wrapper\"><div class=\"wpb_text_column\" ><div class=\"wpb_wrapper\"><h2 style=\"text-align: center;\">\u00a1HAZ DE TU AFICI\u00d3N UNA SECCI\u00d3N!<\/h2>\n<p>Si eres aficionado o aficionada a una de las m\u00e1s de 40 actividades deportivas y culturales que se llevan a cabo en la Soci, pero no hay secci\u00f3n en tu zona o ciudad, \u00a1no lo dudes! \u00a1Es el momento de crearla!<\/p>\n<p>Las actividades que organizan los asociados o asociadas son la base de la vida en la Soci. Las hay deportivas, culturales, familiares, formativas, sociales o de voluntariado. De todo lo que nos pueda reunir para compartir inquietudes, habilidades o aficiones con nuestros compa\u00f1eros y compa\u00f1eras o familiares. Estas actividades las coordinan los delegados y delegadas de las secciones.<\/p>\n<p>Crear una secci\u00f3n es muy f\u00e1cil, s\u00f3lo tienes que ponerte en contacto con la Administraci\u00f3n de la Soci para iniciar los tr\u00e1mites.<\/p>\n<p>Te ayudar\u00e1n a contactar con compa\u00f1eros y compa\u00f1eras de tu zona que quieran compartir la actividad. Entre todos deber\u00e9is escoger al delegado o delegada de la nueva secci\u00f3n, que tendr\u00e1 que presentar un plan de actividades a la Junta Directiva. Si se trata de una nueva actividad, sin ninguna otra secci\u00f3n existente en la Soci, deber\u00e1 ser aprobada por la Junta Rectora.<\/p>\n<p>\u00a1Y a pas\u00e1rtelo bien haciendo la actividad que m\u00e1s te gusta!<\/p>\n<\/div><\/div><\/div><\/div><\/div><\/div><\/div><\/section>\n<\/div>","protected":false},"excerpt":{"rendered":"QU\u00c9 OFRECEMOS EL DEPORTE, LA CULTURA Y TODAS NUESTRAS ACTIVIDADES SON EL ALMA DE LA ASOCIACI\u00d3N [vc_wp_custommenu layout=\"hor\" align=\"center\" nav_menu=\"63\"]Las actividades, promovidas y organizadas por los asociados y asociadas, permiten disfrutar y practicar un buen n\u00famero de aficiones a todos los que formamos parte de este gran proyecto que es la asociaci\u00f3n. Secciones Deportivas\u00bfTodav\u00eda no...","protected":false},"author":2,"featured_media":0,"parent":0,"menu_order":0,"comment_status":"closed","ping_status":"closed","template":"","meta":{"footnotes":""},"class_list":["post-7917","page","type-page","status-publish","hentry"],"_links":{"self":[{"href":"https:\/\/www.lasoci.org\/es\/wp-json\/wp\/v2\/pages\/7917","targetHints":{"allow":["GET"]}}],"collection":[{"href":"https:\/\/www.lasoci.org\/es\/wp-json\/wp\/v2\/pages"}],"about":[{"href":"https:\/\/www.lasoci.org\/es\/wp-json\/wp\/v2\/types\/page"}],"author":[{"embeddable":true,"href":"https:\/\/www.lasoci.org\/es\/wp-json\/wp\/v2\/users\/2"}],"replies":[{"embeddable":true,"href":"https:\/\/www.lasoci.org\/es\/wp-json\/wp\/v2\/comments?post=7917"}],"version-history":[{"count":10,"href":"https:\/\/www.lasoci.org\/es\/wp-json\/wp\/v2\/pages\/7917\/revisions"}],"predecessor-version":[{"id":17401,"href":"https:\/\/www.lasoci.org\/es\/wp-json\/wp\/v2\/pages\/7917\/revisions\/17401"}],"wp:attachment":[{"href":"https:\/\/www.lasoci.org\/es\/wp-json\/wp\/v2\/media?parent=7917"}],"curies":[{"name":"wp","href":"https:\/\/api.w.org\/{rel}","templated":true}]}}