{"id":7905,"date":"2020-02-05T19:16:23","date_gmt":"2020-02-05T18:16:23","guid":{"rendered":"https:\/\/www.lasoci.org\/quien-somos\/"},"modified":"2025-10-14T14:06:16","modified_gmt":"2025-10-14T12:06:16","slug":"quien-somos","status":"publish","type":"page","link":"https:\/\/www.lasoci.org\/es\/quien-somos\/","title":{"rendered":"Qui\u00e9nes somos"},"content":{"rendered":"<div class=\"wpb-content-wrapper\"><section class=\"l-section wpb_row us_custom_4e0cc4c3 height_medium color_primary with_img parallax_hor bgwidth_120 with_overlay\"><div class=\"l-section-img\" style=\"background-image: url(https:\/\/www.lasoci.org\/wp-content\/uploads\/2019\/12\/OAVDT80-3.jpg);background-position: top center;\" data-img-width=\"2000\" data-img-height=\"816\"><\/div><div class=\"l-section-overlay\" style=\"background: rgba(10,10,10,0.5)\"><\/div><div class=\"l-section-h i-cf\"><div class=\"g-cols vc_row type_default valign_top\"><div class=\"vc_col-sm-12 wpb_column vc_column_container\"><div class=\"vc_column-inner\"><div class=\"wpb_wrapper\"><div class=\"wpb_text_column\" ><div class=\"wpb_wrapper\"><h1 style=\"text-align: center;\">QUI\u00c9NES SOMOS<\/h1>\n<h6 style=\"text-align: center;\">TODO UN MUNDO DE SERVICIOS Y VENTAJAS PARA LOS EMPLEADOS Y EMPLEADAS DE CAIXABANK Y LA FUNDACI\u00d3N \u00abLA CAIXA\u00bb Y SUS FAMILIAS<\/h6>\n<\/div><\/div><div class=\"w-separator size_small\"><\/div><div class=\"w-iconbox iconpos_top style_default color_custom align_center no_title no_text\"><div class=\"w-iconbox-icon\"><i class=\"fas fa-chevron-down\"><\/i><\/div><div class=\"w-iconbox-meta\"><\/div><\/div><div class=\"w-separator size_small\"><\/div><\/div><\/div><\/div><\/div><\/div><\/section><section class=\"l-section wpb_row height_medium\" id=\"intro\"><div class=\"l-section-h i-cf\"><div class=\"g-cols vc_row type_default valign_top\"><div class=\"vc_col-sm-12 wpb_column vc_column_container\"><div class=\"vc_column-inner\"><div class=\"wpb_wrapper\"><div class=\"g-cols wpb_row  type_default valign_top vc_inner\"><div class=\"vc_col-sm-2 wpb_column vc_column_container\"><div class=\"vc_column-inner\"><div class=\"wpb_wrapper\"><\/div><\/div><\/div><div class=\"vc_col-sm-8 wpb_column vc_column_container\"><div class=\"vc_column-inner\"><div class=\"wpb_wrapper\"><div class=\"wpb_text_column\" ><div class=\"wpb_wrapper\"><p style=\"text-align: center;\">Somos la Associaci\u00f3 del Personal de \u00abla Caixa\u00bb, una <strong>entidad<\/strong>\u00a0<strong>sin \u00e1nimo de lucro<\/strong>, de la que podemos formar parte todos los empleados y empleadas de CaixaBank y la Fundaci\u00f3n \u00abla Caixa\u00bb, junto con nuestros familiares.<\/p>\n<\/div><\/div><\/div><\/div><\/div><div class=\"vc_col-sm-2 wpb_column vc_column_container\"><div class=\"vc_column-inner\"><div class=\"wpb_wrapper\"><\/div><\/div><\/div><\/div><div class=\"w-separator size_medium\"><\/div><div class=\"g-cols wpb_row  type_default valign_top vc_inner\"><div class=\"vc_col-sm-4 wpb_column vc_column_container\"><div class=\"vc_column-inner\"><div class=\"wpb_wrapper\"><div class=\"w-image align_none\"><div class=\"w-image-h\"><img loading=\"lazy\" decoding=\"async\" width=\"1024\" height=\"1024\" src=\"https:\/\/www.lasoci.org\/wp-content\/uploads\/2022\/07\/missio-1024x1024.jpg\" class=\"attachment-large size-large\" alt=\"\" srcset=\"https:\/\/www.lasoci.org\/wp-content\/uploads\/2022\/07\/missio-1024x1024.jpg 1024w, https:\/\/www.lasoci.org\/wp-content\/uploads\/2022\/07\/missio-300x300.jpg 300w, https:\/\/www.lasoci.org\/wp-content\/uploads\/2022\/07\/missio-150x150.jpg 150w, https:\/\/www.lasoci.org\/wp-content\/uploads\/2022\/07\/missio-800x800.jpg 800w\" sizes=\"auto, (max-width: 1024px) 100vw, 1024px\" \/><\/div><\/div><div class=\"wpb_text_column us_custom_0f8f44b7\" ><div class=\"wpb_wrapper\"><h4>MISI\u00d3N<\/h4>\n<p>Relacionarnos entre compa\u00f1eros y compa\u00f1eras en un ambiente l\u00fadico y en un espacio de relaciones transversales, id\u00f3neo para pasarlo bien y crecer como personas. Todos los que formamos parte de la Soci compartimos, a trav\u00e9s de nuestras secciones, la pr\u00e1ctica del deporte y las actividades culturales. Como asociaci\u00f3n, nos sentimos muy sensibilizados al aportar todo nuestro potencial al servicio de la sociedad.<\/p>\n<\/div><\/div><\/div><\/div><\/div><div class=\"vc_col-sm-4 wpb_column vc_column_container\"><div class=\"vc_column-inner\"><div class=\"wpb_wrapper\"><div class=\"w-image align_none\"><div class=\"w-image-h\"><img loading=\"lazy\" decoding=\"async\" width=\"1024\" height=\"1024\" src=\"https:\/\/www.lasoci.org\/wp-content\/uploads\/2022\/07\/visio-1024x1024.png\" class=\"attachment-large size-large\" alt=\"\" srcset=\"https:\/\/www.lasoci.org\/wp-content\/uploads\/2022\/07\/visio-1024x1024.png 1024w, https:\/\/www.lasoci.org\/wp-content\/uploads\/2022\/07\/visio-300x300.png 300w, https:\/\/www.lasoci.org\/wp-content\/uploads\/2022\/07\/visio-150x150.png 150w, https:\/\/www.lasoci.org\/wp-content\/uploads\/2022\/07\/visio-800x800.png 800w\" sizes=\"auto, (max-width: 1024px) 100vw, 1024px\" \/><\/div><\/div><div class=\"wpb_text_column us_custom_0f8f44b7\" ><div class=\"wpb_wrapper\"><h4>VISI\u00d3N<\/h4>\n<p>Crecer como comunidad y poder compartir momentos con los compa\u00f1eros y compa\u00f1eras de todo el territorio. Que los asociados y asociadas puedan participar o crear secciones de aquellas actividades que les mueven. Participar de la secci\u00f3n, adem\u00e1s de los beneficios morales que comporta, ofrece tambi\u00e9n beneficios econ\u00f3micos, puesto que la Associaci\u00f3 subvenciona una parte del coste de la actividad. Conseguir ventajas exclusivas para nuestros asociados y asociadas, que les permitan ahorrar y que a su vez les ayuden a conciliar la vida laboral y familiar. Colaborar gracias al voluntariado en aquellas acciones sensibles a nuestros valores.<\/p>\n<\/div><\/div><\/div><\/div><\/div><div class=\"vc_col-sm-4 wpb_column vc_column_container\"><div class=\"vc_column-inner\"><div class=\"wpb_wrapper\"><div class=\"w-image align_none\"><div class=\"w-image-h\"><img loading=\"lazy\" decoding=\"async\" width=\"1024\" height=\"1024\" src=\"https:\/\/www.lasoci.org\/wp-content\/uploads\/2022\/07\/valors-1024x1024.png\" class=\"attachment-large size-large\" alt=\"\" srcset=\"https:\/\/www.lasoci.org\/wp-content\/uploads\/2022\/07\/valors-1024x1024.png 1024w, https:\/\/www.lasoci.org\/wp-content\/uploads\/2022\/07\/valors-300x300.png 300w, https:\/\/www.lasoci.org\/wp-content\/uploads\/2022\/07\/valors-150x150.png 150w, https:\/\/www.lasoci.org\/wp-content\/uploads\/2022\/07\/valors-800x800.png 800w\" sizes=\"auto, (max-width: 1024px) 100vw, 1024px\" \/><\/div><\/div><div class=\"wpb_text_column us_custom_0f8f44b7\" ><div class=\"wpb_wrapper\"><h4>VALORES<\/h4>\n<p>Uno de nuestros principales motores es el compa\u00f1erismo: compartir aficiones, cultura y deporte, fomentando la participaci\u00f3n y la iniciativa. Poner en valor quienes somos m\u00e1s all\u00e1 del \u00e1mbito profesional. La solidaridad y la entrega desde el m\u00e1s profundo respeto son tambi\u00e9n valores fundamentales para nosotros.<\/p>\n<\/div><\/div><\/div><\/div><\/div><\/div><\/div><\/div><\/div><\/div><\/div><\/section><section class=\"l-section wpb_row height_medium color_alternate\"><div class=\"l-section-h i-cf\"><div class=\"g-cols vc_row type_default valign_top\"><div class=\"vc_col-sm-9 wpb_column vc_column_container\"><div class=\"vc_column-inner\"><div class=\"wpb_wrapper\"><div class=\"wpb_text_column us_custom_836f4fda\" ><div class=\"wpb_wrapper\"><h2 style=\"text-align: center;\">PREGUNTAS FRECUENTES<\/h2>\n<\/div><\/div><div class=\"w-tabs style_default switch_click accordion has_scrolling title_atleft icon_chevron iconpos_right\"><div class=\"w-tabs-sections\"><div class=\"w-tabs-sections-h\"><div class=\"w-tabs-section with_icon\" id=\"1575914623343-caba1ea2-f06d\"><button aria-controls=\"content-1575914623343-caba1ea2-f06d\" class=\"w-tabs-section-header\"><div class=\"w-tabs-section-header-h\"><i class=\"fas fa-question-circle\"><\/i><div class=\"w-tabs-section-title\">\u00bfQui\u00e9n se puede asociar?<\/div><div class=\"w-tabs-section-control\"><\/div><\/div><\/button><div class=\"w-tabs-section-content\" id=\"content-1575914623343-caba1ea2-f06d\" aria-expanded=\"false\"><div class=\"w-tabs-section-content-h i-cf\"><div class=\"wpb_text_column\" ><div class=\"wpb_wrapper\"><p>Todos los empleados en activo, jubilados, prejubilados y afectados por un ERE de CaixaBank y la Fundaci\u00f3n \u00abla Caixa\u00bb pueden formar parte de la Asociaci\u00f3n del Personal de \u00abla Caixa\u00bb.<\/p>\n<\/div><\/div><\/div><\/div><\/div><div class=\"w-tabs-section with_icon\" id=\"1575914623390-1d5010d4-77bb\"><button aria-controls=\"content-1575914623390-1d5010d4-77bb\" class=\"w-tabs-section-header\"><div class=\"w-tabs-section-header-h\"><i class=\"fas fa-question-circle\"><\/i><div class=\"w-tabs-section-title\">\u00bfMi familia se puede beneficiar?<\/div><div class=\"w-tabs-section-control\"><\/div><\/div><\/button><div class=\"w-tabs-section-content\" id=\"content-1575914623390-1d5010d4-77bb\" aria-expanded=\"false\"><div class=\"w-tabs-section-content-h i-cf\"><div class=\"wpb_text_column\" ><div class=\"wpb_wrapper\"><p>S\u00ed, los familiares de primer y segundo grado de un asociado tambi\u00e9n pueden darse de alta en la Soci y beneficiarse de todas las ventajas. As\u00ed pues, abuelos, padres, hermanos, hijos y nietos, as\u00ed como el c\u00f3nyuge o pareja, abuelos del c\u00f3nyuge o pareja, suegros, cu\u00f1ados y yerno\/nuera, sin que sea necesario que haya convivencia.<\/p>\n<\/div><\/div><\/div><\/div><\/div><div class=\"w-tabs-section with_icon\" id=\"1575914623436-a8a3e185-7002\"><button aria-controls=\"content-1575914623436-a8a3e185-7002\" class=\"w-tabs-section-header\"><div class=\"w-tabs-section-header-h\"><i class=\"fas fa-question-circle\"><\/i><div class=\"w-tabs-section-title\">\u00bfEstoy obligado a ser de alguna secci\u00f3n?<\/div><div class=\"w-tabs-section-control\"><\/div><\/div><\/button><div class=\"w-tabs-section-content\" id=\"content-1575914623436-a8a3e185-7002\" aria-expanded=\"false\"><div class=\"w-tabs-section-content-h i-cf\"><div class=\"wpb_text_column\" ><div class=\"wpb_wrapper\"><p>No, no es necesario. Siempre puedes beneficiarte de actividades para toda la familia, de las ventajas al colectivo y participar en todas las actividades del PAS-Voluntarios de \u00abla Caixa\u00bb.<\/p>\n<\/div><\/div><\/div><\/div><\/div><div class=\"w-tabs-section with_icon\" id=\"1575914623477-59f41877-0e2a\"><button aria-controls=\"content-1575914623477-59f41877-0e2a\" class=\"w-tabs-section-header\"><div class=\"w-tabs-section-header-h\"><i class=\"fas fa-question-circle\"><\/i><div class=\"w-tabs-section-title\">\u00bfPuedo crear una secci\u00f3n nueva?<\/div><div class=\"w-tabs-section-control\"><\/div><\/div><\/button><div class=\"w-tabs-section-content\" id=\"content-1575914623477-59f41877-0e2a\" aria-expanded=\"false\"><div class=\"w-tabs-section-content-h i-cf\"><div class=\"wpb_text_column\" ><div class=\"wpb_wrapper\"><p>S\u00ed, si no encuentras la secci\u00f3n a la que te gustar\u00eda apuntarte en tu zona, puedes crearla. S\u00f3lo tienes que hacer la propuesta y, si hay qu\u00f3rum, ya podr\u00e1s practicar tu afici\u00f3n.<\/p>\n<\/div><\/div><\/div><\/div><\/div><div class=\"w-tabs-section with_icon\" id=\"1575914623522-c38df951-d806\"><button aria-controls=\"content-1575914623522-c38df951-d806\" class=\"w-tabs-section-header\"><div class=\"w-tabs-section-header-h\"><i class=\"fas fa-question-circle\"><\/i><div class=\"w-tabs-section-title\">\u00bfHasta cu\u00e1ndo puedo ser de la Soci?<\/div><div class=\"w-tabs-section-control\"><\/div><\/div><\/button><div class=\"w-tabs-section-content\" id=\"content-1575914623522-c38df951-d806\" aria-expanded=\"false\"><div class=\"w-tabs-section-content-h i-cf\"><div class=\"wpb_text_column\" ><div class=\"wpb_wrapper\"><p>Puedes formar parte de la Soci siempre que seas empleado o empleada de CaixaBank o la Fundaci\u00f3n \u00abla Caixa\u00bb, y tambi\u00e9n si te jubilas, te has prejubilado o te acoges a un ERE en alguna de estas dos entidades.<\/p>\n<\/div><\/div><\/div><\/div><\/div><div class=\"w-tabs-section with_icon\" id=\"1575914623570-e07870b1-3652\"><button aria-controls=\"content-1575914623570-e07870b1-3652\" class=\"w-tabs-section-header\"><div class=\"w-tabs-section-header-h\"><i class=\"fas fa-question-circle\"><\/i><div class=\"w-tabs-section-title\">\u00bfC\u00f3mo me puedo dar de alta de la Soci?<\/div><div class=\"w-tabs-section-control\"><\/div><\/div><\/button><div class=\"w-tabs-section-content\" id=\"content-1575914623570-e07870b1-3652\" aria-expanded=\"false\"><div class=\"w-tabs-section-content-h i-cf\"><div class=\"wpb_text_column\" ><div class=\"wpb_wrapper\"><p>Para date de alta y poder disfrutar de todos los servicios y las ventajas de nuestro colectivo simplemente pulsa la opci\u00f3n \u00ab<a href=\"https:\/\/www.lasoci.org\/es\/alta-on-line\/\">as\u00f3ciate<\/a>\u00bb y rellena el formulario que encontrar\u00e1s.<\/p>\n<\/div><\/div><\/div><\/div><\/div><div class=\"w-tabs-section with_icon\" id=\"1575914623620-de17fc58-f3fa\"><button aria-controls=\"content-1575914623620-de17fc58-f3fa\" class=\"w-tabs-section-header\"><div class=\"w-tabs-section-header-h\"><i class=\"fas fa-question-circle\"><\/i><div class=\"w-tabs-section-title\">\u00bfCu\u00e1nto cuesta ser de la Soci?<\/div><div class=\"w-tabs-section-control\"><\/div><\/div><\/button><div class=\"w-tabs-section-content\" id=\"content-1575914623620-de17fc58-f3fa\" aria-expanded=\"false\"><div class=\"w-tabs-section-content-h i-cf\"><div class=\"wpb_text_column\" ><div class=\"wpb_wrapper\"><p>Un importe simb\u00f3lico: la cuota anual para asociados es de 49,50 euros y de 45 euros la de los familiares mayores de 17 a\u00f1os (los menores de esta edad tienen cuota gratuita). Estos importes corresponden a los 12 meses del a\u00f1o natural en curso.<\/p>\n<\/div><\/div><\/div><\/div><\/div><\/div><\/div><\/div><div class=\"w-separator size_large\"><\/div><div class=\"wpb_text_column\" ><div class=\"wpb_wrapper\"><h3 style=\"text-align: center;\">\u00bfTienes m\u00e1s preguntas?<\/h3>\n<\/div><\/div><div class=\"w-separator size_medium\"><\/div><div class=\"g-cols wpb_row  type_default valign_top vc_inner\"><div class=\"vc_col-sm-6 wpb_column vc_column_container\"><div class=\"vc_column-inner\"><div class=\"wpb_wrapper\"><div class=\"w-iconbox iconpos_top style_circle color_primary align_center\"><a title=\"Contacto\" href=\"https:\/\/www.lasoci.org\/es\/contacto\/\" class=\"w-iconbox-link\" aria-label=\"Env\u00edanos un email\"><div class=\"w-iconbox-icon\"><i class=\"far fa-envelope\"><\/i><\/div><\/a><div class=\"w-iconbox-meta\"><a title=\"Contacto\" href=\"https:\/\/www.lasoci.org\/es\/contacto\/\" class=\"w-iconbox-link\" aria-label=\"Env\u00edanos un email\"><h4 class=\"w-iconbox-title\">Env\u00edanos un email<\/h4><\/a><div class=\"w-iconbox-text\"><p>A trav\u00e9s del correo electr\u00f3nico puedes hacernos llegar tus consultas. Te responderemos lo antes posible.<\/p>\n<\/div><\/div><\/div><\/div><\/div><\/div><div class=\"vc_col-sm-6 wpb_column vc_column_container\"><div class=\"vc_column-inner\"><div class=\"wpb_wrapper\"><div class=\"w-iconbox iconpos_top style_circle color_primary align_center\"><a title=\"Contacto\" href=\"https:\/\/www.lasoci.org\/es\/contacto\/\" class=\"w-iconbox-link\" aria-label=\"Ll\u00e1manos por tel\u00e9fono\"><div class=\"w-iconbox-icon\"><i class=\"far fa-comments\"><\/i><\/div><\/a><div class=\"w-iconbox-meta\"><a title=\"Contacto\" href=\"https:\/\/www.lasoci.org\/es\/contacto\/\" class=\"w-iconbox-link\" aria-label=\"Ll\u00e1manos por tel\u00e9fono\"><h4 class=\"w-iconbox-title\">Ll\u00e1manos por tel\u00e9fono<\/h4><\/a><div class=\"w-iconbox-text\"><p>Si tienes alguna consulta, haznos una llamada y resolveremos tus dudas. Te ayudaremos en todo.<\/p>\n<\/div><\/div><\/div><\/div><\/div><\/div><\/div><\/div><\/div><\/div><div class=\"vc_col-sm-3 wpb_column vc_column_container\"><div class=\"vc_column-inner\"><div class=\"wpb_wrapper\">[vc_wp_search title=\u00bbBuscador\u00bb]<div class=\"w-separator size_medium\"><\/div><div class=\"wpb_text_column\" ><div class=\"wpb_wrapper\"><h4>\u00bfTienes alguna duda?<\/h4>\n<p>Si tienes alguna pregunta o quieres enviarnos alguna sugerencia, no dudes en contactar con nosotros.<\/p>\n<\/div><\/div><div class=\"w-separator size_small\"><\/div><div class=\"w-btn-wrapper width_auto align_left\"><a class=\"w-btn us-btn-style_3\" title=\"Contacto\" href=\"https:\/\/www.lasoci.org\/es\/contacto\/\"><span class=\"w-btn-label\">Cont\u00e1ctanos<\/span><\/a><\/div><div class=\"w-separator size_medium\"><\/div><div class=\"wpb_text_column\" ><div class=\"wpb_wrapper\"><h4>S\u00edguenos en&#8230;<\/h4>\n<\/div><\/div><div class=\"w-separator size_small\"><\/div><div class=\"w-socials color_text shape_square style_default hover_fade\"><div class=\"w-socials-list\"><div class=\"w-socials-item facebook\"><a class=\"w-socials-item-link\" href=\"http:\/\/www.facebook.com\/lasoci.caixa\" target=\"_blank\" rel=\"noopener nofollow\" title=\"Facebook\" aria-label=\"Facebook\"><span class=\"w-socials-item-link-hover\"><\/span><i class=\"fab fa-facebook\"><\/i><\/a><div class=\"w-socials-item-popup\"><span>Facebook<\/span><\/div><\/div><div class=\"w-socials-item twitter\"><a class=\"w-socials-item-link\" href=\"https:\/\/twitter.com\/APCAIXA\" target=\"_blank\" rel=\"noopener nofollow\" title=\"Twitter\" aria-label=\"Twitter\"><span class=\"w-socials-item-link-hover\"><\/span><i class=\"fab fa-twitter\"><\/i><\/a><div class=\"w-socials-item-popup\"><span>Twitter<\/span><\/div><\/div><div class=\"w-socials-item linkedin\"><a class=\"w-socials-item-link\" href=\"https:\/\/www.linkedin.com\/company\/associaci\u00f3-del-personal-de-la-caixa-\" target=\"_blank\" rel=\"noopener nofollow\" title=\"LinkedIn\" aria-label=\"LinkedIn\"><span class=\"w-socials-item-link-hover\"><\/span><i class=\"fab fa-linkedin\"><\/i><\/a><div class=\"w-socials-item-popup\"><span>LinkedIn<\/span><\/div><\/div><div class=\"w-socials-item youtube\"><a class=\"w-socials-item-link\" href=\"https:\/\/www.youtube.com\/user\/APCaixa\" target=\"_blank\" rel=\"noopener nofollow\" title=\"YouTube\" aria-label=\"YouTube\"><span class=\"w-socials-item-link-hover\"><\/span><i class=\"fab fa-youtube\"><\/i><\/a><div class=\"w-socials-item-popup\"><span>YouTube<\/span><\/div><\/div><div class=\"w-socials-item instagram\"><a class=\"w-socials-item-link\" href=\"https:\/\/www.instagram.com\/la.soci\" target=\"_blank\" rel=\"noopener nofollow\" title=\"Instagram\" aria-label=\"Instagram\"><span class=\"w-socials-item-link-hover\"><\/span><i class=\"fab fa-instagram\"><\/i><\/a><div class=\"w-socials-item-popup\"><span>Instagram<\/span><\/div><\/div><\/div><\/div><\/div><\/div><\/div><\/div><\/div><\/section>\n<\/div>","protected":false},"excerpt":{"rendered":"QUI\u00c9NES SOMOS TODO UN MUNDO DE SERVICIOS Y VENTAJAS PARA LOS EMPLEADOS Y EMPLEADAS DE CAIXABANK Y LA FUNDACI\u00d3N \u00abLA CAIXA\u00bb Y SUS FAMILIAS Somos la Associaci\u00f3 del Personal de \u00abla Caixa\u00bb, una entidad\u00a0sin \u00e1nimo de lucro, de la que podemos formar parte todos los empleados y empleadas de CaixaBank y la Fundaci\u00f3n \u00abla Caixa\u00bb,...","protected":false},"author":2,"featured_media":0,"parent":0,"menu_order":0,"comment_status":"closed","ping_status":"closed","template":"","meta":{"footnotes":""},"class_list":["post-7905","page","type-page","status-publish","hentry"],"_links":{"self":[{"href":"https:\/\/www.lasoci.org\/es\/wp-json\/wp\/v2\/pages\/7905","targetHints":{"allow":["GET"]}}],"collection":[{"href":"https:\/\/www.lasoci.org\/es\/wp-json\/wp\/v2\/pages"}],"about":[{"href":"https:\/\/www.lasoci.org\/es\/wp-json\/wp\/v2\/types\/page"}],"author":[{"embeddable":true,"href":"https:\/\/www.lasoci.org\/es\/wp-json\/wp\/v2\/users\/2"}],"replies":[{"embeddable":true,"href":"https:\/\/www.lasoci.org\/es\/wp-json\/wp\/v2\/comments?post=7905"}],"version-history":[{"count":23,"href":"https:\/\/www.lasoci.org\/es\/wp-json\/wp\/v2\/pages\/7905\/revisions"}],"predecessor-version":[{"id":17403,"href":"https:\/\/www.lasoci.org\/es\/wp-json\/wp\/v2\/pages\/7905\/revisions\/17403"}],"wp:attachment":[{"href":"https:\/\/www.lasoci.org\/es\/wp-json\/wp\/v2\/media?parent=7905"}],"curies":[{"name":"wp","href":"https:\/\/api.w.org\/{rel}","templated":true}]}}