{"id":16536,"date":"2024-11-19T10:11:44","date_gmt":"2024-11-19T09:11:44","guid":{"rendered":"https:\/\/www.lasoci.org\/sierra-nevada\/"},"modified":"2024-11-22T15:04:13","modified_gmt":"2024-11-22T14:04:13","slug":"sierra-nevada","status":"publish","type":"page","link":"https:\/\/www.lasoci.org\/es\/sierra-nevada\/","title":{"rendered":"Sierra Nevada"},"content":{"rendered":"<div class=\"wpb-content-wrapper\"><section class=\"l-section wpb_row height_medium\"><div class=\"l-section-h i-cf\"><div class=\"g-cols vc_row type_default valign_top\"><div class=\"vc_col-sm-12 wpb_column vc_column_container\"><div class=\"vc_column-inner\"><div class=\"wpb_wrapper\"><div class=\"wpb_text_column\" ><div class=\"wpb_wrapper\"><p>\u00a1Aprovecha los descuentos en forfaits y servicios en Sierra Nevada!<\/p>\n<p>Para poder disfrutar de esta ventaja, tienes que seguir los siguientes pasos:<\/p>\n<ol>\n<li>Si nunca lo has hecho, primero debes registrarte en la web de Sierra Nevada, en el enlace: <a href=\"https:\/\/centrocomercio.sierranevada.es\/registrationrequest\">https:\/\/centrocomercio.sierranevada.es\/registrationrequest<\/a><\/li>\n<li>Una vez registrado, tienes que acceder a Sierra Nevada Club e introducir tu usuario y contrase\u00f1a. Podr\u00e1s hacerlo en este enlace:\u00a0<\/li>\n<li>Una vez logado, tienes que abrir otra pesta\u00f1a dentro del mismo navegador y abrir este enlace: <a href=\"https:\/\/centrocomercio.sierranevada.es\/colectivo-la-soci\">https:\/\/centrocomercio.sierranevada.es\/colectivo-la-soci<\/a><\/li>\n<li>Esto te dirigir\u00e1 autom\u00e1ticamente a una p\u00e1gina donde tienes que clicar el bot\u00f3n \u00absolicitar\u00bb, seleccionar tu nombre y quedar\u00e1 activa la promoci\u00f3n autom\u00e1ticamente.<\/li>\n<\/ol>\n<p>Todos los productos que est\u00e1n en oferta comercial estar\u00e1n disponibles en la p\u00e1gina de Sierra Nevada denominada \u00abColectivos\u00bb, dentro del apartado \u00abPromociones\u00bb.<\/p>\n<p>&nbsp;<\/p>\n<\/div><\/div><\/div><\/div><\/div><\/div><\/div><\/section><\/div>","protected":false},"excerpt":{"rendered":"\u00a1Aprovecha los descuentos en forfaits y servicios en Sierra Nevada! Para poder disfrutar de esta ventaja, tienes que seguir los siguientes pasos: Si nunca lo has hecho, primero debes registrarte en la web de Sierra Nevada, en el enlace: https:\/\/centrocomercio.sierranevada.es\/registrationrequest Una vez registrado, tienes que acceder a Sierra Nevada Club e introducir tu usuario y...","protected":false},"author":2,"featured_media":0,"parent":0,"menu_order":0,"comment_status":"closed","ping_status":"closed","template":"","meta":{"footnotes":""},"class_list":["post-16536","page","type-page","status-publish","hentry"],"_links":{"self":[{"href":"https:\/\/www.lasoci.org\/es\/wp-json\/wp\/v2\/pages\/16536","targetHints":{"allow":["GET"]}}],"collection":[{"href":"https:\/\/www.lasoci.org\/es\/wp-json\/wp\/v2\/pages"}],"about":[{"href":"https:\/\/www.lasoci.org\/es\/wp-json\/wp\/v2\/types\/page"}],"author":[{"embeddable":true,"href":"https:\/\/www.lasoci.org\/es\/wp-json\/wp\/v2\/users\/2"}],"replies":[{"embeddable":true,"href":"https:\/\/www.lasoci.org\/es\/wp-json\/wp\/v2\/comments?post=16536"}],"version-history":[{"count":7,"href":"https:\/\/www.lasoci.org\/es\/wp-json\/wp\/v2\/pages\/16536\/revisions"}],"predecessor-version":[{"id":16554,"href":"https:\/\/www.lasoci.org\/es\/wp-json\/wp\/v2\/pages\/16536\/revisions\/16554"}],"wp:attachment":[{"href":"https:\/\/www.lasoci.org\/es\/wp-json\/wp\/v2\/media?parent=16536"}],"curies":[{"name":"wp","href":"https:\/\/api.w.org\/{rel}","templated":true}]}}