{"id":14610,"date":"2023-11-21T12:23:44","date_gmt":"2023-11-21T11:23:44","guid":{"rendered":"https:\/\/www.lasoci.org\/?page_id=14610"},"modified":"2023-11-21T12:37:43","modified_gmt":"2023-11-21T11:37:43","slug":"mercadillos-de-navidad","status":"publish","type":"page","link":"https:\/\/www.lasoci.org\/es\/que-hacemos\/agenda\/mercadillos-de-navidad\/","title":{"rendered":"Mercadillos de Navidad"},"content":{"rendered":"<div class=\"wpb-content-wrapper\"><section class=\"l-section wpb_row us_custom_8535c5f4 height_medium\"><div class=\"l-section-h i-cf\"><div class=\"g-cols vc_row type_default valign_top\"><div class=\"vc_col-sm-12 wpb_column vc_column_container\"><div class=\"vc_column-inner\"><div class=\"wpb_wrapper\"><div class=\"wpb_text_column\" ><div class=\"wpb_wrapper\"><p>Este a\u00f1o, hemos preparado visitas guiadas el mismo d\u00eda, y casi a la misma hora, en algunos de los mercadillos de Navidad del Estado. El s\u00e1bado 16 de diciembre, no te pierdas esta ruta de dos o tres horas por los mercadillos y calles iluminadas. \u00a1Ap\u00fantate a aquella que te quede m\u00e1s cerca!<\/p>\n<p>Mercadillos de Navidad de:<\/p>\n<\/div><\/div><\/div><\/div><\/div><\/div><\/div><\/section><section class=\"l-section wpb_row us_custom_5cd26a65 height_medium\"><div class=\"l-section-h i-cf\"><div class=\"g-cols vc_row type_default valign_top\"><div class=\"vc_col-sm-2 wpb_column vc_column_container\"><div class=\"vc_column-inner\"><div class=\"wpb_wrapper\"><div class=\"w-btn-wrapper width_auto align_center\"><a class=\"w-btn us-btn-style_1\" href=\"https:\/\/www.lasoci.org\/es\/que-hacemos\/evento\/?idesd=000003350047495\"><span class=\"w-btn-label\">Madrid<\/span><\/a><\/div><\/div><\/div><\/div><div class=\"vc_col-sm-2 wpb_column vc_column_container\"><div class=\"vc_column-inner\"><div class=\"wpb_wrapper\"><div class=\"w-btn-wrapper width_auto align_center\"><a class=\"w-btn us-btn-style_1\" href=\"https:\/\/www.lasoci.org\/es\/que-hacemos\/evento\/?idesd=000003350047496\"><span class=\"w-btn-label\">M\u00e1laga<\/span><\/a><\/div><\/div><\/div><\/div><div class=\"vc_col-sm-2 wpb_column vc_column_container\"><div class=\"vc_column-inner\"><div class=\"wpb_wrapper\"><div class=\"w-btn-wrapper width_auto align_center\"><a class=\"w-btn us-btn-style_1\" href=\"https:\/\/www.lasoci.org\/es\/que-hacemos\/evento\/?idesd=000003350047466\"><span class=\"w-btn-label\">Santander<\/span><\/a><\/div><\/div><\/div><\/div><div class=\"vc_col-sm-2 wpb_column vc_column_container\"><div class=\"vc_column-inner\"><div class=\"wpb_wrapper\"><div class=\"w-btn-wrapper width_auto align_center\"><a class=\"w-btn us-btn-style_1\" href=\"https:\/\/www.lasoci.org\/es\/que-hacemos\/evento\/?idesd=000003350047465\"><span class=\"w-btn-label\">Sevilla<\/span><\/a><\/div><\/div><\/div><\/div><div class=\"vc_col-sm-2 wpb_column vc_column_container\"><div class=\"vc_column-inner\"><div class=\"wpb_wrapper\"><div class=\"w-btn-wrapper width_auto align_center\"><a class=\"w-btn us-btn-style_1\" href=\"https:\/\/www.lasoci.org\/es\/que-hacemos\/evento\/?idesd=000003350047449\"><span class=\"w-btn-label\">Vigo<\/span><\/a><\/div><\/div><\/div><\/div><div class=\"vc_col-sm-2 wpb_column vc_column_container\"><div class=\"vc_column-inner\"><div class=\"wpb_wrapper\"><div class=\"w-btn-wrapper width_auto align_center\"><a class=\"w-btn us-btn-style_1\" href=\"https:\/\/www.lasoci.org\/es\/que-hacemos\/evento\/?idesd=000003350047450\"><span class=\"w-btn-label\">Zaragoza<\/span><\/a><\/div><\/div><\/div><\/div><\/div><\/div><\/section><section class=\"l-section wpb_row us_custom_5cd26a65 height_medium\"><div class=\"l-section-h i-cf\"><div class=\"g-cols vc_row type_default valign_top\"><div class=\"vc_col-sm-12 wpb_column vc_column_container\"><div class=\"vc_column-inner\"><div class=\"wpb_wrapper\"><div class=\"w-image align_none\"><div class=\"w-image-h\"><img loading=\"lazy\" decoding=\"async\" width=\"1257\" height=\"419\" src=\"https:\/\/www.lasoci.org\/wp-content\/uploads\/2023\/11\/capcalera-mercatnadal.jpg\" class=\"attachment-full size-full\" alt=\"\" srcset=\"https:\/\/www.lasoci.org\/wp-content\/uploads\/2023\/11\/capcalera-mercatnadal.jpg 1257w, https:\/\/www.lasoci.org\/wp-content\/uploads\/2023\/11\/capcalera-mercatnadal-300x100.jpg 300w, https:\/\/www.lasoci.org\/wp-content\/uploads\/2023\/11\/capcalera-mercatnadal-1024x341.jpg 1024w, https:\/\/www.lasoci.org\/wp-content\/uploads\/2023\/11\/capcalera-mercatnadal-150x50.jpg 150w, https:\/\/www.lasoci.org\/wp-content\/uploads\/2023\/11\/capcalera-mercatnadal-800x267.jpg 800w\" sizes=\"auto, (max-width: 1257px) 100vw, 1257px\" \/><\/div><\/div><\/div><\/div><\/div><\/div><\/div><\/section>\n<\/div>","protected":false},"excerpt":{"rendered":"Este a\u00f1o, hemos preparado visitas guiadas el mismo d\u00eda, y casi a la misma hora, en algunos de los mercadillos de Navidad del Estado. El s\u00e1bado 16 de diciembre, no te pierdas esta ruta de dos o tres horas por los mercadillos y calles iluminadas. \u00a1Ap\u00fantate a aquella que te quede m\u00e1s cerca! Mercadillos de...","protected":false},"author":3,"featured_media":0,"parent":7953,"menu_order":0,"comment_status":"closed","ping_status":"closed","template":"","meta":{"footnotes":""},"class_list":["post-14610","page","type-page","status-publish","hentry"],"_links":{"self":[{"href":"https:\/\/www.lasoci.org\/es\/wp-json\/wp\/v2\/pages\/14610","targetHints":{"allow":["GET"]}}],"collection":[{"href":"https:\/\/www.lasoci.org\/es\/wp-json\/wp\/v2\/pages"}],"about":[{"href":"https:\/\/www.lasoci.org\/es\/wp-json\/wp\/v2\/types\/page"}],"author":[{"embeddable":true,"href":"https:\/\/www.lasoci.org\/es\/wp-json\/wp\/v2\/users\/3"}],"replies":[{"embeddable":true,"href":"https:\/\/www.lasoci.org\/es\/wp-json\/wp\/v2\/comments?post=14610"}],"version-history":[{"count":8,"href":"https:\/\/www.lasoci.org\/es\/wp-json\/wp\/v2\/pages\/14610\/revisions"}],"predecessor-version":[{"id":14654,"href":"https:\/\/www.lasoci.org\/es\/wp-json\/wp\/v2\/pages\/14610\/revisions\/14654"}],"up":[{"embeddable":true,"href":"https:\/\/www.lasoci.org\/es\/wp-json\/wp\/v2\/pages\/7953"}],"wp:attachment":[{"href":"https:\/\/www.lasoci.org\/es\/wp-json\/wp\/v2\/media?parent=14610"}],"curies":[{"name":"wp","href":"https:\/\/api.w.org\/{rel}","templated":true}]}}