{"id":11742,"date":"2022-07-20T16:56:58","date_gmt":"2022-07-20T14:56:58","guid":{"rendered":"https:\/\/www.lasoci.org\/?page_id=11742"},"modified":"2022-09-13T14:38:59","modified_gmt":"2022-09-13T12:38:59","slug":"elecciones-a-junta-rectora-proclamacion-provisional-de-candidaturas","status":"publish","type":"page","link":"https:\/\/www.lasoci.org\/es\/elecciones-a-junta-rectora-proclamacion-provisional-de-candidaturas\/","title":{"rendered":"Elecciones a Junta Rectora. Proclamaci\u00f3n provisional de candidaturas."},"content":{"rendered":"\n<p class=\"has-content-bg-color has-text-color\">.<\/p>\n\n\n\n<p>De acuerdo con el punto 6\u00ba del Reglamento Electoral, en relaci\u00f3n a las elecciones a Junta Rectora, la Comisi\u00f3n Electoral hace la proclamaci\u00f3n provisional de los candidatos y candidatas presentados para sus correspondientes demarcaciones.<\/p>\n\n\n\n<p>Estos candidatos y candidatas figuran en el documento que puedes ver <a rel=\"noreferrer noopener\" href=\"https:\/\/admin.lasoci.org\/documents\/noticies\/2022%20CANDIDATOS%20PRESENTADOS.pdf\" target=\"_blank\">aqu\u00ed<\/a>.<\/p>\n\n\n\n<p>Atendiendo al punto 7\u00ba de dicho Reglamento, los asociados y asociadas ten\u00e9is el derecho de presentar recurso a alguna candidatura en un plazo que finalizar\u00e1 el pr\u00f3ximo 15 de septiembre.<\/p>\n\n\n\n<p>Si es el caso, este recurso se tendr\u00e1 que presentar mediante escrito o correo electr\u00f3nico dirigido a info@lasoci.org debidamente explicado, justificado y firmado, siendo necesario que vaya acompa\u00f1ado de una fotocopia vigente del DNI de la persona que firma y presenta el recurso.<\/p>\n\n\n\n<p><strong>Comisi\u00f3n Electoral<\/strong><\/p>\n\n\n\n<p><\/p>\n","protected":false},"excerpt":{"rendered":"<p>. De acuerdo con el punto 6\u00ba del Reglamento Electoral, en relaci\u00f3n a las elecciones a Junta Rectora, la Comisi\u00f3n Electoral hace la proclamaci\u00f3n provisional de los candidatos y candidatas presentados para sus correspondientes demarcaciones. Estos candidatos y candidatas figuran en el documento que puedes ver aqu\u00ed. Atendiendo al punto 7\u00ba de dicho Reglamento, los&#8230;<\/p>\n","protected":false},"author":5,"featured_media":0,"parent":0,"menu_order":0,"comment_status":"closed","ping_status":"closed","template":"pagina_privada.php","meta":{"footnotes":""},"class_list":["post-11742","page","type-page","status-publish","hentry"],"_links":{"self":[{"href":"https:\/\/www.lasoci.org\/es\/wp-json\/wp\/v2\/pages\/11742","targetHints":{"allow":["GET"]}}],"collection":[{"href":"https:\/\/www.lasoci.org\/es\/wp-json\/wp\/v2\/pages"}],"about":[{"href":"https:\/\/www.lasoci.org\/es\/wp-json\/wp\/v2\/types\/page"}],"author":[{"embeddable":true,"href":"https:\/\/www.lasoci.org\/es\/wp-json\/wp\/v2\/users\/5"}],"replies":[{"embeddable":true,"href":"https:\/\/www.lasoci.org\/es\/wp-json\/wp\/v2\/comments?post=11742"}],"version-history":[{"count":8,"href":"https:\/\/www.lasoci.org\/es\/wp-json\/wp\/v2\/pages\/11742\/revisions"}],"predecessor-version":[{"id":12107,"href":"https:\/\/www.lasoci.org\/es\/wp-json\/wp\/v2\/pages\/11742\/revisions\/12107"}],"wp:attachment":[{"href":"https:\/\/www.lasoci.org\/es\/wp-json\/wp\/v2\/media?parent=11742"}],"curies":[{"name":"wp","href":"https:\/\/api.w.org\/{rel}","templated":true}]}}