{"id":11326,"date":"2022-04-26T14:34:19","date_gmt":"2022-04-26T12:34:19","guid":{"rendered":"https:\/\/www.lasoci.org\/?page_id=11326"},"modified":"2024-11-15T09:24:13","modified_gmt":"2024-11-15T08:24:13","slug":"conferencias","status":"publish","type":"page","link":"https:\/\/www.lasoci.org\/es\/videoteca\/actividades-talleres\/conferencias\/","title":{"rendered":"Conferencias"},"content":{"rendered":"<div class=\"wpb-content-wrapper\"><section class=\"l-section wpb_row us_custom_ff5ab08c height_medium\"><div class=\"l-section-h i-cf\"><div class=\"g-cols vc_row type_default valign_top\"><div class=\"vc_col-sm-6 wpb_column vc_column_container\"><div class=\"vc_column-inner\"><div class=\"wpb_wrapper\"><div class=\"w-video align_left ratio_16x9\"><div class=\"w-video-h\"><iframe src=\"\/\/www.youtube.com\/embed\/XYoC0nhLokQ?autoplay=0&controls=1&origin=https%3A%2F%2Fwww.lasoci.org\" allowfullscreen=\"1\"><\/iframe><\/div><div class=\"w-video-icon\" style=\"font-size:1.5rem;background:rgba(0,0,0,0.5);color:#fff;\"><\/div><\/div><div class=\"wpb_text_column us_custom_23848393\" ><div class=\"wpb_wrapper\"><p>\u00bfConoces el valor de tus joyas? A cargo de \u00d2scar Prats y Oriol Escriche, del Monte de Piedad.<\/p>\n<\/div><\/div><\/div><\/div><\/div><div class=\"vc_col-sm-6 wpb_column vc_column_container\"><div class=\"vc_column-inner\"><div class=\"wpb_wrapper\"><div class=\"w-video align_left ratio_16x9\"><div class=\"w-video-h\"><iframe src=\"\/\/www.youtube.com\/embed\/DP7pI3QpolQ?autoplay=0&controls=1&origin=https%3A%2F%2Fwww.lasoci.org\" allowfullscreen=\"1\"><\/iframe><\/div><div class=\"w-video-icon\" style=\"font-size:1.5rem;background:rgba(0,0,0,0.5);color:#fff;\"><\/div><\/div><div class=\"wpb_text_column us_custom_23848393\" ><div class=\"wpb_wrapper\"><p>\u00bfPara qu\u00e9 he venido a este mundo? Descubre al genio que llevas dentro. A cargo de Tony Estruch.<\/p>\n<\/div><\/div><\/div><\/div><\/div><\/div><\/div><\/section><section class=\"l-section wpb_row us_custom_c1a44713 height_medium\"><div class=\"l-section-h i-cf\"><div class=\"g-cols vc_row type_default valign_top\"><div class=\"vc_col-sm-6 wpb_column vc_column_container\"><div class=\"vc_column-inner\"><div class=\"wpb_wrapper\"><div class=\"w-video align_left ratio_16x9\"><div class=\"w-video-h\"><iframe src=\"\/\/www.youtube.com\/embed\/umzFxu5Eqxw?autoplay=0&controls=1&origin=https%3A%2F%2Fwww.lasoci.org\" allowfullscreen=\"1\"><\/iframe><\/div><div class=\"w-video-icon\" style=\"font-size:1.5rem;background:rgba(0,0,0,0.5);color:#fff;\"><\/div><\/div><div class=\"wpb_text_column us_custom_23848393\" ><div class=\"wpb_wrapper\"><p>Las claves del conflicto entre Rusia y Ucrania, a cargo de Olga Merino.<\/p>\n<\/div><\/div><\/div><\/div><\/div><div class=\"vc_col-sm-6 wpb_column vc_column_container\"><div class=\"vc_column-inner\"><div class=\"wpb_wrapper\"><div class=\"w-video align_left ratio_16x9\"><div class=\"w-video-h\"><iframe src=\"\/\/www.youtube.com\/embed\/UBIKsPgC9KY?autoplay=0&controls=1&origin=https%3A%2F%2Fwww.lasoci.org\" allowfullscreen=\"1\"><\/iframe><\/div><div class=\"w-video-icon\" style=\"font-size:1.5rem;background:rgba(0,0,0,0.5);color:#fff;\"><\/div><\/div><div class=\"wpb_text_column us_custom_23848393\" ><div class=\"wpb_wrapper\"><p>\u00abSecrets de l&#8217;Antic Egipte. Conspiracions, sexe i mites\u00bb, a cargo del egipt\u00f3logo Josep Padr\u00f3 (conferencia en catal\u00e1n).<\/p>\n<\/div><\/div><\/div><\/div><\/div><\/div><\/div><\/section>\n<\/div>","protected":false},"excerpt":{"rendered":"\u00bfConoces el valor de tus joyas? A cargo de \u00d2scar Prats y Oriol Escriche, del Monte de Piedad. \u00bfPara qu\u00e9 he venido a este mundo? Descubre al genio que llevas dentro. A cargo de Tony Estruch. Las claves del conflicto entre Rusia y Ucrania, a cargo de Olga Merino. \u00abSecrets de l&#8217;Antic Egipte. Conspiracions, sexe...","protected":false},"author":3,"featured_media":0,"parent":9623,"menu_order":1,"comment_status":"closed","ping_status":"closed","template":"","meta":{"footnotes":""},"class_list":["post-11326","page","type-page","status-publish","hentry"],"_links":{"self":[{"href":"https:\/\/www.lasoci.org\/es\/wp-json\/wp\/v2\/pages\/11326","targetHints":{"allow":["GET"]}}],"collection":[{"href":"https:\/\/www.lasoci.org\/es\/wp-json\/wp\/v2\/pages"}],"about":[{"href":"https:\/\/www.lasoci.org\/es\/wp-json\/wp\/v2\/types\/page"}],"author":[{"embeddable":true,"href":"https:\/\/www.lasoci.org\/es\/wp-json\/wp\/v2\/users\/3"}],"replies":[{"embeddable":true,"href":"https:\/\/www.lasoci.org\/es\/wp-json\/wp\/v2\/comments?post=11326"}],"version-history":[{"count":9,"href":"https:\/\/www.lasoci.org\/es\/wp-json\/wp\/v2\/pages\/11326\/revisions"}],"predecessor-version":[{"id":16521,"href":"https:\/\/www.lasoci.org\/es\/wp-json\/wp\/v2\/pages\/11326\/revisions\/16521"}],"up":[{"embeddable":true,"href":"https:\/\/www.lasoci.org\/es\/wp-json\/wp\/v2\/pages\/9623"}],"wp:attachment":[{"href":"https:\/\/www.lasoci.org\/es\/wp-json\/wp\/v2\/media?parent=11326"}],"curies":[{"name":"wp","href":"https:\/\/api.w.org\/{rel}","templated":true}]}}