{"id":10675,"date":"2021-07-22T11:42:10","date_gmt":"2021-07-22T09:42:10","guid":{"rendered":"https:\/\/www.lasoci.org\/app-4\/"},"modified":"2025-07-01T13:17:59","modified_gmt":"2025-07-01T11:17:59","slug":"app","status":"publish","type":"page","link":"https:\/\/www.lasoci.org\/es\/app\/","title":{"rendered":"App"},"content":{"rendered":"<div class=\"wpb-content-wrapper\"><section class=\"l-section wpb_row height_medium\"><div class=\"l-section-h i-cf\"><div class=\"g-cols vc_row type_default valign_top\"><div class=\"vc_col-sm-3 wpb_column vc_column_container\"><div class=\"vc_column-inner\"><div class=\"wpb_wrapper\"><div class=\"w-image align_none\"><div class=\"w-image-h\"><img loading=\"lazy\" decoding=\"async\" width=\"542\" height=\"800\" src=\"https:\/\/www.lasoci.org\/wp-content\/uploads\/2021\/07\/app-movil_ES-542x800.png\" class=\"attachment-us_800_800 size-us_800_800\" alt=\"\" srcset=\"https:\/\/www.lasoci.org\/wp-content\/uploads\/2021\/07\/app-movil_ES-542x800.png 542w, https:\/\/www.lasoci.org\/wp-content\/uploads\/2021\/07\/app-movil_ES-203x300.png 203w, https:\/\/www.lasoci.org\/wp-content\/uploads\/2021\/07\/app-movil_ES-694x1024.png 694w, https:\/\/www.lasoci.org\/wp-content\/uploads\/2021\/07\/app-movil_ES-102x150.png 102w, https:\/\/www.lasoci.org\/wp-content\/uploads\/2021\/07\/app-movil_ES.png 1415w\" sizes=\"auto, (max-width: 542px) 100vw, 542px\" \/><\/div><\/div><\/div><\/div><\/div><div class=\"vc_col-sm-9 wpb_column vc_column_container\"><div class=\"vc_column-inner\"><div class=\"wpb_wrapper\"><div class=\"wpb_text_column\" ><div class=\"wpb_wrapper\"><h4 style=\"text-align: center;\">\u00a1Descubre la app de la Soci!<\/h4>\n<p><strong>\u00a1La Soci en tu bolsillo!<\/strong> Desc\u00e1rgate la app de la Associaci\u00f3 del Personal de \u00abla Caixa\u00bb y lleva la Soci all\u00ed donde est\u00e9s. Podr\u00e1s consultar todas las <strong>actividades e inscribirte<\/strong>, recibir\u00e1s las <strong>notificaciones<\/strong> de los temas de tu inter\u00e9s, llevar\u00e1s el <strong>carn\u00e9 de asociado<\/strong> siempre encima, podr\u00e1s consultar y disfrutar de todas las <strong>ventajas al colectivo<\/strong>, as\u00ed como consultar <strong>v\u00eddeos y revistas<\/strong>, hacer varias <strong>gestiones<\/strong> o <strong>contactar con la Soci<\/strong> si lo necesitas. \u00a1Desc\u00e1rgatela y disfr\u00fatala!<\/p>\n<p>La nueva app dispone de <strong>muchas y nuevas utilidades<\/strong>: puedes indicar tus <strong>preferencias<\/strong> y recibir notificaciones de los temas de tu inter\u00e9s; puedes marcar como <strong>favoritas<\/strong> las ventajas al colectivo para tenerlas siempre a mano; puedes <strong>mostrar el carn\u00e9<\/strong> de asociado para disfrutar de todas las ventajas al colectivo; puedes <strong>darte de alta<\/strong> en la Soci t\u00fa y tambi\u00e9n a tus familiares&#8230; <strong>\u00a1Desc\u00fabrelas todas <a href=\"https:\/\/www.lasoci.org\/wp-content\/uploads\/2021\/07\/app_presentacion_ES.pdf\">aqu\u00ed<\/a>!<\/strong><\/p>\n<p><strong>Desc\u00e1rgatela en las tiendas de Android e iOS:<\/strong><\/p>\n<\/div><\/div><\/div><\/div><\/div><div class=\"vc_col-sm-12 wpb_column vc_column_container\"><div class=\"vc_column-inner\"><div class=\"wpb_wrapper\"><div class=\"w-separator size_small\"><\/div><div class=\"g-cols wpb_row  type_default valign_top vc_inner\"><div class=\"vc_col-sm-3 wpb_column vc_column_container\"><div class=\"vc_column-inner\"><div class=\"wpb_wrapper\"><\/div><\/div><\/div><div class=\"vc_col-sm-3 wpb_column vc_column_container\"><div class=\"vc_column-inner\"><div class=\"wpb_wrapper\"><div class=\"w-image align_none\"><a target=\"_blank\" href=\"https:\/\/play.google.com\/store\/apps\/details?id=com.useit.lasoci\" rel=\"noopener\" aria-label=\"Enlace\" class=\"w-image-h\"><img loading=\"lazy\" decoding=\"async\" width=\"150\" height=\"45\" src=\"https:\/\/www.lasoci.org\/wp-content\/uploads\/2021\/07\/google-play-150x45.png\" class=\"attachment-us_150_150 size-us_150_150\" alt=\"\" srcset=\"https:\/\/www.lasoci.org\/wp-content\/uploads\/2021\/07\/google-play-150x45.png 150w, https:\/\/www.lasoci.org\/wp-content\/uploads\/2021\/07\/google-play-300x90.png 300w, https:\/\/www.lasoci.org\/wp-content\/uploads\/2021\/07\/google-play.png 565w\" sizes=\"auto, (max-width: 150px) 100vw, 150px\" \/><\/a><\/div><\/div><\/div><\/div><div class=\"vc_col-sm-3 wpb_column vc_column_container\"><div class=\"vc_column-inner\"><div class=\"wpb_wrapper\"><div class=\"w-image align_none\"><a target=\"_blank\" href=\"https:\/\/apps.apple.com\/es\/app\/la-soci\/id1046428945\" rel=\"noopener\" aria-label=\"Enlace\" class=\"w-image-h\"><img loading=\"lazy\" decoding=\"async\" width=\"150\" height=\"44\" src=\"https:\/\/www.lasoci.org\/wp-content\/uploads\/2021\/07\/app-store-150x44.png\" class=\"attachment-us_150_150 size-us_150_150\" alt=\"\" srcset=\"https:\/\/www.lasoci.org\/wp-content\/uploads\/2021\/07\/app-store-150x44.png 150w, https:\/\/www.lasoci.org\/wp-content\/uploads\/2021\/07\/app-store-300x89.png 300w, https:\/\/www.lasoci.org\/wp-content\/uploads\/2021\/07\/app-store.png 565w\" sizes=\"auto, (max-width: 150px) 100vw, 150px\" \/><\/a><\/div><\/div><\/div><\/div><div class=\"vc_col-sm-3 wpb_column vc_column_container\"><div class=\"vc_column-inner\"><div class=\"wpb_wrapper\"><\/div><\/div><\/div><\/div><\/div><\/div><\/div><\/div><\/div><\/section>\n<\/div>","protected":false},"excerpt":{"rendered":"\u00a1Descubre la app de la Soci! \u00a1La Soci en tu bolsillo! Desc\u00e1rgate la app de la Associaci\u00f3 del Personal de \u00abla Caixa\u00bb y lleva la Soci all\u00ed donde est\u00e9s. Podr\u00e1s consultar todas las actividades e inscribirte, recibir\u00e1s las notificaciones de los temas de tu inter\u00e9s, llevar\u00e1s el carn\u00e9 de asociado siempre encima, podr\u00e1s consultar y...","protected":false},"author":3,"featured_media":0,"parent":0,"menu_order":0,"comment_status":"closed","ping_status":"closed","template":"","meta":{"footnotes":""},"class_list":["post-10675","page","type-page","status-publish","hentry"],"_links":{"self":[{"href":"https:\/\/www.lasoci.org\/es\/wp-json\/wp\/v2\/pages\/10675","targetHints":{"allow":["GET"]}}],"collection":[{"href":"https:\/\/www.lasoci.org\/es\/wp-json\/wp\/v2\/pages"}],"about":[{"href":"https:\/\/www.lasoci.org\/es\/wp-json\/wp\/v2\/types\/page"}],"author":[{"embeddable":true,"href":"https:\/\/www.lasoci.org\/es\/wp-json\/wp\/v2\/users\/3"}],"replies":[{"embeddable":true,"href":"https:\/\/www.lasoci.org\/es\/wp-json\/wp\/v2\/comments?post=10675"}],"version-history":[{"count":6,"href":"https:\/\/www.lasoci.org\/es\/wp-json\/wp\/v2\/pages\/10675\/revisions"}],"predecessor-version":[{"id":17158,"href":"https:\/\/www.lasoci.org\/es\/wp-json\/wp\/v2\/pages\/10675\/revisions\/17158"}],"wp:attachment":[{"href":"https:\/\/www.lasoci.org\/es\/wp-json\/wp\/v2\/media?parent=10675"}],"curies":[{"name":"wp","href":"https:\/\/api.w.org\/{rel}","templated":true}]}}