{"id":10106,"date":"2021-04-13T12:37:42","date_gmt":"2021-04-13T10:37:42","guid":{"rendered":"https:\/\/www.lasoci.org\/?page_id=10106"},"modified":"2022-02-16T11:26:10","modified_gmt":"2022-02-16T10:26:10","slug":"actividades-sociales-y-talleres-online","status":"publish","type":"page","link":"https:\/\/www.lasoci.org\/es\/que-hacemos\/actividades-sociales-y-talleres-online\/","title":{"rendered":"Talleres y actividades sociales"},"content":{"rendered":"<div class=\"wpb-content-wrapper\"><section class=\"l-section wpb_row height_small color_alternate\"><div class=\"l-section-h i-cf\"><div class=\"g-cols vc_row type_default valign_top\"><div class=\"vc_col-sm-12 wpb_column vc_column_container\"><div class=\"vc_column-inner\"><div class=\"wpb_wrapper\"><div class=\"g-cols wpb_row  type_default valign_top vc_inner\"><div class=\"vc_col-sm-12 wpb_column vc_column_container\"><div class=\"vc_column-inner\"><div class=\"wpb_wrapper\"><div class=\"wpb_text_column\" ><div class=\"wpb_wrapper\"><p>En la Soci organizamos diversas actividades sociales durante el a\u00f1o, como las Copas Associaci\u00f3, encuentros, charlas, presentaciones, fiestas de Reyes Magos, etc. Y, adem\u00e1s, tambi\u00e9n hacemos talleres en l\u00ednea que se pueden seguir en todo el territorio, as\u00ed que todos y todas estamos invitados a participar.<\/p>\n<p>\u00a1Consulta la agenda de actividades sociales y talleres, y no te pierdas ni uno!<\/p>\n<\/div><\/div><\/div><\/div><\/div><\/div><\/div><\/div><\/div><\/div><\/div><\/section><section class=\"l-section wpb_row height_medium\"><div class=\"l-section-h i-cf\"><div class=\"g-cols vc_row type_default valign_top\"><div class=\"vc_col-sm-12 wpb_column vc_column_container\"><div class=\"vc_column-inner\"><div class=\"wpb_wrapper\"><div class=\"g-cols wpb_row  type_default valign_top vc_inner\"><div class=\"vc_col-sm-12 wpb_column vc_column_container\"><div class=\"vc_column-inner\"><div class=\"wpb_wrapper\">[vc_raw_html]JTVCZmluaXNfY2FsZW5kYXJpX3RhbGxlcnMlNUQ=[\/vc_raw_html]<\/div><\/div><\/div><\/div><\/div><\/div><\/div><\/div><\/div><\/section>\n<\/div>","protected":false},"excerpt":{"rendered":"En la Soci organizamos diversas actividades sociales durante el a\u00f1o, como las Copas Associaci\u00f3, encuentros, charlas, presentaciones, fiestas de Reyes Magos, etc. Y, adem\u00e1s, tambi\u00e9n hacemos talleres en l\u00ednea que se pueden seguir en todo el territorio, as\u00ed que todos y todas estamos invitados a participar. \u00a1Consulta la agenda de actividades sociales y talleres, y...","protected":false},"author":3,"featured_media":0,"parent":7917,"menu_order":0,"comment_status":"closed","ping_status":"closed","template":"","meta":{"footnotes":""},"class_list":["post-10106","page","type-page","status-publish","hentry"],"_links":{"self":[{"href":"https:\/\/www.lasoci.org\/es\/wp-json\/wp\/v2\/pages\/10106","targetHints":{"allow":["GET"]}}],"collection":[{"href":"https:\/\/www.lasoci.org\/es\/wp-json\/wp\/v2\/pages"}],"about":[{"href":"https:\/\/www.lasoci.org\/es\/wp-json\/wp\/v2\/types\/page"}],"author":[{"embeddable":true,"href":"https:\/\/www.lasoci.org\/es\/wp-json\/wp\/v2\/users\/3"}],"replies":[{"embeddable":true,"href":"https:\/\/www.lasoci.org\/es\/wp-json\/wp\/v2\/comments?post=10106"}],"version-history":[{"count":9,"href":"https:\/\/www.lasoci.org\/es\/wp-json\/wp\/v2\/pages\/10106\/revisions"}],"predecessor-version":[{"id":11151,"href":"https:\/\/www.lasoci.org\/es\/wp-json\/wp\/v2\/pages\/10106\/revisions\/11151"}],"up":[{"embeddable":true,"href":"https:\/\/www.lasoci.org\/es\/wp-json\/wp\/v2\/pages\/7917"}],"wp:attachment":[{"href":"https:\/\/www.lasoci.org\/es\/wp-json\/wp\/v2\/media?parent=10106"}],"curies":[{"name":"wp","href":"https:\/\/api.w.org\/{rel}","templated":true}]}}